{"id":538455,"date":"2025-09-05T17:36:50","date_gmt":"2025-09-05T14:36:50","guid":{"rendered":"https:\/\/nbg.eu\/product\/ar-15-m16-quick-detach-receiver-end-plate\/"},"modified":"2026-01-21T12:35:08","modified_gmt":"2026-01-21T09:35:08","slug":"ar-15-m16-quick-detach-receiver-end-plate","status":"publish","type":"product","link":"https:\/\/nbg.eu\/ro\/produs\/ar-15-m16-quick-detach-receiver-end-plate\/","title":{"rendered":"AR-15\/M16 QUICK DETACH RECEIVER END PLATE"},"content":{"rendered":"<div class=\"product-description\">\n<h2>Plac\u0103 de cap\u0103t AR-15\/M16 BCMGUNFIGHTER QD<\/h2>\n<p>Ad\u0103uga\u021bi la AR-15 sau M16 placa de cap\u0103t BCMGUNFIGHTER cu deconectare rapid\u0103 (QD). Acest accesoriu este proiectat pentru a oferi versatilitate armei dvs.<\/p>\n<ul>\n<li>Fabricat din o\u021bel pentru durabilitate<\/li>\n<li>Include un punct de prindere cu deconectare rapid\u0103 (QD)<\/li>\n<li>Compatibil cu platformele AR-15 \u0219i AR-308<\/li>\n<li>Permite fixarea pentru instalare sigur\u0103<\/li>\n<li>Fabricat \u00een SUA<\/li>\n<li>Disponibil \u00een finisaj negru<\/li>\n<\/ul>\n<p>Placa de cap\u0103t BCMGUNFIGHTER QD permite ata\u0219area \u0219i deta\u0219area rapid\u0103 a curelelor, \u00eembun\u0103t\u0103\u021bind manevrabilitatea pu\u0219tii \u00een diverse situa\u021bii. Ad\u0103uga\u021bi aceast\u0103 component\u0103 la AR-15 sau M16.<\/p>\n<\/div>\n","protected":false},"excerpt":{"rendered":"<p>Plac\u0103 de cap\u0103t QD din o\u021bel pentru AR-15\/M16. Fabricat\u0103 \u00een SUA, design care poate fi fixat prin deformare.<\/p>\n","protected":false},"featured_media":497166,"template":"","meta":{"_acf_changed":false},"product_brand":[],"product_cat":[12756],"product_tag":[],"class_list":{"0":"post-538455","1":"product","2":"type-product","3":"status-publish","4":"has-post-thumbnail","6":"product_cat-tuning-pusca","8":"first","9":"instock","10":"taxable","11":"shipping-taxable","12":"purchasable","13":"product-type-simple"},"acf":[],"_links":{"self":[{"href":"https:\/\/nbg.eu\/ro\/wp-json\/wp\/v2\/product\/538455","targetHints":{"allow":["GET"]}}],"collection":[{"href":"https:\/\/nbg.eu\/ro\/wp-json\/wp\/v2\/product"}],"about":[{"href":"https:\/\/nbg.eu\/ro\/wp-json\/wp\/v2\/types\/product"}],"wp:featuredmedia":[{"embeddable":true,"href":"https:\/\/nbg.eu\/ro\/wp-json\/wp\/v2\/media\/497166"}],"wp:attachment":[{"href":"https:\/\/nbg.eu\/ro\/wp-json\/wp\/v2\/media?parent=538455"}],"wp:term":[{"taxonomy":"product_brand","embeddable":true,"href":"https:\/\/nbg.eu\/ro\/wp-json\/wp\/v2\/product_brand?post=538455"},{"taxonomy":"product_cat","embeddable":true,"href":"https:\/\/nbg.eu\/ro\/wp-json\/wp\/v2\/product_cat?post=538455"},{"taxonomy":"product_tag","embeddable":true,"href":"https:\/\/nbg.eu\/ro\/wp-json\/wp\/v2\/product_tag?post=538455"}],"curies":[{"name":"wp","href":"https:\/\/api.w.org\/{rel}","templated":true}]}}