{"id":539280,"date":"2025-09-05T17:38:16","date_gmt":"2025-09-05T14:38:16","guid":{"rendered":"https:\/\/nbg.eu\/product\/zero-compromise-optic-zc527-10mil-mpct2x\/"},"modified":"2026-01-21T11:29:44","modified_gmt":"2026-01-21T08:29:44","slug":"zero-compromise-optic-zc527-10mil-mpct2x","status":"publish","type":"product","link":"https:\/\/nbg.eu\/ro\/produs\/zero-compromise-optic-zc527-10mil-mpct2x\/","title":{"rendered":"Zero Compromise Optic ZC527 10MIL MPCT2X"},"content":{"rendered":"<h1>Lunet\u0103 ZC527 10MIL MPCT2X<\/h1>\n<p>ZC527 este o lunet\u0103 de pu\u0219c\u0103 cu lungimea de 387mm \u0219i greutatea de 1122g. Ofer\u0103 urm\u0103toarele caracteristici:<\/p>\n<ul>\n<li>Reglaj eleva\u021bie 35 mil<\/li>\n<li>Reglaj deriv\u0103 20 mil<\/li>\n<li>C\u00e2mp vizual 7m\/100m<\/li>\n<li>Transmisie luminoas\u0103<\/li>\n<li>Rezolu\u021bie \u00eenalt\u0103<\/li>\n<\/ul>\n<p>ZC527 este fabricat\u0103 din materiale de calitate. Este disponibil\u0103 \u00een finisaj standard sau vopsea FDE (flat dark earth).<\/p>\n<p>ZC527 este o lunet\u0103 de pu\u0219c\u0103 pentru tirul de precizie.<\/p>\n","protected":false},"excerpt":{"rendered":"<p>Lunet\u0103 de pu\u0219c\u0103 premium: Claritate inegalabil\u0103, c\u00e2mp vizual larg, reglaje precise.<\/p>\n","protected":false},"featured_media":497396,"template":"","meta":{"_acf_changed":false},"product_brand":[15194],"product_cat":[12746,12759],"product_tag":[],"class_list":{"0":"post-539280","1":"product","2":"type-product","3":"status-publish","4":"has-post-thumbnail","6":"product_brand-zero-compromise-optics","7":"product_cat-ochire","8":"product_cat-optici-cu-magnificare","10":"first","11":"outofstock","12":"taxable","13":"shipping-taxable","14":"purchasable","15":"product-type-simple"},"acf":[],"_links":{"self":[{"href":"https:\/\/nbg.eu\/ro\/wp-json\/wp\/v2\/product\/539280","targetHints":{"allow":["GET"]}}],"collection":[{"href":"https:\/\/nbg.eu\/ro\/wp-json\/wp\/v2\/product"}],"about":[{"href":"https:\/\/nbg.eu\/ro\/wp-json\/wp\/v2\/types\/product"}],"wp:featuredmedia":[{"embeddable":true,"href":"https:\/\/nbg.eu\/ro\/wp-json\/wp\/v2\/media\/497396"}],"wp:attachment":[{"href":"https:\/\/nbg.eu\/ro\/wp-json\/wp\/v2\/media?parent=539280"}],"wp:term":[{"taxonomy":"product_brand","embeddable":true,"href":"https:\/\/nbg.eu\/ro\/wp-json\/wp\/v2\/product_brand?post=539280"},{"taxonomy":"product_cat","embeddable":true,"href":"https:\/\/nbg.eu\/ro\/wp-json\/wp\/v2\/product_cat?post=539280"},{"taxonomy":"product_tag","embeddable":true,"href":"https:\/\/nbg.eu\/ro\/wp-json\/wp\/v2\/product_tag?post=539280"}],"curies":[{"name":"wp","href":"https:\/\/api.w.org\/{rel}","templated":true}]}}