{"id":539904,"date":"2025-09-05T17:40:49","date_gmt":"2025-09-05T14:40:49","guid":{"rendered":"https:\/\/nbg.eu\/product\/badger-ordnance-c1-coaxial-laser-integration-fixture-9-slot-rail-black-700-20b\/"},"modified":"2026-01-21T12:07:04","modified_gmt":"2026-01-21T09:07:04","slug":"badger-ordnance-c1-coaxial-laser-integration-fixture-9-slot-rail-black-700-20b","status":"publish","type":"product","link":"https:\/\/nbg.eu\/ro\/produs\/badger-ordnance-c1-coaxial-laser-integration-fixture-9-slot-rail-black-700-20b\/","title":{"rendered":"BADGER ORDNANCE C1 COAXIAL LASER INTEGRATION FIXTURE 9 SLOT RAIL BLACK (700-20B)"},"content":{"rendered":"<div class=\"product-description\">\n<h2>BADGER ORDNANCE C1 DISPOZITIV DE INTEGRARE LASER COAXIAL CU \u0218IN\u0102 CU 9 SLOTURI NEGRU (700-20B)<\/h2>\n<p>Dispozitiv de integrare laser coaxial Badger Ordnance cu 9 sloturi. Acest accesoriu este proiectat pentru utilizare cu monturile Condition One de la Badger, permi\u021b\u00e2nd integrarea telemetrelor laser montate pe arme.<\/p>\n<ul>\n<li>Compatibil cu ARC pentru montarea laserelor \u0219i telemetrelor deasupra opticii<\/li>\n<li>Se ata\u0219eaz\u0103 f\u0103r\u0103 a \u00eendep\u0103rta capacul inelului accesoriu C1, men\u021bin\u00e2nd reglajul opticii principale<\/li>\n<li>Design cu \u0219in\u0103 cu 9 sloturi pentru op\u021biuni de montare<\/li>\n<li>Finisaj negru<\/li>\n<li>Num\u0103r parte: 700-20B<\/li>\n<\/ul>\n<p>\u00cen stoc \u0219i gata de expediere.<\/p>\n<\/div>\n","protected":false},"excerpt":{"rendered":"<p>BADGER ORDNANCE C1 CLIF: \u0218in\u0103 cu 9 sloturi pentru integrarea laserului pe sistemele optice.<\/p>\n","protected":false},"featured_media":497603,"template":"","meta":{"_acf_changed":false},"product_brand":[11091],"product_cat":[12771,12746,12772],"product_tag":[],"class_list":{"0":"post-539904","1":"product","2":"type-product","3":"status-publish","4":"has-post-thumbnail","6":"product_brand-badger-ordnance","7":"product_cat-accesorii-ochire","8":"product_cat-ochire","9":"product_cat-suporturi","11":"first","12":"instock","13":"taxable","14":"shipping-taxable","15":"purchasable","16":"product-type-simple"},"acf":[],"_links":{"self":[{"href":"https:\/\/nbg.eu\/ro\/wp-json\/wp\/v2\/product\/539904","targetHints":{"allow":["GET"]}}],"collection":[{"href":"https:\/\/nbg.eu\/ro\/wp-json\/wp\/v2\/product"}],"about":[{"href":"https:\/\/nbg.eu\/ro\/wp-json\/wp\/v2\/types\/product"}],"wp:featuredmedia":[{"embeddable":true,"href":"https:\/\/nbg.eu\/ro\/wp-json\/wp\/v2\/media\/497603"}],"wp:attachment":[{"href":"https:\/\/nbg.eu\/ro\/wp-json\/wp\/v2\/media?parent=539904"}],"wp:term":[{"taxonomy":"product_brand","embeddable":true,"href":"https:\/\/nbg.eu\/ro\/wp-json\/wp\/v2\/product_brand?post=539904"},{"taxonomy":"product_cat","embeddable":true,"href":"https:\/\/nbg.eu\/ro\/wp-json\/wp\/v2\/product_cat?post=539904"},{"taxonomy":"product_tag","embeddable":true,"href":"https:\/\/nbg.eu\/ro\/wp-json\/wp\/v2\/product_tag?post=539904"}],"curies":[{"name":"wp","href":"https:\/\/api.w.org\/{rel}","templated":true}]}}