{"id":540044,"date":"2025-09-05T17:41:43","date_gmt":"2025-09-05T14:41:43","guid":{"rendered":"https:\/\/nbg.eu\/product\/dillon-750-650-550-machine-strong-mount\/"},"modified":"2026-01-21T12:05:06","modified_gmt":"2026-01-21T09:05:06","slug":"dillon-750-650-550-machine-strong-mount","status":"publish","type":"product","link":"https:\/\/nbg.eu\/ro\/produs\/dillon-750-650-550-machine-strong-mount\/","title":{"rendered":"Dillon 750\/650\/550 Machine Strong Mount"},"content":{"rendered":"<h2>Suport rezistent pentru ma\u0219ina Dillon 750\/650\/550<\/h2>\n<p>Suportul rezistent pentru Dillon 750\/650\/550 este un accesoriu conceput pentru a \u00eembun\u0103t\u0103\u021bi confortul \u0219i stabilitatea presei Dillon pe bancul de re\u00eenc\u0103rcare.<\/p>\n<ul>\n<li>Compatibil cu modelele RL550, RL550B, RL550C, XL650 \u0219i XL750<\/li>\n<li>Ridic\u0103 \u00een\u0103l\u021bimea presei cu 21,5 cm pentru o ergonomie \u00eembun\u0103t\u0103\u021bit\u0103<\/li>\n<li>Baza mai larg\u0103 reduce vibra\u021biile \u0219i oscila\u021biile pentru o re\u00eenc\u0103rcare precis\u0103<\/li>\n<li>Recomandat pentru to\u021bi utilizatorii de 550, 650 \u0219i 750<\/li>\n<\/ul>\n<p>\u00cen\u0103l\u021bimea m\u0103rit\u0103 \u0219i baza mai mare a suportului creeaz\u0103 o pozi\u021bie de operare mai confortabil\u0103 \u0219i reduc mi\u0219carea presei. Aceast\u0103 stabilitate este important\u0103 pentru ob\u021binerea unor re\u00eenc\u0103rc\u0103ri consecvente \u0219i de calitate.<\/p>\n","protected":false},"excerpt":{"rendered":"<p>Ridica\u021bi \u0219i stabiliza\u021bi presa Dillon pentru un confort \u00eembun\u0103t\u0103\u021bit la re\u00eenc\u0103rcare.<\/p>\n","protected":false},"featured_media":497626,"template":"","meta":{"_acf_changed":false},"product_brand":[14341],"product_cat":[12770,12728,12781],"product_tag":[],"class_list":{"0":"post-540044","1":"product","2":"type-product","3":"status-publish","4":"has-post-thumbnail","6":"product_brand-dillon-precision","7":"product_cat-accesorii-reincarcare","8":"product_cat-masini-de-reincarcare","9":"product_cat-reincarcare","11":"first","12":"outofstock","13":"taxable","14":"shipping-taxable","15":"purchasable","16":"product-type-simple"},"acf":[],"_links":{"self":[{"href":"https:\/\/nbg.eu\/ro\/wp-json\/wp\/v2\/product\/540044","targetHints":{"allow":["GET"]}}],"collection":[{"href":"https:\/\/nbg.eu\/ro\/wp-json\/wp\/v2\/product"}],"about":[{"href":"https:\/\/nbg.eu\/ro\/wp-json\/wp\/v2\/types\/product"}],"wp:featuredmedia":[{"embeddable":true,"href":"https:\/\/nbg.eu\/ro\/wp-json\/wp\/v2\/media\/497626"}],"wp:attachment":[{"href":"https:\/\/nbg.eu\/ro\/wp-json\/wp\/v2\/media?parent=540044"}],"wp:term":[{"taxonomy":"product_brand","embeddable":true,"href":"https:\/\/nbg.eu\/ro\/wp-json\/wp\/v2\/product_brand?post=540044"},{"taxonomy":"product_cat","embeddable":true,"href":"https:\/\/nbg.eu\/ro\/wp-json\/wp\/v2\/product_cat?post=540044"},{"taxonomy":"product_tag","embeddable":true,"href":"https:\/\/nbg.eu\/ro\/wp-json\/wp\/v2\/product_tag?post=540044"}],"curies":[{"name":"wp","href":"https:\/\/api.w.org\/{rel}","templated":true}]}}