{"id":540635,"date":"2025-09-05T17:42:22","date_gmt":"2025-09-05T14:42:22","guid":{"rendered":"https:\/\/nbg.eu\/product\/lyman-pro-trim-die\/"},"modified":"2026-01-21T11:45:39","modified_gmt":"2026-01-21T08:45:39","slug":"lyman-pro-trim-die","status":"publish","type":"product","link":"https:\/\/nbg.eu\/ro\/produs\/lyman-pro-trim-die\/","title":{"rendered":"Lyman Pro Trim Die"},"content":{"rendered":"<div class=\"product-description\">\n<h2>Matri\u021be Lyman Pro Trim<\/h2>\n<p>Matri\u021bele Lyman Pro Trim sunt fabricate \u00een SUA. Aceste matri\u021be includ:<\/p>\n<ul>\n<li>Construc\u021bie din o\u021bel inoxidabil pentru durabilitate<\/li>\n<li>Filet inferior de 7\/8-14, compatibil cu toate presele Lyman, Mark 7 \u0219i alte prese populare de re\u00eenc\u0103rcare<\/li>\n<li>Filet superior de 13\/16-20, conceput pentru dispozitivul de t\u0103iere montat pe pres\u0103 Lyman \u0219i alte op\u021biuni de pe pia\u021b\u0103<\/li>\n<li>Garan\u021bie pe via\u021b\u0103, datorit\u0103 materialelor \u0219i execu\u021biei<\/li>\n<\/ul>\n<p>Matri\u021bele Lyman Pro Trim ofer\u0103 precizie \u0219i versatilitate pentru echipamentul de re\u00eenc\u0103rcare. Aceste matri\u021be ofer\u0103 calitatea \u0219i compatibilitatea necesare pentru rezultate constante \u0219i precise, indiferent dac\u0103 sunte\u021bi un re\u00eenc\u0103rc\u0103tor experimentat sau \u00eencep\u0103tor.<\/p>\n<\/div>\n","protected":false},"excerpt":{"rendered":"<p>Matri\u021b\u0103 de precizie din o\u021bel inoxidabil fabricat\u0103 \u00een SUA pentru t\u0103ierea tuburilor de cartu\u0219e. Compatibil\u0103 cu presa.<\/p>\n","protected":false},"featured_media":497836,"template":"","meta":{"_acf_changed":false},"product_brand":[11281],"product_cat":[12770,12781],"product_tag":[],"class_list":{"0":"post-540635","1":"product","2":"type-product","3":"status-publish","4":"has-post-thumbnail","6":"product_brand-doublealpha","7":"product_cat-accesorii-reincarcare","8":"product_cat-reincarcare","10":"first","11":"outofstock","12":"taxable","13":"shipping-taxable","14":"purchasable","15":"product-type-simple"},"acf":[],"_links":{"self":[{"href":"https:\/\/nbg.eu\/ro\/wp-json\/wp\/v2\/product\/540635","targetHints":{"allow":["GET"]}}],"collection":[{"href":"https:\/\/nbg.eu\/ro\/wp-json\/wp\/v2\/product"}],"about":[{"href":"https:\/\/nbg.eu\/ro\/wp-json\/wp\/v2\/types\/product"}],"wp:featuredmedia":[{"embeddable":true,"href":"https:\/\/nbg.eu\/ro\/wp-json\/wp\/v2\/media\/497836"}],"wp:attachment":[{"href":"https:\/\/nbg.eu\/ro\/wp-json\/wp\/v2\/media?parent=540635"}],"wp:term":[{"taxonomy":"product_brand","embeddable":true,"href":"https:\/\/nbg.eu\/ro\/wp-json\/wp\/v2\/product_brand?post=540635"},{"taxonomy":"product_cat","embeddable":true,"href":"https:\/\/nbg.eu\/ro\/wp-json\/wp\/v2\/product_cat?post=540635"},{"taxonomy":"product_tag","embeddable":true,"href":"https:\/\/nbg.eu\/ro\/wp-json\/wp\/v2\/product_tag?post=540635"}],"curies":[{"name":"wp","href":"https:\/\/api.w.org\/{rel}","templated":true}]}}