{"id":540847,"date":"2025-09-05T18:09:45","date_gmt":"2025-09-05T15:09:45","guid":{"rendered":"https:\/\/nbg.eu\/product\/bullet-berger-cal-6-5-creedmoor-elite-hunter-140gr-100pcs\/"},"modified":"2026-01-21T12:27:40","modified_gmt":"2026-01-21T09:27:40","slug":"bullet-berger-cal-6-5-creedmoor-elite-hunter-140gr-100pcs","status":"publish","type":"product","link":"https:\/\/nbg.eu\/ro\/produs\/bullet-berger-cal-6-5-creedmoor-elite-hunter-140gr-100pcs\/","title":{"rendered":"Bullet Berger cal. 6.5 Creedmoor Elite Hunter 140gr.\/100pcs."},"content":{"rendered":"<h2>Glon\u021b Berger cal. 6.5 Creedmoor Elite Hunter 140gr.\/100buc.<\/h2>\n<p>Muni\u021bia pentru pu\u0219c\u0103 Berger 6.5 Creedmoor 140 Grain Elite Hunter. Proiectat\u0103 pentru v\u00e2n\u0103toarea de v\u00e2nat de dimensiuni medii, acest glon\u021b ofer\u0103:<\/p>\n<ul>\n<li><strong>Consisten\u021b\u0103:<\/strong> Utilizeaz\u0103 \u00eenveli\u0219uri de glon\u021b J4 Precision cu o abatere total\u0103 indicat\u0103 (TIR) de +\/-.0003&#8243;<\/li>\n<li><strong>Ogiva hibrid\u0103:<\/strong> Combin\u0103 forme de nas tangent \u0219i secant pentru traiectorie mai plat\u0103<\/li>\n<li><strong>Miez consistent:<\/strong> Elimin\u0103 necesitatea sort\u0103rii dup\u0103 greutate, asigur\u00e2nd c\u0103dere fiabil\u0103 \u0219i coeficient balistic consistent<\/li>\n<li><strong>Design Boat Tail:<\/strong> Ofer\u0103 avantaj aerodinamic la distan\u021be mai mari<\/li>\n<li><strong>\u00cenveli\u0219 J4 pentru v\u00e2n\u0103toare:<\/strong> Permite penetrare de 2-3&#8243; \u00eenainte de expansiune rapid\u0103<\/li>\n<\/ul>\n<p>Potrivit pentru tir competitiv \u0219i v\u00e2n\u0103toare, 6.5 Creedmoor Elite Hunter ofer\u0103 balistic\u0103 exterioar\u0103, performan\u021b\u0103 terminal\u0103 \u0219i recul optim. Cu un coeficient balistic G1 de 0.606 \u0219i o vitez\u0103 la gura \u021bevii de 2750 fps, aceast\u0103 muni\u021bie ofer\u0103 precizie la distan\u021be mari.<\/p>\n<p>Specifica\u021bii:<\/p>\n<ul>\n<li>Greutate: 140 Grain<\/li>\n<li>Coeficient balistic G7: 0.31<\/li>\n<li>Pas minim: 1:8&#8243; sau mai rapid<\/li>\n<li>COAL maxim: 2.825&#8243;<\/li>\n<li>Energie la gura \u021bevii: 2351 ft-lb<\/li>\n<\/ul>\n<p>Alege\u021bi Berger Elite Hunter pentru urm\u0103toarea v\u00e2n\u0103toare sau competi\u021bie de tir.<\/p>\n","protected":false},"excerpt":{"rendered":"<p>Elite Hunter 6.5 Creedmoor: Glon\u021b precis \u0219i fiabil de 140gr pentru v\u00e2n\u0103toarea animalelor de talie medie.<\/p>\n","protected":false},"featured_media":498858,"template":"","meta":{"_acf_changed":false},"product_brand":[15061],"product_cat":[12798,12781],"product_tag":[],"class_list":{"0":"post-540847","1":"product","2":"type-product","3":"status-publish","4":"has-post-thumbnail","6":"product_brand-berger-bullets","7":"product_cat-munitie","8":"product_cat-reincarcare","10":"first","11":"instock","12":"taxable","13":"shipping-taxable","14":"product-type-simple"},"acf":[],"_links":{"self":[{"href":"https:\/\/nbg.eu\/ro\/wp-json\/wp\/v2\/product\/540847","targetHints":{"allow":["GET"]}}],"collection":[{"href":"https:\/\/nbg.eu\/ro\/wp-json\/wp\/v2\/product"}],"about":[{"href":"https:\/\/nbg.eu\/ro\/wp-json\/wp\/v2\/types\/product"}],"wp:featuredmedia":[{"embeddable":true,"href":"https:\/\/nbg.eu\/ro\/wp-json\/wp\/v2\/media\/498858"}],"wp:attachment":[{"href":"https:\/\/nbg.eu\/ro\/wp-json\/wp\/v2\/media?parent=540847"}],"wp:term":[{"taxonomy":"product_brand","embeddable":true,"href":"https:\/\/nbg.eu\/ro\/wp-json\/wp\/v2\/product_brand?post=540847"},{"taxonomy":"product_cat","embeddable":true,"href":"https:\/\/nbg.eu\/ro\/wp-json\/wp\/v2\/product_cat?post=540847"},{"taxonomy":"product_tag","embeddable":true,"href":"https:\/\/nbg.eu\/ro\/wp-json\/wp\/v2\/product_tag?post=540847"}],"curies":[{"name":"wp","href":"https:\/\/api.w.org\/{rel}","templated":true}]}}