{"id":554502,"date":"2025-09-05T18:19:19","date_gmt":"2025-09-05T15:19:19","guid":{"rendered":"https:\/\/nbg.eu\/product\/magpul-enhanced-ejection-port-cover-for-ar-15\/"},"modified":"2026-01-21T12:24:13","modified_gmt":"2026-01-21T09:24:13","slug":"magpul-enhanced-ejection-port-cover-for-ar-15","status":"publish","type":"product","link":"https:\/\/nbg.eu\/ro\/produs\/magpul-enhanced-ejection-port-cover-for-ar-15\/","title":{"rendered":"MAGPUL ENHANCED EJECTION PORT COVER FOR AR-15"},"content":{"rendered":"<div class=\"product-description\">\n<h2>Capac pentru portul de ejec\u021bie Magpul pentru AR-15<\/h2>\n<p>Capacul pentru portul de ejec\u021bie Magpul pentru AR-15 este o component\u0103 proiectat\u0103 pentru durabilitate \u0219i u\u0219urin\u021b\u0103 \u00een utilizare. Acest capac de protec\u021bie \u00eempotriva prafului include:<\/p>\n<ul>\n<li>Construc\u021bie din polimer injectat rezistent la coroziune \u0219i impact<\/li>\n<li>Instalare simpl\u0103 prin fixare, f\u0103r\u0103 a \u00eendep\u0103rta garda de m\u00e2n\u0103, piuli\u021ba \u021bevii, clemele c sau arcurile<\/li>\n<li>Compatibilitate cu platformele AR-15 de calibru .223 Remington\/5.56<\/li>\n<li>Finisaj negru<\/li>\n<\/ul>\n<p>Capacul pentru portul de ejec\u021bie Magpul ofer\u0103 avantaje \u00een ceea ce prive\u0219te comoditatea \u0219i \u00eentre\u021binerea pentru construc\u021bia sau modernizarea armei dumneavoastr\u0103. Acest accesoriu AR-15 combin\u0103 func\u021bionalitatea cu simplitatea.<\/p>\n<\/div>\n","protected":false},"excerpt":{"rendered":"<p>Capac anti-praf pentru AR-15, rezistent la coroziune, cu fixare rapid\u0103. U\u0219or de instalat.<\/p>\n","protected":false},"featured_media":499454,"template":"","meta":{"_acf_changed":false},"product_brand":[11557],"product_cat":[12795,12779,12756],"product_tag":[],"class_list":{"0":"post-554502","1":"product","2":"type-product","3":"status-publish","4":"has-post-thumbnail","6":"product_brand-magpul","7":"product_cat-arma-lunga","8":"product_cat-reglaj-ar","9":"product_cat-tuning-pusca","11":"first","12":"outofstock","13":"taxable","14":"shipping-taxable","15":"purchasable","16":"product-type-simple"},"acf":[],"_links":{"self":[{"href":"https:\/\/nbg.eu\/ro\/wp-json\/wp\/v2\/product\/554502","targetHints":{"allow":["GET"]}}],"collection":[{"href":"https:\/\/nbg.eu\/ro\/wp-json\/wp\/v2\/product"}],"about":[{"href":"https:\/\/nbg.eu\/ro\/wp-json\/wp\/v2\/types\/product"}],"wp:featuredmedia":[{"embeddable":true,"href":"https:\/\/nbg.eu\/ro\/wp-json\/wp\/v2\/media\/499454"}],"wp:attachment":[{"href":"https:\/\/nbg.eu\/ro\/wp-json\/wp\/v2\/media?parent=554502"}],"wp:term":[{"taxonomy":"product_brand","embeddable":true,"href":"https:\/\/nbg.eu\/ro\/wp-json\/wp\/v2\/product_brand?post=554502"},{"taxonomy":"product_cat","embeddable":true,"href":"https:\/\/nbg.eu\/ro\/wp-json\/wp\/v2\/product_cat?post=554502"},{"taxonomy":"product_tag","embeddable":true,"href":"https:\/\/nbg.eu\/ro\/wp-json\/wp\/v2\/product_tag?post=554502"}],"curies":[{"name":"wp","href":"https:\/\/api.w.org\/{rel}","templated":true}]}}