{"id":575069,"date":"2025-10-10T12:34:49","date_gmt":"2025-10-10T09:34:49","guid":{"rendered":"https:\/\/nbg.eu\/product\/grips-kmr-l-modular-brass\/"},"modified":"2026-04-16T18:39:29","modified_gmt":"2026-04-16T15:39:29","slug":"grips-kmr-l-modular-brass","status":"publish","type":"product","link":"https:\/\/nbg.eu\/ro\/produs\/grips-kmr-l-modular-brass\/","title":{"rendered":"KMR M\u00e2nere L Modular Alam\u0103"},"content":{"rendered":"<h2>M\u00c2NERE KMR L MODULARE DIN ALAM\u0102<\/h2>\n<p><strong>Referin\u021b\u0103:<\/strong> 0611-04101-0316<\/p>\n<p>M\u00e2nerul GRIPS KMR L MODULAR BRASS este proiectat pentru confort \u0219i control, potrivindu-se pe KMR f\u0103r\u0103 magwell. Textura modular\u0103 ofer\u0103 o prindere personalizabil\u0103.<\/p>\n<h2>Arme compatibile:<\/h2>\n<ul>\n<li>KMR L-02 SPECTRA (din 2024)<\/li>\n<li>KMR L-02 SPECTRA (p\u00e2n\u0103 \u00een 2023)<\/li>\n<li>KMR L-02 UMBRA<\/li>\n<li>KMR L-02 UMBRA (din 2024)<\/li>\n<li>KMR L-02 UMBRA (p\u00e2n\u0103 \u00een 2023)<\/li>\n<\/ul>\n<p>Acest m\u00e2ner este conceput pentru a \u00eembun\u0103t\u0103\u021bi manevrarea KMR-ului.<\/p>\n","protected":false},"excerpt":{"rendered":"<p>M\u00e2ner modular din alam\u0103 de dimensiuni complete pentru modelele KMR L-02 SPECTRA\/UMBRA.<\/p>\n","protected":false},"featured_media":575105,"template":"","meta":{"_acf_changed":false},"product_brand":[11498],"product_cat":[12745,14872],"product_tag":[],"class_list":{"0":"post-575069","1":"product","2":"type-product","3":"status-publish","4":"has-post-thumbnail","6":"product_brand-kmr-precision","7":"product_cat-piese-kmr","8":"product_cat-pistol-grips-ro","10":"first","11":"instock","12":"taxable","13":"shipping-taxable","14":"purchasable","15":"product-type-simple"},"acf":[],"_links":{"self":[{"href":"https:\/\/nbg.eu\/ro\/wp-json\/wp\/v2\/product\/575069","targetHints":{"allow":["GET"]}}],"collection":[{"href":"https:\/\/nbg.eu\/ro\/wp-json\/wp\/v2\/product"}],"about":[{"href":"https:\/\/nbg.eu\/ro\/wp-json\/wp\/v2\/types\/product"}],"wp:featuredmedia":[{"embeddable":true,"href":"https:\/\/nbg.eu\/ro\/wp-json\/wp\/v2\/media\/575105"}],"wp:attachment":[{"href":"https:\/\/nbg.eu\/ro\/wp-json\/wp\/v2\/media?parent=575069"}],"wp:term":[{"taxonomy":"product_brand","embeddable":true,"href":"https:\/\/nbg.eu\/ro\/wp-json\/wp\/v2\/product_brand?post=575069"},{"taxonomy":"product_cat","embeddable":true,"href":"https:\/\/nbg.eu\/ro\/wp-json\/wp\/v2\/product_cat?post=575069"},{"taxonomy":"product_tag","embeddable":true,"href":"https:\/\/nbg.eu\/ro\/wp-json\/wp\/v2\/product_tag?post=575069"}],"curies":[{"name":"wp","href":"https:\/\/api.w.org\/{rel}","templated":true}]}}