{"id":575922,"date":"2025-10-10T12:35:14","date_gmt":"2025-10-10T09:35:14","guid":{"rendered":"https:\/\/nbg.eu\/product\/safety-set-kmr-lw-rf\/"},"modified":"2026-04-16T18:39:21","modified_gmt":"2026-04-16T15:39:21","slug":"safety-set-kmr-lw-rf","status":"publish","type":"product","link":"https:\/\/nbg.eu\/ro\/produs\/safety-set-kmr-lw-rf\/","title":{"rendered":"KMR Set Siguran\u021b\u0103 LW-RF"},"content":{"rendered":"<h2>SETUL DE SIGURAN\u021a\u0102 KMR LW-RF<\/h2>\n<p><strong>Referin\u021b\u0103:<\/strong> 0671-03002-0000<\/p>\n<p>\u00cembun\u0103t\u0103\u021be\u0219te siguran\u021ba armei tale KMR cu SETUL NOSTRU DE SIGURAN\u021a\u0102 KMR LW-RF. Acest kit esen\u021bial este conceput pentru a asigura o protec\u021bie \u0219i o func\u021bionalitate optime pentru o gam\u0103 larg\u0103 de modele KMR, inclusiv:<\/p>\n<ul>\n<li>KMR L-02 ORCA (2024 \u0219i mai nou)<\/li>\n<li>KMR L-02 ORCA (2023 \u0219i mai vechi)<\/li>\n<li>KMR L-02 SPECTRA (2023 \u0219i mai vechi)<\/li>\n<li>KMR W-02 CUDA (2024 \u0219i mai nou)<\/li>\n<li>KMR W-02 CUDA (2023 \u0219i mai vechi)<\/li>\n<li>KMR W-02 UMBRA<\/li>\n<li>KMR W-02 UMBRA (OR)<\/li>\n<\/ul>\n<p>SETUL NOSTRU DE SIGURAN\u021a\u0102 KMR LW-RF este proiectat pentru a respecta cele mai \u00eenalte standarde de fiabilitate \u0219i performan\u021b\u0103. Fie c\u0103 folosi\u021bi cel mai recent model ORCA sau clasicul UMBRA, acest set de siguran\u021b\u0103 versatil v\u0103 asigur\u0103 c\u0103 arma dumneavoastr\u0103 func\u021bioneaz\u0103 \u00een condi\u021bii de siguran\u021b\u0103 \u0219i eficien\u021b\u0103. Actualiza\u021bi-v\u0103 arma KMR ast\u0103zi cu acest accesoriu de siguran\u021b\u0103 indispensabil.<\/p>\n","protected":false},"excerpt":{"rendered":"<p>Set esen\u021bial de siguran\u021b\u0103 pentru armele KMR, compatibil cu multiple modele<\/p>\n","protected":false},"featured_media":575946,"template":"","meta":{"_acf_changed":false},"product_brand":[],"product_cat":[12745],"product_tag":[],"class_list":{"0":"post-575922","1":"product","2":"type-product","3":"status-publish","4":"has-post-thumbnail","6":"product_cat-piese-kmr","8":"first","9":"outofstock","10":"taxable","11":"shipping-taxable","12":"purchasable","13":"product-type-simple"},"acf":[],"_links":{"self":[{"href":"https:\/\/nbg.eu\/ro\/wp-json\/wp\/v2\/product\/575922","targetHints":{"allow":["GET"]}}],"collection":[{"href":"https:\/\/nbg.eu\/ro\/wp-json\/wp\/v2\/product"}],"about":[{"href":"https:\/\/nbg.eu\/ro\/wp-json\/wp\/v2\/types\/product"}],"wp:featuredmedia":[{"embeddable":true,"href":"https:\/\/nbg.eu\/ro\/wp-json\/wp\/v2\/media\/575946"}],"wp:attachment":[{"href":"https:\/\/nbg.eu\/ro\/wp-json\/wp\/v2\/media?parent=575922"}],"wp:term":[{"taxonomy":"product_brand","embeddable":true,"href":"https:\/\/nbg.eu\/ro\/wp-json\/wp\/v2\/product_brand?post=575922"},{"taxonomy":"product_cat","embeddable":true,"href":"https:\/\/nbg.eu\/ro\/wp-json\/wp\/v2\/product_cat?post=575922"},{"taxonomy":"product_tag","embeddable":true,"href":"https:\/\/nbg.eu\/ro\/wp-json\/wp\/v2\/product_tag?post=575922"}],"curies":[{"name":"wp","href":"https:\/\/api.w.org\/{rel}","templated":true}]}}