{"id":582262,"date":"2025-10-10T18:10:10","date_gmt":"2025-10-10T15:10:10","guid":{"rendered":"https:\/\/nbg.eu\/product\/daa-magnet-inc-screw-and-thermal-nut-for-racer-pouch\/"},"modified":"2026-01-21T11:37:55","modified_gmt":"2026-01-21T08:37:55","slug":"daa-magnet-inc-screw-and-thermal-nut-for-racer-pouch","status":"publish","type":"product","link":"https:\/\/nbg.eu\/ro\/produs\/daa-magnet-inc-screw-and-thermal-nut-for-racer-pouch\/","title":{"rendered":"DAA Magnet inc. screw and thermal nut for racer pouch"},"content":{"rendered":"<div class=\"product-description\">\n<h2>Kit de magnet DAA pentru tocuri Racer cu \u00eenc\u0103rc\u0103tor simplu<\/h2>\n<p>Actualiza\u021bi tocul DAA Racer cu \u00eenc\u0103rc\u0103tor simplu cu aceast\u0103 solu\u021bie de montare magnetic\u0103. Kitul nostru include:<\/p>\n<ul>\n<li>Magnet N42 mare de 42mm<\/li>\n<li>Piuli\u021b\u0103 M5 \u00eencastrat\u0103<\/li>\n<li>\u0218urub M5 de 12mm<\/li>\n<\/ul>\n<p>Instalarea este rapid\u0103, utiliz\u00e2nd gaura existent\u0103 pe partea exterioar\u0103 a tocului. Pentru rezultate optime:<\/p>\n<ol>\n<li>Determina\u021bi \u0219i fixa\u021bi unghiul dorit al tocului \u00eenainte de instalare<\/li>\n<li>Instala\u021bi magnetul folosind componentele furnizate<\/li>\n<\/ol>\n<p><strong>Not\u0103:<\/strong> Dup\u0103 instalare, accesul la \u0219urubul central de montare poate fi limitat. Lua\u021bi \u00een considerare crearea unei chei hexagonale personalizate de 3mm cu bra\u021b scurt pentru ajust\u0103ri viitoare.<\/p>\n<p>Acest kit de montare magnetic\u0103 \u00eembun\u0103t\u0103\u021be\u0219te versatilitatea \u0219i comoditatea tocului dumneavoastr\u0103.<\/p>\n<\/div>\n","protected":false},"excerpt":{"rendered":"<p>Kit de montare magnetic\u0103 pentru tocurile DAA Single Stack Racer. Instalare u\u0219oar\u0103.<\/p>\n","protected":false},"featured_media":582284,"template":"","meta":{"_acf_changed":false},"product_brand":[11281],"product_cat":[12729,12803,12793],"product_tag":[],"class_list":{"0":"post-582262","1":"product","2":"type-product","3":"status-publish","4":"has-post-thumbnail","6":"product_brand-doublealpha","7":"product_cat-curele-sport","8":"product_cat-echipament","9":"product_cat-genti-tactice","11":"first","12":"instock","13":"taxable","14":"shipping-taxable","15":"purchasable","16":"product-type-simple"},"acf":[],"_links":{"self":[{"href":"https:\/\/nbg.eu\/ro\/wp-json\/wp\/v2\/product\/582262","targetHints":{"allow":["GET"]}}],"collection":[{"href":"https:\/\/nbg.eu\/ro\/wp-json\/wp\/v2\/product"}],"about":[{"href":"https:\/\/nbg.eu\/ro\/wp-json\/wp\/v2\/types\/product"}],"wp:featuredmedia":[{"embeddable":true,"href":"https:\/\/nbg.eu\/ro\/wp-json\/wp\/v2\/media\/582284"}],"wp:attachment":[{"href":"https:\/\/nbg.eu\/ro\/wp-json\/wp\/v2\/media?parent=582262"}],"wp:term":[{"taxonomy":"product_brand","embeddable":true,"href":"https:\/\/nbg.eu\/ro\/wp-json\/wp\/v2\/product_brand?post=582262"},{"taxonomy":"product_cat","embeddable":true,"href":"https:\/\/nbg.eu\/ro\/wp-json\/wp\/v2\/product_cat?post=582262"},{"taxonomy":"product_tag","embeddable":true,"href":"https:\/\/nbg.eu\/ro\/wp-json\/wp\/v2\/product_tag?post=582262"}],"curies":[{"name":"wp","href":"https:\/\/api.w.org\/{rel}","templated":true}]}}