{"id":582872,"date":"2025-10-10T12:39:54","date_gmt":"2025-10-10T09:39:54","guid":{"rendered":"https:\/\/nbg.eu\/product\/barwarus-muzzle-break-bulldog-m24x1-5rh-black\/"},"modified":"2026-01-21T11:34:38","modified_gmt":"2026-01-21T08:34:38","slug":"barwarus-muzzle-break-bulldog-m24x1-5rh-black","status":"publish","type":"product","link":"https:\/\/nbg.eu\/ro\/produs\/barwarus-muzzle-break-bulldog-m24x1-5rh-black\/","title":{"rendered":"BARWARUS MUZZLE BREAK BULLDOG M24X1.5RH BLACK"},"content":{"rendered":"<div class=\"product-description\">\n<h1>BARWARUS Bulldog 021 Compensator din O\u021bel M24x1.5 RH Rusesc<\/h1>\n<p>Versiunea II a fr\u00e2nei de gur\u0103 BARWARUS Bulldog, pentru pu\u0219ti de calibru 5.45 \u0219i 7.62. Acest compensator este fabricat din o\u021bel \u0219i are un strat protector negru.<\/p>\n<h2>Caracteristici principale:<\/h2>\n<ul>\n<li>Filet extern M24x1.5 RH (pe dreapta)<\/li>\n<li>Conceput pentru a reduce reculul<\/li>\n<li>Construit din o\u021bel<\/li>\n<li>Strat protector negru<\/li>\n<\/ul>\n<p>Compensatorul BARWARUS Bulldog 021 reduce reculul, permi\u021b\u00e2nd focuri de urm\u0103rire mai rapide \u0219i precizie \u00eembun\u0103t\u0103\u021bit\u0103. Construc\u021bia sa asigur\u0103 performan\u021b\u0103 \u00een diferite condi\u021bii de tragere.<\/p>\n<p>BARWARUS Bulldog 021 poate \u00eembun\u0103t\u0103\u021bi precizia \u0219i controlul la tragere.<\/p>\n<\/div>\n","protected":false},"excerpt":{"rendered":"<p>Fr\u00e2n\u0103 de gur\u0103 din o\u021bel pentru pu\u0219ti. Reduce reculul. Filet M24x1.5 dreapta.<\/p>\n","protected":false},"featured_media":582898,"template":"","meta":{"_acf_changed":false},"product_brand":[],"product_cat":[12811],"product_tag":[],"class_list":{"0":"post-582872","1":"product","2":"type-product","3":"status-publish","4":"has-post-thumbnail","6":"product_cat-necategorizat","8":"first","9":"outofstock","10":"taxable","11":"shipping-taxable","12":"purchasable","13":"product-type-simple"},"acf":[],"_links":{"self":[{"href":"https:\/\/nbg.eu\/ro\/wp-json\/wp\/v2\/product\/582872","targetHints":{"allow":["GET"]}}],"collection":[{"href":"https:\/\/nbg.eu\/ro\/wp-json\/wp\/v2\/product"}],"about":[{"href":"https:\/\/nbg.eu\/ro\/wp-json\/wp\/v2\/types\/product"}],"wp:featuredmedia":[{"embeddable":true,"href":"https:\/\/nbg.eu\/ro\/wp-json\/wp\/v2\/media\/582898"}],"wp:attachment":[{"href":"https:\/\/nbg.eu\/ro\/wp-json\/wp\/v2\/media?parent=582872"}],"wp:term":[{"taxonomy":"product_brand","embeddable":true,"href":"https:\/\/nbg.eu\/ro\/wp-json\/wp\/v2\/product_brand?post=582872"},{"taxonomy":"product_cat","embeddable":true,"href":"https:\/\/nbg.eu\/ro\/wp-json\/wp\/v2\/product_cat?post=582872"},{"taxonomy":"product_tag","embeddable":true,"href":"https:\/\/nbg.eu\/ro\/wp-json\/wp\/v2\/product_tag?post=582872"}],"curies":[{"name":"wp","href":"https:\/\/api.w.org\/{rel}","templated":true}]}}