{"id":583034,"date":"2025-10-08T23:36:42","date_gmt":"2025-10-08T20:36:42","guid":{"rendered":"https:\/\/nbg.eu\/product\/utg-pro-m-lok-light-mount-for-mp5\/"},"modified":"2026-02-27T15:51:17","modified_gmt":"2026-02-27T12:51:17","slug":"utg-pro-m-lok-light-mount-for-mp5","status":"publish","type":"product","link":"https:\/\/nbg.eu\/ro\/produs\/utg-pro-m-lok-light-mount-for-mp5\/","title":{"rendered":"UTG PRO\u00ae M-LOK\u00ae Light Mount, for MP5\u00ae"},"content":{"rendered":"<div class=\"product-description\">\n<h1>Suport de lumin\u0103 UTG PRO\u00ae M-LOK\u00ae, pentru MP5\u00ae<\/h1>\n<p><strong>SKU:<\/strong> MTU058SSM<\/p>\n<p>Suportul de lumin\u0103 UTG PRO\u00ae M-LOK\u00ae pentru MP5\u00ae este fabricat \u00een SUA. Acest accesoriu se ata\u0219eaz\u0103 la dispozitivul de ochire frontal f\u0103r\u0103 a interfera cu p\u0103r\u021bile frontale, oferind o platform\u0103 pentru lumini, comutatoare \u0219i alte accesorii.<\/p>\n<h2>Caracteristici principale:<\/h2>\n<ul>\n<li>Proiectat \u0219i fabricat \u00een SUA<\/li>\n<li>Construit din aluminiu anodizat negru mat<\/li>\n<li>Sloturi M-LOK\u00ae \u00een pozi\u021biile 11, 12 \u0219i 1 pe cadran<\/li>\n<li>Compatibil cu pistoale \u0219i pu\u0219ti de tip MP5 (nu pentru receptoare de tip K)<\/li>\n<li>Se ata\u0219eaz\u0103 la dispozitivul de ochire frontal<\/li>\n<\/ul>\n<p>Acest suport de lumin\u0103 este disponibil pentru MP5\u00ae.<\/p>\n<\/div>\n","protected":false},"excerpt":{"rendered":"<p>Montur\u0103 pentru lumin\u0103 MP5\u00ae fabricat\u0103 \u00een SUA. Sloturi M-LOK\u00ae, potrivire sigur\u0103, versatil\u0103.<\/p>\n","protected":false},"featured_media":583201,"template":"","meta":{"_acf_changed":false},"product_brand":[14417],"product_cat":[14957,369],"product_tag":[],"class_list":{"0":"post-583034","1":"product","2":"type-product","3":"status-publish","4":"has-post-thumbnail","6":"product_brand-leapers-inc","7":"product_cat-m-lok-rail-systems-ro","8":"product_cat-uncategorized","10":"first","11":"instock","12":"taxable","13":"shipping-taxable","14":"purchasable","15":"product-type-simple"},"acf":[],"_links":{"self":[{"href":"https:\/\/nbg.eu\/ro\/wp-json\/wp\/v2\/product\/583034","targetHints":{"allow":["GET"]}}],"collection":[{"href":"https:\/\/nbg.eu\/ro\/wp-json\/wp\/v2\/product"}],"about":[{"href":"https:\/\/nbg.eu\/ro\/wp-json\/wp\/v2\/types\/product"}],"wp:featuredmedia":[{"embeddable":true,"href":"https:\/\/nbg.eu\/ro\/wp-json\/wp\/v2\/media\/583201"}],"wp:attachment":[{"href":"https:\/\/nbg.eu\/ro\/wp-json\/wp\/v2\/media?parent=583034"}],"wp:term":[{"taxonomy":"product_brand","embeddable":true,"href":"https:\/\/nbg.eu\/ro\/wp-json\/wp\/v2\/product_brand?post=583034"},{"taxonomy":"product_cat","embeddable":true,"href":"https:\/\/nbg.eu\/ro\/wp-json\/wp\/v2\/product_cat?post=583034"},{"taxonomy":"product_tag","embeddable":true,"href":"https:\/\/nbg.eu\/ro\/wp-json\/wp\/v2\/product_tag?post=583034"}],"curies":[{"name":"wp","href":"https:\/\/api.w.org\/{rel}","templated":true}]}}