{"id":58455,"date":"2024-02-17T21:23:00","date_gmt":"2024-02-17T18:23:00","guid":{"rendered":"https:\/\/nbg.eu\/product\/magazine-well-reaction-block-geissele-vise-block\/"},"modified":"2026-04-21T17:59:51","modified_gmt":"2026-04-21T14:59:51","slug":"magazine-well-reaction-block-geissele-vise-block","status":"publish","type":"product","link":"https:\/\/nbg.eu\/ro\/produs\/magazine-well-reaction-block-geissele-vise-block\/","title":{"rendered":"Geissele Bloc pentru Menghin\u0103 Vise Block"},"content":{"rendered":"<p><strong>Geissele Automatics Magazine Well Vise Block<\/strong> este un instrument pentru receptoarele AR15\/M4 \u0219i AR10\/SR25. Acest dispozitiv fabricat \u00een SUA ofer\u0103:<\/p>\n<ul>\n<li>Platform\u0103 stabil\u0103 pentru opera\u021biunile pe receptorul inferior<\/li>\n<li>Instalare facil\u0103 a piuli\u021bei MLOK<\/li>\n<li>Asamblare simplificat\u0103 a tubului de amortizare<\/li>\n<li>Capacitate de lucru f\u0103r\u0103 m\u00e2ini<\/li>\n<\/ul>\n<p>Monta\u021bi-l pe bancul de lucru pentru opera\u021biuni eficiente.<\/p>\n","protected":false},"excerpt":{"rendered":"<p>Supor\u021bi siguri pentru p\u0103r\u021bile inferioare ale AR15\/M4\/AR10\/SR25 pentru lucru cu m\u00e2inile libere. Fabricat \u00een SUA.<\/p>\n","protected":false},"featured_media":58456,"template":"","meta":{"_acf_changed":false},"product_brand":[11395],"product_cat":[12775],"product_tag":[],"class_list":{"0":"post-58455","1":"product","2":"type-product","3":"status-publish","4":"has-post-thumbnail","6":"product_brand-geissele","7":"product_cat-unelte","9":"first","10":"outofstock","11":"taxable","12":"shipping-taxable","13":"product-type-simple"},"acf":[],"_links":{"self":[{"href":"https:\/\/nbg.eu\/ro\/wp-json\/wp\/v2\/product\/58455","targetHints":{"allow":["GET"]}}],"collection":[{"href":"https:\/\/nbg.eu\/ro\/wp-json\/wp\/v2\/product"}],"about":[{"href":"https:\/\/nbg.eu\/ro\/wp-json\/wp\/v2\/types\/product"}],"wp:featuredmedia":[{"embeddable":true,"href":"https:\/\/nbg.eu\/ro\/wp-json\/wp\/v2\/media\/58456"}],"wp:attachment":[{"href":"https:\/\/nbg.eu\/ro\/wp-json\/wp\/v2\/media?parent=58455"}],"wp:term":[{"taxonomy":"product_brand","embeddable":true,"href":"https:\/\/nbg.eu\/ro\/wp-json\/wp\/v2\/product_brand?post=58455"},{"taxonomy":"product_cat","embeddable":true,"href":"https:\/\/nbg.eu\/ro\/wp-json\/wp\/v2\/product_cat?post=58455"},{"taxonomy":"product_tag","embeddable":true,"href":"https:\/\/nbg.eu\/ro\/wp-json\/wp\/v2\/product_tag?post=58455"}],"curies":[{"name":"wp","href":"https:\/\/api.w.org\/{rel}","templated":true}]}}