{"id":62064,"date":"2024-02-14T07:49:55","date_gmt":"2024-02-14T07:49:55","guid":{"rendered":"https:\/\/nbg.eu\/product\/geissele-ssa-e-x-trigger-with-lightning-bow\/"},"modified":"2026-05-13T15:10:47","modified_gmt":"2026-05-13T12:10:47","slug":"geissele-ssa-e-x-trigger-with-lightning-bow","status":"publish","type":"product","link":"https:\/\/nbg.eu\/ro\/produs\/geissele-ssa-e-x-trigger-with-lightning-bow\/","title":{"rendered":"Geissele Tr\u0103gaci SSA-E X with Lightning Bow"},"content":{"rendered":"<div class=\"product-description\">\n<h2>Tr\u0103gaci Geissele SSA-E X cu Lightning Bow\u00ae<\/h2>\n<p>Tr\u0103gaciul SSA-E X\u2122 cu Lightning Bow\u00ae ofer\u0103 control asupra tragerii. Acest tr\u0103gaci include:<\/p>\n<ul>\n<li>Profil semi-curbat, cu corp larg<\/li>\n<li>Acoperire Nanoweapon pentru durabilitate<\/li>\n<li>Prima etap\u0103 de ap\u0103sare u\u0219oar\u0103<\/li>\n<li>A doua etap\u0103 de declan\u0219are precis\u0103<\/li>\n<\/ul>\n<p>Potrivit pentru pu\u0219tile de precizie ale tr\u0103g\u0103torilor desemna\u021bi, SSA-E X\u2122 ofer\u0103 precizie \u0219i fiabilitate. Designul s\u0103u combin\u0103 elemente ale tr\u0103gacilor curba\u021bi \u0219i pla\u021bi, asigur\u00e2nd performan\u021b\u0103 chiar \u0219i cu lubrifiere minim\u0103.<\/p>\n<\/div>\n","protected":false},"excerpt":{"rendered":"<p>Tr\u0103gaci AR de precizie cu design hibrid de arc pentru control \u0219i precizie superioare.<\/p>\n","protected":false},"featured_media":62065,"template":"","meta":{"_acf_changed":false},"product_brand":[11395],"product_cat":[12795,12807,12756],"product_tag":[],"class_list":{"0":"post-62064","1":"product","2":"type-product","3":"status-publish","4":"has-post-thumbnail","6":"product_brand-geissele","7":"product_cat-arma-lunga","8":"product_cat-tragaci","9":"product_cat-tuning-pusca","11":"first","12":"outofstock","13":"taxable","14":"shipping-taxable","15":"product-type-simple"},"acf":[],"_links":{"self":[{"href":"https:\/\/nbg.eu\/ro\/wp-json\/wp\/v2\/product\/62064","targetHints":{"allow":["GET"]}}],"collection":[{"href":"https:\/\/nbg.eu\/ro\/wp-json\/wp\/v2\/product"}],"about":[{"href":"https:\/\/nbg.eu\/ro\/wp-json\/wp\/v2\/types\/product"}],"wp:featuredmedia":[{"embeddable":true,"href":"https:\/\/nbg.eu\/ro\/wp-json\/wp\/v2\/media\/62065"}],"wp:attachment":[{"href":"https:\/\/nbg.eu\/ro\/wp-json\/wp\/v2\/media?parent=62064"}],"wp:term":[{"taxonomy":"product_brand","embeddable":true,"href":"https:\/\/nbg.eu\/ro\/wp-json\/wp\/v2\/product_brand?post=62064"},{"taxonomy":"product_cat","embeddable":true,"href":"https:\/\/nbg.eu\/ro\/wp-json\/wp\/v2\/product_cat?post=62064"},{"taxonomy":"product_tag","embeddable":true,"href":"https:\/\/nbg.eu\/ro\/wp-json\/wp\/v2\/product_tag?post=62064"}],"curies":[{"name":"wp","href":"https:\/\/api.w.org\/{rel}","templated":true}]}}