{"id":62342,"date":"2024-02-14T10:09:17","date_gmt":"2024-02-14T07:09:17","guid":{"rendered":"https:\/\/nbg.eu\/product\/geissele-super-semi-automatic-ssa-trigger\/"},"modified":"2026-02-27T15:50:41","modified_gmt":"2026-02-27T12:50:41","slug":"geissele-super-semi-automatic-ssa-trigger","status":"publish","type":"product","link":"https:\/\/nbg.eu\/ro\/produs\/geissele-super-semi-automatic-ssa-trigger\/","title":{"rendered":"Geissele Super Semi-Automatic (SSA\u00ae) Trigger"},"content":{"rendered":"<h2>Tr\u0103gaci Geissele Super Semi-Automat (SSA\u00ae)<\/h2>\n<p>Tr\u0103gaciul Geissele SSA\u00ae este o adaptare semi-automat\u0103 a tr\u0103gaciului Super Select-Fire. Acest tr\u0103gaci \u00een dou\u0103 etape, neajustabil, ofer\u0103:<\/p>\n<ul>\n<li>Precizie pentru trageri exacte<\/li>\n<li>Versatilitate pentru lupta \u00een spa\u021bii restr\u00e2nse<\/li>\n<li>Certificare de siguran\u021b\u0103 de la Centrul Naval de R\u0103zboi de Suprafa\u021b\u0103 Crane<\/li>\n<li>Potrivit pentru for\u021bele de ordine \u0219i medii dinamice<\/li>\n<\/ul>\n<p>Designul SSA\u00ae ofer\u0103 o atingere u\u0219oar\u0103 pentru precizie la distan\u021b\u0103 mare, men\u021bin\u00e2nd toleran\u021ba necesar\u0103 pentru situa\u021bii de tragere rapid\u0103. Pentru lucrul cu carabina la distan\u021b\u0103 medie sau \u00een scenarii cu stres ridicat, tr\u0103gaciul Geissele SSA\u00ae ofer\u0103 performan\u021b\u0103 consecvent\u0103 \u0219i fiabil\u0103.<\/p>\n<p>Acest sistem de tr\u0103gaci a fost testat \u00een lupt\u0103.<\/p>\n","protected":false},"excerpt":{"rendered":"<p>Tr\u0103gaci de precizie \u00een dou\u0103 etape pentru tragere versatil\u0103 \u0219i precis\u0103.<\/p>\n","protected":false},"featured_media":62270,"template":"","meta":{"_acf_changed":false},"product_brand":[11395],"product_cat":[12795,12807,12756],"product_tag":[],"class_list":{"0":"post-62342","1":"product","2":"type-product","3":"status-publish","4":"has-post-thumbnail","6":"product_brand-geissele","7":"product_cat-arma-lunga","8":"product_cat-tragaci","9":"product_cat-tuning-pusca","11":"first","12":"instock","13":"taxable","14":"shipping-taxable","15":"product-type-simple"},"acf":[],"_links":{"self":[{"href":"https:\/\/nbg.eu\/ro\/wp-json\/wp\/v2\/product\/62342","targetHints":{"allow":["GET"]}}],"collection":[{"href":"https:\/\/nbg.eu\/ro\/wp-json\/wp\/v2\/product"}],"about":[{"href":"https:\/\/nbg.eu\/ro\/wp-json\/wp\/v2\/types\/product"}],"wp:featuredmedia":[{"embeddable":true,"href":"https:\/\/nbg.eu\/ro\/wp-json\/wp\/v2\/media\/62270"}],"wp:attachment":[{"href":"https:\/\/nbg.eu\/ro\/wp-json\/wp\/v2\/media?parent=62342"}],"wp:term":[{"taxonomy":"product_brand","embeddable":true,"href":"https:\/\/nbg.eu\/ro\/wp-json\/wp\/v2\/product_brand?post=62342"},{"taxonomy":"product_cat","embeddable":true,"href":"https:\/\/nbg.eu\/ro\/wp-json\/wp\/v2\/product_cat?post=62342"},{"taxonomy":"product_tag","embeddable":true,"href":"https:\/\/nbg.eu\/ro\/wp-json\/wp\/v2\/product_tag?post=62342"}],"curies":[{"name":"wp","href":"https:\/\/api.w.org\/{rel}","templated":true}]}}