{"id":62853,"date":"2024-01-25T20:40:36","date_gmt":"2024-09-16T12:17:36","guid":{"rendered":"https:\/\/nbg.eu\/product\/iosso-shotgun-adapter-brass-8-32-to-5-16-27\/"},"modified":"2026-05-13T15:59:49","modified_gmt":"2026-05-13T12:59:49","slug":"iosso-shotgun-adapter-brass-8-32-to-5-16-27","status":"publish","type":"product","link":"https:\/\/nbg.eu\/ro\/produs\/iosso-shotgun-adapter-brass-8-32-to-5-16-27\/","title":{"rendered":"Iosso Shotgun Adapter brass 8\/32 to 5\/16-27"},"content":{"rendered":"<p>\nAdaptor pentru pu\u0219c\u0103 Iosso: 8\/32 tat\u0103 la 5\/16-27 mam\u0103. Converte\u0219te tijele pentru periile de pu\u0219c\u0103. Alam\u0103 solid\u0103, fabricat \u00een SUA.<\/p>\n","protected":false},"excerpt":{"rendered":"<p>Adaptor din alam\u0103: filet exterior 8\/32 la filet interior 5\/16-27. Pentru perii de pu\u0219c\u0103. Fabricat \u00een SUA.<\/p>\n","protected":false},"featured_media":107316,"template":"","meta":{"_acf_changed":false},"product_brand":[11474],"product_cat":[12737,14789,12754],"product_tag":[],"class_list":{"0":"post-62853","1":"product","2":"type-product","3":"status-publish","4":"has-post-thumbnail","6":"product_brand-iosso","7":"product_cat-curatare-arma","8":"product_cat-jag-uri","9":"product_cat-perii","11":"first","12":"instock","13":"taxable","14":"shipping-taxable","15":"purchasable","16":"product-type-simple"},"acf":[],"_links":{"self":[{"href":"https:\/\/nbg.eu\/ro\/wp-json\/wp\/v2\/product\/62853","targetHints":{"allow":["GET"]}}],"collection":[{"href":"https:\/\/nbg.eu\/ro\/wp-json\/wp\/v2\/product"}],"about":[{"href":"https:\/\/nbg.eu\/ro\/wp-json\/wp\/v2\/types\/product"}],"wp:featuredmedia":[{"embeddable":true,"href":"https:\/\/nbg.eu\/ro\/wp-json\/wp\/v2\/media\/107316"}],"wp:attachment":[{"href":"https:\/\/nbg.eu\/ro\/wp-json\/wp\/v2\/media?parent=62853"}],"wp:term":[{"taxonomy":"product_brand","embeddable":true,"href":"https:\/\/nbg.eu\/ro\/wp-json\/wp\/v2\/product_brand?post=62853"},{"taxonomy":"product_cat","embeddable":true,"href":"https:\/\/nbg.eu\/ro\/wp-json\/wp\/v2\/product_cat?post=62853"},{"taxonomy":"product_tag","embeddable":true,"href":"https:\/\/nbg.eu\/ro\/wp-json\/wp\/v2\/product_tag?post=62853"}],"curies":[{"name":"wp","href":"https:\/\/api.w.org\/{rel}","templated":true}]}}