{"id":63109,"date":"2024-01-24T18:43:40","date_gmt":"2024-09-16T12:56:17","guid":{"rendered":"https:\/\/nbg.eu\/product\/iosso-ar-bolt-carrier-key-tube-brush\/"},"modified":"2026-01-21T12:21:15","modified_gmt":"2026-01-21T09:21:15","slug":"iosso-ar-bolt-carrier-key-tube-brush","status":"publish","type":"product","link":"https:\/\/nbg.eu\/ro\/produs\/iosso-ar-bolt-carrier-key-tube-brush\/","title":{"rendered":"Iosso AR Bolt Carrier Key Tube Brush"},"content":{"rendered":"<p>\nPeria pentru tubul cheii portculisei Iosso AR: Potrivire exact\u0103, \u00eendep\u0103rteaz\u0103 depunerile de carbon. Folosi\u021bi cu ulei Iosso. Nu las\u0103 reziduuri. Util\u0103 pentru \u00eentre\u021binerea AR.<\/p>\n","protected":false},"excerpt":{"rendered":"<p>Perie pentru tubul cheii portcurei Iosso AR: Cur\u0103\u021ba\u021bi eficient acumul\u0103rile de carbon.<\/p>\n","protected":false},"featured_media":102292,"template":"","meta":{"_acf_changed":false},"product_brand":[11474],"product_cat":[12737,12754],"product_tag":[],"class_list":{"0":"post-63109","1":"product","2":"type-product","3":"status-publish","4":"has-post-thumbnail","6":"product_brand-iosso","7":"product_cat-curatare-arma","8":"product_cat-perii","10":"first","11":"instock","12":"taxable","13":"shipping-taxable","14":"purchasable","15":"product-type-simple"},"acf":[],"_links":{"self":[{"href":"https:\/\/nbg.eu\/ro\/wp-json\/wp\/v2\/product\/63109","targetHints":{"allow":["GET"]}}],"collection":[{"href":"https:\/\/nbg.eu\/ro\/wp-json\/wp\/v2\/product"}],"about":[{"href":"https:\/\/nbg.eu\/ro\/wp-json\/wp\/v2\/types\/product"}],"wp:featuredmedia":[{"embeddable":true,"href":"https:\/\/nbg.eu\/ro\/wp-json\/wp\/v2\/media\/102292"}],"wp:attachment":[{"href":"https:\/\/nbg.eu\/ro\/wp-json\/wp\/v2\/media?parent=63109"}],"wp:term":[{"taxonomy":"product_brand","embeddable":true,"href":"https:\/\/nbg.eu\/ro\/wp-json\/wp\/v2\/product_brand?post=63109"},{"taxonomy":"product_cat","embeddable":true,"href":"https:\/\/nbg.eu\/ro\/wp-json\/wp\/v2\/product_cat?post=63109"},{"taxonomy":"product_tag","embeddable":true,"href":"https:\/\/nbg.eu\/ro\/wp-json\/wp\/v2\/product_tag?post=63109"}],"curies":[{"name":"wp","href":"https:\/\/api.w.org\/{rel}","templated":true}]}}