{"id":672178,"date":"2025-11-17T17:17:59","date_gmt":"2025-11-17T14:17:59","guid":{"rendered":"https:\/\/nbg.eu\/product\/camera-termica-nocpix-vista-s50r-cu-lrf-1280x1024-15mk-netd\/"},"modified":"2026-04-14T16:15:49","modified_gmt":"2026-04-14T13:15:49","slug":"camera-termica-nocpix-vista-s50r-cu-lrf-1280x1024-15mk-netd","status":"publish","type":"product","link":"https:\/\/nbg.eu\/ro\/produs\/camera-termica-nocpix-vista-s50r-cu-lrf-1280x1024-15mk-netd\/","title":{"rendered":"Nocpix Camer\u0103 Termic\u0103 VISTA S50R LRF"},"content":{"rendered":"<h2>Camer\u0103 termic\u0103 Nocpix VISTA S50R cu LRF 1280&#215;1024 \u226415mK NETD<\/h2>\n<p>Sistemul Vision+ al Vista, cu afi\u0219ajul AMOLED 2560\u00d72560 \u0219i diametrul pupilei de ie\u0219ire de 8 mm, ofer\u0103 o experien\u021b\u0103 de vizionare imersiv\u0103. Echipat cu un senzor superior \u0219i un LRF integrat, Vista ofer\u0103 cele mai ridicate performan\u021be din industrie. Designul s\u0103u u\u0219or de utilizat \u0219i solu\u021bia \u00eembun\u0103t\u0103\u021bit\u0103 a bateriei \u00eel fac partenerul ideal pentru a dep\u0103\u0219i provoc\u0103rile din aer liber.<\/p>\n<h2>Sistem Vision+: Viziune imersiv\u0103<\/h2>\n<p>Un afi\u0219aj AMOLED circular 2560\u00d72560 optimizeaz\u0103 eficien\u021ba spa\u021bial\u0103, oferind imagini vii. Cu un diametru al pupilei de ie\u0219ire de 8 mm \u0219i modul Pure Vision, Vista ofer\u0103 o experien\u021b\u0103 de vizionare confortabil\u0103 \u0219i imersiv\u0103.<\/p>\n<h2>Senzor superior: calitate a imaginii de prim\u0103 clas\u0103<\/h2>\n<p>Senzorul nostru NETD \u226415mk 1280\u00d71024@12\u03bcm, dezvoltat intern, asigur\u0103 o calitate ridicat\u0103 a imaginii \u0219i o performan\u021b\u0103 stabil\u0103. Siluetele animalelor, anatomia \u0219i caracteristicile comportamentale devin u\u0219or de diferen\u021biat.<\/p>\n<h2>LRF integrat: precizie \u0219i portabilitate<\/h2>\n<p>Rangefinder-ul nostru integrat pe 2 \u00een 1 (LRF 1200m) \u00eembin\u0103 armonios estetica cu alinierea perfect\u0103 a axei optice. Aceast\u0103 concep\u021bie u\u0219oar\u0103 \u0219i compact\u0103 asigur\u0103 o utilizare minim\u0103 a suprafe\u021bei lentilei, men\u021bin\u00e2nd \u00een acela\u0219i timp o calitate impecabil\u0103 a imaginii.<\/p>\n<h2>Rat\u0103 de cadre de 60 Hz: Capturare fluid\u0103 a mi\u0219c\u0103rii<\/h2>\n<p>Echipat cu un detector de 60 Hz, Vista ofer\u0103 o fluiditate superioar\u0103, permi\u021b\u00e2nd o captur\u0103 precis\u0103 a animalelor \u00een mi\u0219care \u0219i a scenelor cu vitez\u0103 ridicat\u0103. Aceast\u0103 \u00eembun\u0103t\u0103\u021bire semnificativ\u0103 fa\u021b\u0103 de 50 Hz asigur\u0103 vizualiz\u0103ri mai fluide \u0219i mai precise.<\/p>\n<h2>Lentil\u0103 F0,9: Captur\u0103 \u00eembun\u0103t\u0103\u021bit\u0103 a luminii<\/h2>\n<p>Lentila F0,9 este proiectat\u0103 pentru a \u00eembun\u0103t\u0103\u021bi recep\u021bia luminii cu 20%, \u00eembun\u0103t\u0103\u021bind semnificativ luminozitatea \u0219i calitatea imaginii \u00een compara\u021bie cu lentilele tradi\u021bionale F1.0. Acest progres asigur\u0103 c\u0103 fiecare detaliu este str\u0103lucitor de clar, f\u0103c\u00e2nd din Vista partenerul ideal pentru observa\u021biile nocturne.<\/p>\n<h2>\u00cenc\u0103rcare flexibil\u0103: Baterii \u00eenlocuibile pentru o func\u021bionare extins\u0103<\/h2>\n<p>Vista ofer\u0103 dou\u0103 op\u021biuni de \u00eenc\u0103rcare: baterii \u00eenlocuibile IBP-7\/4400mAh care pot fi schimbate u\u0219or sau \u00eenc\u0103rcare direct\u0103 prin portul \u00eencorporat. Acest lucru asigur\u0103 o func\u021bionare continu\u0103, astfel \u00eenc\u00e2t s\u0103 v\u0103 pute\u021bi concentra pe v\u00e2n\u0103toare f\u0103r\u0103 probleme ale bateriei.<\/p>\n<h2>C\u00e2mp vizual larg: \u00cembun\u0103t\u0103\u021birea percep\u021biei scenei<\/h2>\n<p>Cu m\u0103rirea primar\u0103 superioar\u0103 de 2X \u0219i c\u00e2mpul vizual extins, Vista S50R ofer\u0103 o perspectiv\u0103 excep\u021bional\u0103 asupra \u00eemprejurimilor. Acest lucru v\u0103 permite s\u0103 identifica\u021bi \u0219i s\u0103 monitoriza\u021bi cu u\u0219urin\u021b\u0103 mai multe \u021binte pe \u00eentinderi vaste, asigur\u00e2nd c\u0103 fiecare mi\u0219care este capturat\u0103 cu claritate.<\/p>\n<h2>Palete de culori diferite<\/h2>\n<p>Vista ofer\u0103 7 palete de culori diferite, inclusiv moduri monocrome ro\u0219u \u0219i verde pur. Aceste op\u021biuni prietenoase pentru ochi ajut\u0103 la reducerea oboselii ochilor, asigur\u00e2nd o utilizare f\u0103r\u0103 efort pe perioade extinse.<\/p>\n<h2>Design u\u0219or de utilizat<\/h2>\n<p>Butoanele silen\u021bioase ale Vista asigur\u0103 o utilizare discret\u0103 \u00een \u00eentuneric, \u00een timp ce masca rotativ\u0103 pentru ochi previne scurgerea luminii, p\u0103str\u00e2nd prezen\u021ba dvs. ascuns\u0103 de animale. Textura din piele sintetic\u0103 TPU cu \u00eenveli\u0219 complet ofer\u0103 o prindere confortabil\u0103, f\u0103c\u00e2nd utilizarea prelungit\u0103 f\u0103r\u0103 efort.<\/p>\n","protected":false},"excerpt":{"rendered":"<p>Nocpix VISTA S50R cu LRF 1280\u00d71024 &lt;15mK NETD: Ecran AMOLED imersiv 2560\u00d72560, senzor superior 1280\u00d71024, LRF integrat, obiectiv F0.9, rat\u0103 de cadre de 60 Hz, \u00eenc\u0103rcare flexibil\u0103, c\u00e2mp vizual larg \u0219i design u\u0219or de utilizat.<\/p>\n<p>Dac\u0103 articolul nu este disponibil, v\u0103 rug\u0103m s\u0103 ne contacta\u021bi: shop@nbg.eu sau +359896147790<\/p>\n","protected":false},"featured_media":673182,"template":"","meta":{"_acf_changed":false},"product_brand":[14464],"product_cat":[12766,16096],"product_tag":[],"class_list":{"0":"post-672178","1":"product","2":"type-product","3":"status-publish","4":"has-post-thumbnail","6":"product_brand-nocpix","7":"product_cat-termic","8":"product_cat-thermal-cameras-ro","10":"first","11":"instock","12":"taxable","13":"shipping-taxable","14":"purchasable","15":"product-type-simple"},"acf":[],"_links":{"self":[{"href":"https:\/\/nbg.eu\/ro\/wp-json\/wp\/v2\/product\/672178","targetHints":{"allow":["GET"]}}],"collection":[{"href":"https:\/\/nbg.eu\/ro\/wp-json\/wp\/v2\/product"}],"about":[{"href":"https:\/\/nbg.eu\/ro\/wp-json\/wp\/v2\/types\/product"}],"wp:featuredmedia":[{"embeddable":true,"href":"https:\/\/nbg.eu\/ro\/wp-json\/wp\/v2\/media\/673182"}],"wp:attachment":[{"href":"https:\/\/nbg.eu\/ro\/wp-json\/wp\/v2\/media?parent=672178"}],"wp:term":[{"taxonomy":"product_brand","embeddable":true,"href":"https:\/\/nbg.eu\/ro\/wp-json\/wp\/v2\/product_brand?post=672178"},{"taxonomy":"product_cat","embeddable":true,"href":"https:\/\/nbg.eu\/ro\/wp-json\/wp\/v2\/product_cat?post=672178"},{"taxonomy":"product_tag","embeddable":true,"href":"https:\/\/nbg.eu\/ro\/wp-json\/wp\/v2\/product_tag?post=672178"}],"curies":[{"name":"wp","href":"https:\/\/api.w.org\/{rel}","templated":true}]}}