{"id":673433,"date":"2025-11-17T17:24:54","date_gmt":"2025-11-17T14:24:54","guid":{"rendered":"https:\/\/nbg.eu\/product\/termocamera-nocpix-vista-h50r-cu-lrf-50mm-12um-640x512-15mk-netd\/"},"modified":"2026-04-14T16:15:46","modified_gmt":"2026-04-14T13:15:46","slug":"termocamera-nocpix-vista-h50r-cu-lrf-50mm-12um-640x512-15mk-netd","status":"publish","type":"product","link":"https:\/\/nbg.eu\/ro\/produs\/termocamera-nocpix-vista-h50r-cu-lrf-50mm-12um-640x512-15mk-netd\/","title":{"rendered":"Nocpix Camer\u0103 Termic\u0103 VISTA H50R LRF"},"content":{"rendered":"<h2>Nocpix VISTA H50R &#8211; Camer\u0103 termic\u0103 de ultim\u0103 genera\u021bie cu telemetru laser<\/h2>\n<p>Nocpix VISTA H50R este o camer\u0103 termic\u0103 de ultim\u0103 genera\u021bie, cu un telemetru laser (LRF) \u00eencorporat, proiectat\u0103 pentru utilizare zi \u0219i noapte. Ofer\u0103 o calitate de imagine excep\u021bional\u0103 chiar \u0219i \u00een condi\u021bii meteo severe, cum ar fi cea\u021b\u0103, smog \u0219i ploaie, \u0219i poate detecta \u021binte prin obstacole precum crengi, iarb\u0103 \u00eenalt\u0103 \u0219i vegeta\u021bie deas\u0103, care \u00een mod normal blocheaz\u0103 vizibilitatea.<\/p>\n<p>VISTA H50R este foarte versatil\u0103 \u0219i adecvat\u0103 pentru o gam\u0103 larg\u0103 de aplica\u021bii, inclusiv v\u00e2n\u0103toare, securitate, supraveghere, navigare pe teren \u0219i opera\u021biuni de c\u0103utare \u0219i salvare. Tehnologia sa termic\u0103 avansat\u0103 asigur\u0103 o performan\u021b\u0103 fiabil\u0103, oferind imagini clare \u0219i m\u0103sur\u0103tori precise \u00een medii dificile.<\/p>\n<h2>Specifica\u021bii:<\/h2>\n<p>Rezolu\u021bie: 640 x 512<br \/>\nDimensiune pixel: 12<br \/>\nNETD, mK: \u226415<br \/>\nRat\u0103 de cadre: 50<br \/>\nObiectiv: 50 mm F0.9<br \/>\nC\u00e2mp vizual: 8,8 x 7,0<br \/>\nC\u00e2mp vizual (liniar): 15 x 12<br \/>\nM\u0103rire: 4~40<br \/>\nDistan\u021b\u0103 de detec\u021bie: 2600<br \/>\nDistan\u021b\u0103 de la ochi: 25<br \/>\nDiametru pupil\u0103 ie\u0219ire: 8<br \/>\nDioptrie: -4 ~ +6<br \/>\nTip afi\u0219aj: AMOLED<br \/>\nRezolu\u021bie afi\u0219aj: 2560 x 2560<br \/>\nBaterie: Baterie litiu-ion \u00eenlocuibil\u0103 IBP-7 \/ 4400mAh<br \/>\nDurat\u0103 de func\u021bionare maxim\u0103: 5,5<br \/>\nDistan\u021b\u0103 telemetru: 1200<br \/>\nLaser: Clasa 1<br \/>\nWi-Fi\/Aplica\u021bie: DA<br \/>\nMicrofon: DA<br \/>\nCapacitate memorie: 64GB<br \/>\nClasificare IP: IP67<br \/>\nTemperatur\u0103 de func\u021bionare max.: -20 ~ +50<br \/>\nGreutate (uncii): 22,93<br \/>\nGreutate (g): 650<br \/>\nDimensiuni (inch): 7,64 x 2,76 x 3,23<br \/>\nDimensiuni (mm): 194 x 70 x 82<\/p>\n<p>Detector de 640\u00d7512 12\u03bcm<br \/>\nNETD\u226415mK<br \/>\nRat\u0103 de cadre \u00eenalt\u0103 de 60Hz<br \/>\nObiectiv F0.9<br \/>\nAfi\u0219aj AMOLED circular de 2560\u00d72560<br \/>\nBaterie re\u00eenc\u0103rcabil\u0103 IBP-7 cu schimbare rapid\u0103<br \/>\nZoom digital lin: 1\u00d7~8\u00d7<br \/>\nMod ultra curat<br \/>\nProtec\u021bie ochi cu luminozitate sc\u0103zut\u0103, palet\u0103 de culori \u0219i nuan\u021b\u0103 cald\u0103<br \/>\nStabilizare electronic\u0103 a imaginii<\/p>\n","protected":false},"excerpt":{"rendered":"<p>Nocpix VISTA H50R este o camer\u0103 termic\u0103 de 640&#215;512 12um cu NETD \u226415mK, obiectiv de 50mm F0.9 \u0219i telemeter laser \u00eencorporat, pentru v\u00e2n\u0103toare, securitate \u0219i mai multe.<\/p>\n<p>Dac\u0103 produsul nu este disponibil, v\u0103 rug\u0103m s\u0103 ne contacta\u021bi: shop@nbg.eu sau +359896147790<\/p>\n","protected":false},"featured_media":673772,"template":"","meta":{"_acf_changed":false},"product_brand":[14464],"product_cat":[12766,16096],"product_tag":[],"class_list":{"0":"post-673433","1":"product","2":"type-product","3":"status-publish","4":"has-post-thumbnail","6":"product_brand-nocpix","7":"product_cat-termic","8":"product_cat-thermal-cameras-ro","10":"first","11":"instock","12":"taxable","13":"shipping-taxable","14":"purchasable","15":"product-type-simple"},"acf":[],"_links":{"self":[{"href":"https:\/\/nbg.eu\/ro\/wp-json\/wp\/v2\/product\/673433","targetHints":{"allow":["GET"]}}],"collection":[{"href":"https:\/\/nbg.eu\/ro\/wp-json\/wp\/v2\/product"}],"about":[{"href":"https:\/\/nbg.eu\/ro\/wp-json\/wp\/v2\/types\/product"}],"wp:featuredmedia":[{"embeddable":true,"href":"https:\/\/nbg.eu\/ro\/wp-json\/wp\/v2\/media\/673772"}],"wp:attachment":[{"href":"https:\/\/nbg.eu\/ro\/wp-json\/wp\/v2\/media?parent=673433"}],"wp:term":[{"taxonomy":"product_brand","embeddable":true,"href":"https:\/\/nbg.eu\/ro\/wp-json\/wp\/v2\/product_brand?post=673433"},{"taxonomy":"product_cat","embeddable":true,"href":"https:\/\/nbg.eu\/ro\/wp-json\/wp\/v2\/product_cat?post=673433"},{"taxonomy":"product_tag","embeddable":true,"href":"https:\/\/nbg.eu\/ro\/wp-json\/wp\/v2\/product_tag?post=673433"}],"curies":[{"name":"wp","href":"https:\/\/api.w.org\/{rel}","templated":true}]}}