{"id":673802,"date":"2025-11-17T17:24:57","date_gmt":"2025-11-17T14:24:57","guid":{"rendered":"https:\/\/nbg.eu\/product\/camera-termica-nocpix-vista-h35r-cu-lrf-35mm-12um-640x512-15mk-net\/"},"modified":"2026-04-14T16:15:43","modified_gmt":"2026-04-14T13:15:43","slug":"camera-termica-nocpix-vista-h35r-cu-lrf-35mm-12um-640x512-15mk-net","status":"publish","type":"product","link":"https:\/\/nbg.eu\/ro\/produs\/camera-termica-nocpix-vista-h35r-cu-lrf-35mm-12um-640x512-15mk-net\/","title":{"rendered":"Nocpix Camer\u0103 Termic\u0103 VISTA H35R LRF"},"content":{"rendered":"<h2>Monocular termal Nocpix VISTA H35R cu telemetru laser<\/h2>\n<p>Nocpix VISTA H35R este un monocular termal multifunc\u021bional echipat cu un telemetru laser \u00eencorporat (LRF), conceput pentru utilizare fiabil\u0103 at\u00e2t ziua, c\u00e2t \u0219i noaptea. Acest dispozitiv avansat ofer\u0103 performan\u021be excep\u021bionale de imagistic\u0103 termic\u0103, oferind vizuale clare \u0219i detaliate chiar \u0219i \u00een condi\u021bii meteo dificile, cum ar fi cea\u021b\u0103, smog \u0219i ploaie. Acesta poate detecta \u021binte prin obstacole precum ramuri, ierburi \u00eenalte \u0219i vegeta\u021bie deas\u0103, asigur\u00e2nd o func\u021bionare eficient\u0103 \u00een medii \u00een care opticile tradi\u021bionale sunt inadecvate.<\/p>\n<p>Ideal pentru o gam\u0103 larg\u0103 de aplica\u021bii, VISTA H35R este perfect pentru v\u00e2n\u0103toare, supraveghere, securitate, naviga\u021bie pe teren \u0219i misiuni de c\u0103utare \u0219i salvare. Prin tehnologia sa de v\u00e2rf \u0219i construc\u021bia sa robust\u0103, VISTA H35R garanteaz\u0103 o detectare \u0219i o m\u0103surare precise \u00een cele mai dificile condi\u021bii.<\/p>\n<h2>Specifica\u021bii<\/h2>\n<p>Rezolu\u021bie: 640 x 512<br \/>\nM\u0103rime pixel: 12<br \/>\nNETD, mK: \u226415<br \/>\nRat\u0103 de cadre: 50<br \/>\nObiectiv: 35mm F0.9<br \/>\nC\u00e2mp vizual: 12.5 x 10.0<br \/>\nC\u00e2mp vizual (liniar): 22 x 18<br \/>\nM\u0103rire: 3~28<br \/>\nRaz\u0103 de detectare: 1800<br \/>\nDistan\u021b\u0103 de la ochi: 25<br \/>\nDiametru pupil\u0103 ie\u0219ire: 8<br \/>\nDioptrie: -4 ~ +6<br \/>\nTip afi\u0219aj: AMOLED<br \/>\nRezolu\u021bie afi\u0219aj: 2560 x 2560<br \/>\nBaterie: Acumulator litiu-ion \u00eenlocuibil IBP-7 \/ 4400mAh<br \/>\nDurat\u0103 maxim\u0103 de func\u021bionare: 5.5<br \/>\nDistan\u021b\u0103 m\u0103surare: 1200<br \/>\nLaser: Clasa 1<br \/>\nWi-Fi\/Aplica\u021bie: DA<br \/>\nMicrofon: DA<br \/>\nCapacitate de memorie: 64GB<br \/>\nClasificare IP: IP67<br \/>\nTemperatur\u0103 maxim\u0103 de func\u021bionare: -20 ~ +50<br \/>\nGreutate (uncii): 22.58<br \/>\nGreutate (g): 640<br \/>\nDimensiuni (in): 7.48 x 2.64 x 3.11<br \/>\nDimensiuni (mm): 190 x 67 x 79<\/p>\n<h2>Caracteristici<\/h2>\n<p>Detector 640\u00d7512 12\u03bcm<br \/>\nNETD\u226415mK<br \/>\nRat\u0103 de cadre ridicat\u0103 60Hz<br \/>\nObiectiv F0.9<br \/>\nAfi\u0219aj AMOLED circular 2560\u00d72560<br \/>\nAcumulator \u00eenlocuibil rapid IBP-7<br \/>\nZoom digital lin: 1\u00d7~8\u00d7<br \/>\nMod ultra curat<br \/>\nProtec\u021bie ochi cu luminozitate sc\u0103zut\u0103, palet\u0103 de culori \u0219i nuan\u021b\u0103 cald\u0103<br \/>\nStabilizare electronic\u0103 a imaginii<\/p>\n","protected":false},"excerpt":{"rendered":"<p>Camera termic\u0103 Nocpix VISTA H35R cu 35 mm 12 um 640 x 512 &lt;15 mk NET \u0219i LRF, pentru o utilizare fiabil\u0103 zi\/noapte \u00een condi\u021bii dificile.<\/p>\n<p>Dac\u0103 articolul nu este disponibil, v\u0103 rug\u0103m s\u0103 ne contacta\u021bi: shop@nbg.eu sau +359896147790<\/p>\n","protected":false},"featured_media":673940,"template":"","meta":{"_acf_changed":false},"product_brand":[14464],"product_cat":[12766,16096],"product_tag":[],"class_list":{"0":"post-673802","1":"product","2":"type-product","3":"status-publish","4":"has-post-thumbnail","6":"product_brand-nocpix","7":"product_cat-termic","8":"product_cat-thermal-cameras-ro","10":"first","11":"instock","12":"taxable","13":"shipping-taxable","14":"purchasable","15":"product-type-simple"},"acf":[],"_links":{"self":[{"href":"https:\/\/nbg.eu\/ro\/wp-json\/wp\/v2\/product\/673802","targetHints":{"allow":["GET"]}}],"collection":[{"href":"https:\/\/nbg.eu\/ro\/wp-json\/wp\/v2\/product"}],"about":[{"href":"https:\/\/nbg.eu\/ro\/wp-json\/wp\/v2\/types\/product"}],"wp:featuredmedia":[{"embeddable":true,"href":"https:\/\/nbg.eu\/ro\/wp-json\/wp\/v2\/media\/673940"}],"wp:attachment":[{"href":"https:\/\/nbg.eu\/ro\/wp-json\/wp\/v2\/media?parent=673802"}],"wp:term":[{"taxonomy":"product_brand","embeddable":true,"href":"https:\/\/nbg.eu\/ro\/wp-json\/wp\/v2\/product_brand?post=673802"},{"taxonomy":"product_cat","embeddable":true,"href":"https:\/\/nbg.eu\/ro\/wp-json\/wp\/v2\/product_cat?post=673802"},{"taxonomy":"product_tag","embeddable":true,"href":"https:\/\/nbg.eu\/ro\/wp-json\/wp\/v2\/product_tag?post=673802"}],"curies":[{"name":"wp","href":"https:\/\/api.w.org\/{rel}","templated":true}]}}