{"id":673978,"date":"2025-11-17T17:25:01","date_gmt":"2025-11-17T14:25:01","guid":{"rendered":"https:\/\/nbg.eu\/product\/vedere-termica-nocpix-slim-l35\/"},"modified":"2026-04-14T16:15:39","modified_gmt":"2026-04-14T13:15:39","slug":"vedere-termica-nocpix-slim-l35","status":"publish","type":"product","link":"https:\/\/nbg.eu\/ro\/produs\/vedere-termica-nocpix-slim-l35\/","title":{"rendered":"Nocpix Lunet\u0103 Termic\u0103 Slim L35"},"content":{"rendered":"<h2>Vedere termic\u0103 Nocpix Slim L35: Performan\u021b\u0103 de v\u00e2n\u0103toare f\u0103r\u0103 egal<\/h2>\n<p>V\u0103 prezent\u0103m seria SLIM de lunete pentru pu\u0219ti: un MONOCULAR portabil 2-\u00een-1 sau o lup\u0103 de 3,5x (L35). Alege\u021bi \u00eentre dou\u0103 nuclee de \u00eenalt\u0103 performan\u021b\u0103, bucura\u021bi-v\u0103 de un afi\u0219aj OLED de 1024&#215;768 \u0219i beneficia\u021bi de o baterie \u00eenlocuibil\u0103 de 18650 pentru 10 ore de autonomie. Capta\u021bi fiecare moment cu \u00eenregistrarea impactului, asigur\u00e2ndu-v\u0103 c\u0103 nu ve\u021bi rata niciun cadru.<\/p>\n<p>Comuta\u021bi f\u0103r\u0103 probleme de la vizor manual la optic f\u0103r\u0103 a trebui s\u0103 regla\u021bi din nou, mul\u021bumit\u0103 design-ului 2-\u00een-1 cu montur\u0103 deta\u0219abil\u0103. Bucura\u021bi-v\u0103 de vizionare f\u0103r\u0103 oboseal\u0103 cu un afi\u0219aj AMOLED de 1024&#215;768, un design nou al ocular\u0103 \u0219i un diametru al pupilei de ie\u0219ire confortabil de 10 mm. C\u00e2nt\u0103rind doar 500 g, acest design ultrau\u0219or v\u0103 permite utilizare extins\u0103 f\u0103r\u0103 efort, p\u0103str\u00e2ndu-v\u0103 agil pe teren.<\/p>\n<p>Op\u021biuni principale de \u00eenalt\u0103 performan\u021b\u0103 &#8211; 384\u00d7288@12\u03bcm sau 640\u00d7512@12\u03bcm, NETD\u226418 mK &#8211; asigur\u0103 o calitate a imaginii f\u0103r\u0103 egal, garant\u00e2nd c\u0103 fiecare detaliu este captat cu o claritate uimitoare, indiferent de condi\u021biile de v\u00e2n\u0103toare. Cu puterea ad\u0103ugat\u0103 a tehnologiei Reality+, Slim atinge o calitate a imaginii care dep\u0103\u0219e\u0219te alte m\u0103rci cu senzori din aceea\u0219i clas\u0103.<\/p>\n<p>Nu rata\u021bi niciodat\u0103 o \u021bint\u0103 cu func\u021bia RAV, care v\u0103 permite s\u0103 revizui\u021bi \u0219i s\u0103 partaja\u021bi cele mai emo\u021bionante momente ale v\u00e2n\u0103torilor. Continua\u021bi v\u00e2n\u0103toarea cu o baterie de 18650 deta\u0219abil\u0103, rezistent\u0103 la temperaturi sc\u0103zute, care ofer\u0103 p\u00e2n\u0103 la 8 ore de standby, chiar \u0219i \u00een condi\u021bii extreme. Cu o m\u0103rire primar\u0103 de 3,5x, SLIM L35 este alegerea pentru v\u00e2n\u0103toarea la distan\u021b\u0103 lung\u0103, f\u0103c\u00e2nd v\u00e2n\u0103toarea de coyote mai precis\u0103 \u0219i mai eficient\u0103.<\/p>\n","protected":false},"excerpt":{"rendered":"<p>Seria de lunete SLIM: un MONOCULAR portabil 2-\u00een-1 sau o lup\u0103 3.5x (L35) cu OLED 1024\u00d7768, baterie 18650, \u00eenregistrare de impact, senzor termic \u0219i flexibilitate de schimbare rapid\u0103.<\/p>\n<p>Dac\u0103 articolul nu este disponibil, v\u0103 rug\u0103m s\u0103 ne contacta\u021bi: shop@nbg.eu sau +359896147790<\/p>\n","protected":false},"featured_media":674739,"template":"","meta":{"_acf_changed":false},"product_brand":[14464],"product_cat":[16096],"product_tag":[],"class_list":{"0":"post-673978","1":"product","2":"type-product","3":"status-publish","4":"has-post-thumbnail","6":"product_brand-nocpix","7":"product_cat-thermal-cameras-ro","9":"first","10":"instock","11":"taxable","12":"shipping-taxable","13":"purchasable","14":"product-type-simple"},"acf":[],"_links":{"self":[{"href":"https:\/\/nbg.eu\/ro\/wp-json\/wp\/v2\/product\/673978","targetHints":{"allow":["GET"]}}],"collection":[{"href":"https:\/\/nbg.eu\/ro\/wp-json\/wp\/v2\/product"}],"about":[{"href":"https:\/\/nbg.eu\/ro\/wp-json\/wp\/v2\/types\/product"}],"wp:featuredmedia":[{"embeddable":true,"href":"https:\/\/nbg.eu\/ro\/wp-json\/wp\/v2\/media\/674739"}],"wp:attachment":[{"href":"https:\/\/nbg.eu\/ro\/wp-json\/wp\/v2\/media?parent=673978"}],"wp:term":[{"taxonomy":"product_brand","embeddable":true,"href":"https:\/\/nbg.eu\/ro\/wp-json\/wp\/v2\/product_brand?post=673978"},{"taxonomy":"product_cat","embeddable":true,"href":"https:\/\/nbg.eu\/ro\/wp-json\/wp\/v2\/product_cat?post=673978"},{"taxonomy":"product_tag","embeddable":true,"href":"https:\/\/nbg.eu\/ro\/wp-json\/wp\/v2\/product_tag?post=673978"}],"curies":[{"name":"wp","href":"https:\/\/api.w.org\/{rel}","templated":true}]}}