{"id":674771,"date":"2025-11-17T17:25:02","date_gmt":"2025-11-17T14:25:02","guid":{"rendered":"https:\/\/nbg.eu\/product\/thermal-sight-nocpix-slim-h35\/"},"modified":"2026-04-14T16:15:36","modified_gmt":"2026-04-14T13:15:36","slug":"thermal-sight-nocpix-slim-h35","status":"publish","type":"product","link":"https:\/\/nbg.eu\/ro\/produs\/thermal-sight-nocpix-slim-h35\/","title":{"rendered":"Nocpix Lunet\u0103 Termic\u0103 Slim H35"},"content":{"rendered":"<h2>Vedere termic\u0103 Nocpix Slim H35 &#8211; Imagerie termic\u0103 ultrau\u0219oar\u0103 cu o calitate superioar\u0103 a imaginii<\/h2>\n<p>Prezent\u0103m seria de lunete SLIM: un MONOCULAR portabil 2-\u00een-1 sau o lunet\u0103 3,5x (L35). Alege\u021bi \u00eentre dou\u0103 nuclee de \u00eenalt\u0103 performan\u021b\u0103, bucura\u021bi-v\u0103 de un afi\u0219aj OLED de 1024&#215;768 \u0219i beneficia\u021bi de o baterie 18650 \u00eenlocuibil\u0103 pentru 10 ore de alimentare. Capta\u021bi fiecare moment cu \u00eenregistrare de impact, asigur\u00e2ndu-v\u0103 c\u0103 nu se pierde niciun cadru.<\/p>\n<p>Bucura\u021bi-v\u0103 de vizionare f\u0103r\u0103 oboseal\u0103 cu un afi\u0219aj AMOLED de 1024&#215;768, design nou al ocularului \u0219i un diametru al pupilei de ie\u0219ire confortabil de 10 mm.<\/p>\n<p>C\u00e2nt\u0103rind doar 500 g, acest design ultrau\u0219or face utilizarea extins\u0103 f\u0103r\u0103 efort, p\u0103str\u00e2ndu-v\u0103 agil pe teren.<\/p>\n<p>Op\u021biuni principale de \u00eenalt\u0103 performan\u021b\u0103 &#8211; 384\u00d7288@12\u03bcm sau 640\u00d7512@12\u03bcm, NETD\u226418 mK, ofer\u0103 o calitate a imaginii incomparabil\u0103, asigur\u00e2nd c\u0103 fiecare detaliu este capturat cu o claritate uluitoare, indiferent de condi\u021biile de v\u00e2n\u0103toare. Cu puterea ad\u0103ugat\u0103 a tehnologiei Reality+, Slim atinge o calitate a imaginii care dep\u0103\u0219e\u0219te alte m\u0103rci cu senzori din aceea\u0219i clas\u0103.<\/p>\n<p>Nu rata\u021bi niciodat\u0103 o lovitur\u0103 cu caracteristica RAV, care v\u0103 permite s\u0103 rev\u0103d \u0219i s\u0103 partaja\u021bi cele mai pasionante momente de v\u00e2n\u0103toare.<\/p>\n<p>Continua\u021bi v\u00e2n\u0103toarea cu o baterie 18650 deta\u0219abil\u0103, rezistent\u0103 la temperaturi sc\u0103zute, care ofer\u0103 p\u00e2n\u0103 la 8 ore de timp de a\u0219teptare, chiar \u0219i \u00een condi\u021bii extreme. De asemenea, are un port de \u00eenc\u0103rcare magnetic pentru o \u00eenc\u0103rcare u\u0219oar\u0103, chiar \u0219i \u00een \u00eentuneric complet.<\/p>\n","protected":false},"excerpt":{"rendered":"<p>Vedere termic\u0103 Nocpix Slim H35: monocular 2-\u00een-1\/obiectiv 3.5x cu OLED 1024\u00d7768, baterie 18650, \u00eenregistrare impact.<\/p>\n","protected":false},"featured_media":676401,"template":"","meta":{"_acf_changed":false},"product_brand":[14464],"product_cat":[16096],"product_tag":[],"class_list":{"0":"post-674771","1":"product","2":"type-product","3":"status-publish","4":"has-post-thumbnail","6":"product_brand-nocpix","7":"product_cat-thermal-cameras-ro","9":"first","10":"instock","11":"taxable","12":"shipping-taxable","13":"purchasable","14":"product-type-simple"},"acf":[],"_links":{"self":[{"href":"https:\/\/nbg.eu\/ro\/wp-json\/wp\/v2\/product\/674771","targetHints":{"allow":["GET"]}}],"collection":[{"href":"https:\/\/nbg.eu\/ro\/wp-json\/wp\/v2\/product"}],"about":[{"href":"https:\/\/nbg.eu\/ro\/wp-json\/wp\/v2\/types\/product"}],"wp:featuredmedia":[{"embeddable":true,"href":"https:\/\/nbg.eu\/ro\/wp-json\/wp\/v2\/media\/676401"}],"wp:attachment":[{"href":"https:\/\/nbg.eu\/ro\/wp-json\/wp\/v2\/media?parent=674771"}],"wp:term":[{"taxonomy":"product_brand","embeddable":true,"href":"https:\/\/nbg.eu\/ro\/wp-json\/wp\/v2\/product_brand?post=674771"},{"taxonomy":"product_cat","embeddable":true,"href":"https:\/\/nbg.eu\/ro\/wp-json\/wp\/v2\/product_cat?post=674771"},{"taxonomy":"product_tag","embeddable":true,"href":"https:\/\/nbg.eu\/ro\/wp-json\/wp\/v2\/product_tag?post=674771"}],"curies":[{"name":"wp","href":"https:\/\/api.w.org\/{rel}","templated":true}]}}