{"id":676612,"date":"2025-11-17T17:25:14","date_gmt":"2025-11-17T14:25:14","guid":{"rendered":"https:\/\/nbg.eu\/product\/vedere-termica-nocpix-rico-2-s75r\/"},"modified":"2026-04-14T16:15:33","modified_gmt":"2026-04-14T13:15:33","slug":"vedere-termica-nocpix-rico-2-s75r","status":"publish","type":"product","link":"https:\/\/nbg.eu\/ro\/produs\/vedere-termica-nocpix-rico-2-s75r\/","title":{"rendered":"Nocpix Lunet\u0103 Termic\u0103 Rico 2 S75R"},"content":{"rendered":"<h2>Nocpix Rico 2 S75R: Perfec\u021biunea la \u00eempu\u0219carea la distan\u021b\u0103 lung\u0103<\/h2>\n<p>Seria de lunete termice Nocpix RICO 2 S75R este conceput\u0103 pentru v\u00e2n\u0103tori care cer cel mai bun \u00een claritate, raz\u0103 de ac\u021biune \u0219i confort. Proiectat cu un senzor termic de top din industrie \u0219i frecven\u021b\u0103 ridicat\u0103 a cadrelor, livreaz\u0103 o calitate a imaginii ultra-superioar\u0103 care face identificarea \u021bintei \u0219i urm\u0103rirea u\u0219oar\u0103. Distan\u021ba sa focal\u0103 lung\u0103 \u0219i LRF integrat asigur\u0103 c\u0103 pute\u021bi m\u0103sura cu precizie \u021bintele \u00eendep\u0103rtate, \u00een timp ce designul optic avansat ofer\u0103 o experien\u021b\u0103 vizual\u0103 imer\u0219iv\u0103 f\u0103r\u0103 distorsiuni. Prezent\u00e2nd o p\u00e2rghie de zoom f\u0103r\u0103 trepte \u0219i o distan\u021b\u0103 ocular\u0103 excep\u021bional\u0103, seria Nocpix RICO 2 S75R permite v\u00e2n\u0103torilor s\u0103 regleze u\u0219or m\u0103rirea \u0219i s\u0103 se simt\u0103 confortabili \u00een timpul v\u00e2n\u0103torilor prelungite. Cu tehnologiile sale inovatoare \u0219i designul centrat pe utilizator, seria Nocpix RICO 2 S75R v\u0103 permite \u00eentr-adev\u0103r s\u0103 v\u00e2na\u021bi dincolo de limitele a ceea ce este posibil.<\/p>\n<h2>Performan\u021b\u0103 de v\u00e2rf<\/h2>\n<p>Beneficia\u021bi de senzorul premium de a doua genera\u021bie 12\u03bcm@60Hz, cu NETD \u226415mK, pentru imagini extrem de clare \u0219i cu contrast ridicat \u0219i \u00eembun\u0103t\u0103\u021birea identific\u0103rii \u021bintei. Nocpix RICO 2 S75R este echipat cu lentile de obiectiv mai mari (75 mm\/F1.0, 50 mm\/F1.0, 42 mm\/F1.0), oferind o \u00eembun\u0103t\u0103\u021bit\u0103 capacitate de colectare a luminii pentru o claritate excep\u021bional\u0103 a imaginii \u0219i o raz\u0103 de detectare extins\u0103. Seria RICO 2 v\u0103 permite s\u0103 v\u0103 regla\u021bi fin m\u0103rirea cu u\u0219urin\u021b\u0103 cu o p\u00e2rghie de zoom f\u0103r\u0103 trepte de tip LPVO, oferind ajust\u0103ri rapide \u0219i f\u0103r\u0103 probleme pentru a v\u0103 angaja cu precizie \u021bintele la orice distan\u021b\u0103. Seria RICO 2 se l\u0103ud\u0103 cu o raz\u0103 de detec\u021bie impresionant\u0103 de p\u00e2n\u0103 la 3896 m, oferindu-v\u0103 un avantaj semnificativ \u00een v\u00e2n\u0103toarea la distan\u021b\u0103 lung\u0103 \u0219i \u00een \u021bintirea precis\u0103.<\/p>\n<h2>\u021aintire flexibil\u0103 \u0219i precis\u0103<\/h2>\n<p>Nocpix RICO 2 S75R este echipat cu un LRF integrat, oferind detec\u021bie laser la distan\u021be de p\u00e2n\u0103 la 1200 m cu aliniere optic\u0103 real\u0103, asigur\u00e2nd m\u0103sur\u0103tori precise ale distan\u021bei, men\u021bin\u00e2nd \u00een acela\u0219i timp un design elegant \u0219i sobru. Simplifica\u021bi plasarea loviturii cu calcule balistice automate, folosind LRF-ul integrat pentru a ateriza cu u\u0219urin\u021b\u0103 lovituri precise la distan\u021be mari.<\/p>\n<h2>Vizualizare extrem de clar\u0103 \u0219i confortabil\u0103<\/h2>\n<p>Ecranul OLED de 1,03&#8243; 2560&#215;2560 (S75R), ocular f\u0103r\u0103 distorsiuni, distan\u021b\u0103 ocular\u0103 de 70 mm \u0219i pupil\u0103 de ie\u0219ire de 23 mm ofer\u0103 vizionare clar\u0103 \u0219i confortabil\u0103 pentru sesiuni prelungite. Modelul S75R este echipat cu o distan\u021b\u0103 unic\u0103 de 70 mm, care ofer\u0103 un confort maxim pentru utilizarea pe termen lung f\u0103r\u0103 oboseal\u0103 ocular\u0103 \u0219i asigur\u0103 siguran\u021ba ochilor.<\/p>\n","protected":false},"excerpt":{"rendered":"<p>Senzor de genera\u021bia a doua 1280&#215;1024 de ultim\u0103 genera\u021bie, LRF flexibil \u0219i precis integrat, vizualizare extrem de clar\u0103 \u0219i confortabil\u0103, siguran\u021b\u0103 \u0219i relief confortabil pentru ochi. Nocpix Rico 2 S75R &#8211; Expert \u00een tragere la distan\u021b\u0103 lung\u0103.<\/p>\n","protected":false},"featured_media":676779,"template":"","meta":{"_acf_changed":false},"product_brand":[14464],"product_cat":[16096],"product_tag":[],"class_list":{"0":"post-676612","1":"product","2":"type-product","3":"status-publish","4":"has-post-thumbnail","6":"product_brand-nocpix","7":"product_cat-thermal-cameras-ro","9":"first","10":"instock","11":"taxable","12":"shipping-taxable","13":"purchasable","14":"product-type-simple"},"acf":[],"_links":{"self":[{"href":"https:\/\/nbg.eu\/ro\/wp-json\/wp\/v2\/product\/676612","targetHints":{"allow":["GET"]}}],"collection":[{"href":"https:\/\/nbg.eu\/ro\/wp-json\/wp\/v2\/product"}],"about":[{"href":"https:\/\/nbg.eu\/ro\/wp-json\/wp\/v2\/types\/product"}],"wp:featuredmedia":[{"embeddable":true,"href":"https:\/\/nbg.eu\/ro\/wp-json\/wp\/v2\/media\/676779"}],"wp:attachment":[{"href":"https:\/\/nbg.eu\/ro\/wp-json\/wp\/v2\/media?parent=676612"}],"wp:term":[{"taxonomy":"product_brand","embeddable":true,"href":"https:\/\/nbg.eu\/ro\/wp-json\/wp\/v2\/product_brand?post=676612"},{"taxonomy":"product_cat","embeddable":true,"href":"https:\/\/nbg.eu\/ro\/wp-json\/wp\/v2\/product_cat?post=676612"},{"taxonomy":"product_tag","embeddable":true,"href":"https:\/\/nbg.eu\/ro\/wp-json\/wp\/v2\/product_tag?post=676612"}],"curies":[{"name":"wp","href":"https:\/\/api.w.org\/{rel}","templated":true}]}}