{"id":676873,"date":"2025-11-17T17:25:15","date_gmt":"2025-11-17T14:25:15","guid":{"rendered":"https:\/\/nbg.eu\/product\/vizor-termic-nocpix-rico-2-h75r\/"},"modified":"2026-04-14T16:15:29","modified_gmt":"2026-04-14T13:15:29","slug":"vizor-termic-nocpix-rico-2-h75r","status":"publish","type":"product","link":"https:\/\/nbg.eu\/ro\/produs\/vizor-termic-nocpix-rico-2-h75r\/","title":{"rendered":"Nocpix Lunet\u0103 Termic\u0103 Rico 2 H75R"},"content":{"rendered":"<h2>Nocpix Rico 2 H75R: Precizia Tragerilor pe Distan\u021b\u0103 Lung\u0103<\/h2>\n<p>Seria de lunete termice Nocpix RICO 2 H75R este conceput\u0103 pentru v\u00e2n\u0103tori care cer cel mai bun \u00een claritate, raz\u0103 de ac\u021biune \u0219i confort. Caracteriz\u00e2ndu-se printr-un senzor termic de top \u00een industrie \u0219i o rat\u0103 mare de cadre, ofer\u0103 o calitate a imaginii ultra-superioar\u0103 care face identificarea \u0219i urm\u0103rirea \u021bintei o nimica toat\u0103. Distan\u021ba focal\u0103 lung\u0103 \u0219i LRF-ul \u00eencorporat asigur\u0103 c\u0103 pute\u021bi m\u0103sura cu precizie \u021bintele \u00eendep\u0103rtate, \u00een timp ce designul optic avansat ofer\u0103 o experien\u021b\u0103 de vizionare imersoar\u0103 f\u0103r\u0103 distorsiuni. Cu un m\u00e2ner de zoom continuu \u0219i o excelent\u0103 degajare a ochiului, seria Nocpix RICO 2 H75R permite v\u00e2n\u0103torilor s\u0103 ajusteze u\u0219or m\u0103rirea \u0219i s\u0103 se simt\u0103 confortabili \u00een timpul v\u00e2n\u0103torilor prelungite. Tehnologiile inovatoare \u0219i designul centrat pe utilizator fac din seria Nocpix RICO 2 H75R v\u00e2rful performan\u021bei \u00een v\u00e2n\u0103toarea la distan\u021b\u0103 lung\u0103.<\/p>\n<h2>Imagistic\u0103 Termic\u0103 de Ultim\u0103 Or\u0103<\/h2>\n<p>Beneficiaz\u0103 de senzorul premium de genera\u021bia a doua 640@12\u03bcm@60Hz, ambele cu NETD \u226415mK, pentru imagini ultra-clare, cu contrast ridicat \u0219i \u00eembun\u0103t\u0103\u021birea identific\u0103rii \u021bintei.<\/p>\n<h2>O Claritate \u00cembun\u0103t\u0103\u021bit\u0103 cu Lentile Mai Mari<\/h2>\n<p>Nocpix RICO 2 H75R este echipat cu lentile objective mai mari (75 mm\/F1.0, 50 mm\/F1.0, 42 mm\/F1.0), oferind o capacitate de captare a luminii \u00eembun\u0103t\u0103\u021bit\u0103 pentru o claritate excelent\u0103 a imaginii \u0219i o raz\u0103 de detectare extins\u0103.<\/p>\n<h2>Ajust\u0103ri ale M\u0103riri F\u0103r\u0103 Efort<\/h2>\n<p>Seria RICO 2 v\u0103 permite s\u0103 v\u0103 regla\u021bi fin m\u0103rirea \u00een mod continuu cu un m\u00e2ner de zoom \u00een stil LPVO, oferind ajust\u0103ri rapide \u0219i u\u0219oare pentru a angaja cu precizie \u021bintele la orice distan\u021b\u0103.<\/p>\n<h2>N\u0103scut pentru V\u00e2n\u0103toarea la Distan\u021b\u0103 Lung\u0103<\/h2>\n<p>Seria RICO 2 se laud\u0103 cu o raz\u0103 de detec\u021bie impresionant\u0103 de p\u00e2n\u0103 la 3896 m, oferindu-v\u0103 un avantaj semnificativ \u00een v\u00e2n\u0103toarea la distan\u021b\u0103 lung\u0103 \u0219i \u021bintirea precis\u0103.<\/p>\n<h2>LRF Flexibil \u0219i Precis Integrat<\/h2>\n<p>Nocpix RICO 2 H75R este echipat cu un LRF integrat, oferind detec\u021bie laser la o raz\u0103 de p\u00e2n\u0103 la 1200m cu alinierea real\u0103 a axei optice, asigur\u00e2nd m\u0103sur\u0103tori precise ale distan\u021bei \u00een timp ce p\u0103streaz\u0103 un design elegant \u0219i rafinat.<\/p>\n<h2>Calcularea Balistic\u0103 Simplificat\u0103<\/h2>\n<p>Simplifica\u021bi-v\u0103 plasarea loviturii cu calculele balistice automate, folosind LRF-ul integrat pentru a atinge lovituri precise la distan\u021be lungi.<\/p>\n<h2>Vizionare Extrem de Clar\u0103 \u0219i Confortabil\u0103<\/h2>\n<p>Afi\u0219aj OLED de 1.03&#8243; 2560\u00d72560 (S75R), ocular f\u0103r\u0103 distorsiuni, degajare a ochiului de 70mm \u0219i pupil\u0103 de ie\u0219ire de 23mm furnizeaz\u0103 o vizionare clar\u0103 \u0219i confortabil\u0103 pentru sesiuni prelungite.<\/p>\n<h2>Siguran\u021b\u0103 \u0219i Confort<\/h2>\n<p>Modelul H75R este echipat cu o distan\u021b\u0103 f\u0103r\u0103 precedent de 70mm, care ofer\u0103 un confort maxim pentru utilizarea pe termen lung f\u0103r\u0103 oboseal\u0103 ocular\u0103 \u0219i asigur\u0103 siguran\u021ba ochiului.<\/p>\n","protected":false},"excerpt":{"rendered":"<p>Nocpix Rico 2 H75R &#8211; Expert \u00een tragere la distan\u021b\u0103 lung\u0103 cu senzor 640&#215;512, 60Hz, LRF integrat \u0219i zoom continuu.<\/p>\n<p>Dac\u0103 articolul nu este disponibil, v\u0103 rug\u0103m s\u0103 ne contacta\u021bi: shop@nbg.eu sau +359896147790<\/p>\n","protected":false},"featured_media":676965,"template":"","meta":{"_acf_changed":false},"product_brand":[14464],"product_cat":[16096],"product_tag":[],"class_list":{"0":"post-676873","1":"product","2":"type-product","3":"status-publish","4":"has-post-thumbnail","6":"product_brand-nocpix","7":"product_cat-thermal-cameras-ro","9":"first","10":"instock","11":"taxable","12":"shipping-taxable","13":"purchasable","14":"product-type-simple"},"acf":[],"_links":{"self":[{"href":"https:\/\/nbg.eu\/ro\/wp-json\/wp\/v2\/product\/676873","targetHints":{"allow":["GET"]}}],"collection":[{"href":"https:\/\/nbg.eu\/ro\/wp-json\/wp\/v2\/product"}],"about":[{"href":"https:\/\/nbg.eu\/ro\/wp-json\/wp\/v2\/types\/product"}],"wp:featuredmedia":[{"embeddable":true,"href":"https:\/\/nbg.eu\/ro\/wp-json\/wp\/v2\/media\/676965"}],"wp:attachment":[{"href":"https:\/\/nbg.eu\/ro\/wp-json\/wp\/v2\/media?parent=676873"}],"wp:term":[{"taxonomy":"product_brand","embeddable":true,"href":"https:\/\/nbg.eu\/ro\/wp-json\/wp\/v2\/product_brand?post=676873"},{"taxonomy":"product_cat","embeddable":true,"href":"https:\/\/nbg.eu\/ro\/wp-json\/wp\/v2\/product_cat?post=676873"},{"taxonomy":"product_tag","embeddable":true,"href":"https:\/\/nbg.eu\/ro\/wp-json\/wp\/v2\/product_tag?post=676873"}],"curies":[{"name":"wp","href":"https:\/\/api.w.org\/{rel}","templated":true}]}}