{"id":676970,"date":"2025-11-17T17:25:28","date_gmt":"2025-11-17T14:25:28","guid":{"rendered":"https:\/\/nbg.eu\/product\/vedere-termica-nocpix-ace-s60r-rail-zeiss\/"},"modified":"2026-04-14T17:21:41","modified_gmt":"2026-04-14T14:21:41","slug":"vedere-termica-nocpix-ace-s60r-rail-zeiss","status":"publish","type":"product","link":"https:\/\/nbg.eu\/ro\/produs\/vedere-termica-nocpix-ace-s60r-rail-zeiss\/","title":{"rendered":"Nocpix Lunet\u0103 Termic\u0103 ACE S60R ZEISS RAIL"},"content":{"rendered":"<h2>NocPix ACE S60R Termovizor\u0103<\/h2>\n<p>Termovizcseara NocPix ACE S60R este un instrument nou, de ultim\u0103 genera\u021bie, conceput pentru v\u00e2n\u0103torii de elit\u0103 care cer performan\u021be maxime \u00een cele mai provocatoare medii. Cu tehnologia sa de v\u00e2rf \u0219i construc\u021bia sa robust\u0103, aceast\u0103 termovizoare de lider este proiectat\u0103 s\u0103 v\u0103 ajute s\u0103 st\u0103p\u00e2ni\u021bi noaptea \u0219i s\u0103 domoliti fauna s\u0103lbatic\u0103. Fie c\u0103 scana\u021bi pentru prad\u0103 la distan\u021be lungi sau urm\u0103ri\u021bi \u021binte \u00een mi\u0219care rapid\u0103, ACE S60R ofer\u0103 o claritate, precizie \u0219i fiabilitate f\u0103r\u0103 egal.<\/p>\n<p>\u00cen centrul acestei extraordinare termovisoare se afl\u0103 un senzor termic HD de genera\u021bia a doua, cu o rezolu\u021bie impresionant\u0103 de 1280\u00d71024 \u0219i un NETD ultra-sensibil de \u226415mK. Acest senzor de ultim\u0103 genera\u021bie permite ACE S60R s\u0103 detecteze chiar \u0219i cele mai mici schimb\u0103ri de temperatur\u0103, oferind imagini termice clare \u0219i detaliate \u00een timp real. Cu o rat\u0103 de cadre de 50 Hz, termoviziunea ofer\u0103 imagini fluide care \u021bin pasul cu viteza \u021bintei, permi\u021bindu-v\u0103 s\u0103 v\u0103 fixa\u021bi cu precizie nemaiv\u0103zut\u0103.<\/p>\n<p>NocPix ACE S60R dispune \u0219i de un obiectiv de 60mm\/F1.0 care colecteaz\u0103 cu 20% mai mult\u0103 lumin\u0103 dec\u00e2t obiectivele standard, oferindu-v\u0103 imagini mai luminoase \u0219i mai clare chiar \u0219i \u00een cele mai \u00eentunecate condi\u021bii. Capacitatea sa de detectare pe distan\u021be lungi de p\u00e2n\u0103 la 3100 de metri v\u0103 permite s\u0103 identifica\u021bi \u0219i s\u0103 urm\u0103ri\u021bi u\u0219or \u021binte \u00eendep\u0103rtate, oferind un avantaj crucial pentru scenariile de v\u00e2n\u0103toare \u0219i tragere la distan\u021be lungi. Combinat cu algoritmul de procesare a imaginilor Reality+ brevetat de NocPix, ACE S60R reduce dramatic zgomotul ambiental, oferind imagini clare \u0219i cu contrast ridicat de fiecare dat\u0103.<\/p>\n<p>Pentru cei care doresc o claritate vizual\u0103 \u0219i mai mare, ACE S60R este echipat cu inovatul sistem Vision+. Afi\u0219ajul AMOLED rotund de 1.03 inchi cu rezolu\u021bie 2560\u00d72560, combinat cu o m\u0103rire oclar\u0103 de top din industrie, ofer\u0103 o m\u0103rire optic\u0103 f\u0103r\u0103 egal, f\u0103r\u0103 s\u0103 apar\u0103 neclarit\u0103\u021bi sau distorsiuni asociate \u00een mod normal cu m\u0103rirea electronic\u0103. Aceast\u0103 tehnologie revolu\u021bionar\u0103 v\u0103 asigur\u0103 o vizualizare cristalin\u0103 \u0219i un c\u00e2mp vizual larg, fie c\u0103 v\u0103 apropia\u021bi de \u021bint\u0103 sau explora\u021bi \u00eemprejurimile.<\/p>\n<p>Precizia este esen\u021bial\u0103 c\u00e2nd vine vorba de v\u00e2n\u0103toare, iar ACE S60R nu dezam\u0103ge\u0219te. Dispune de un telemetru laser \u00eencorporat (LRF) care ofer\u0103 m\u0103sur\u0103tori precise p\u00e2n\u0103 la 1200 de metri. LRF este integrat armonios \u00een design-ul elegant, men\u021bin\u00e2nd alinierea real\u0103 a axei optice, permi\u021b\u00e2ndu-v\u0103 s\u0103 calcula\u021bi distan\u021bele precise f\u0103r\u0103 a deranja focalizarea. \u0218i cu func\u021bionalitatea \u00eencorporat\u0103 de calcul balistic, ACE S60R se asigur\u0103 c\u0103 gloan\u021bele voastre sunt precise, lu\u00e2nd \u00een calcul fiecare factor pentru o acurate\u021be impecabil\u0103.<\/p>\n<p>Proiectat cu v\u00e2n\u0103torii \u00een minte, NocPix ACE S60R se laud\u0103 \u0219i cu un sistem dual de baterii, cu o baterie \u00eencorporat\u0103 de 4000mAh \u0219i o baterie deta\u0219abil\u0103 de 18650, pentru o utilizare extins\u0103 pe teren. Nu mai trebuie s\u0103 v\u0103 face\u021bi griji cu privire la epuizarea puterii \u00een mijlocul v\u00e2n\u0103torii &#8211; acest sistem este proiectat s\u0103 dureze c\u00e2t aventura dumneavoastr\u0103. \u00cen plus, func\u021bii precum oprirea automat\u0103 a ecranului, \u00eenregistrarea video activat\u0103 de recul \u0219i un design f\u0103r\u0103 capac fac din aceast\u0103 termovizoare un adev\u0103rat juc\u0103tor \u00een domeniu.<\/p>\n<p>Construit pentru cele mai dure condi\u021bii din exterior, ACE S60R este fabricat din aliaj de aluminiu de \u00eenalt\u0103 rezisten\u021b\u0103, testat riguros pentru a rezista la \u0219ocuri extreme \u0219i utilizare dur\u0103. Clasificat IP67 pentru rezisten\u021ba la ap\u0103, func\u021bioneaz\u0103 impecabil \u00een ploaie, praf \u0219i medii provocatoare, asigur\u00e2nd c\u0103 termovizoarea dumneavoastr\u0103 este la fel de durabil\u0103 ca \u0219i instinctele voastre de v\u00e2n\u0103toare.<\/p>\n<p>NocPix ACE S60R este mai mult dec\u00e2t o simpl\u0103 termovizoare &#8211; este partenerul de v\u00e2n\u0103toare definitiv. Cu tehnologie de ultim\u0103 genera\u021bie, durabilitate excep\u021bional\u0103 \u0219i o serie de func\u021bii avansate concepute pentru a v\u0103 \u00eembun\u0103t\u0103\u021bi experien\u021ba de v\u00e2n\u0103toare, aceast\u0103 termovizoar\u0103 va redefini ceea ce a\u0219tepta\u021bi de la echipamentul dumneavoastr\u0103. Preg\u0103ti\u021bi-v\u0103 s\u0103 st\u0103p\u00e2ni\u021bi noaptea.<\/p>\n","protected":false},"excerpt":{"rendered":"<p>Dispozitivul termic Nocpix ACE S60R este un instrument de v\u00e2rf destinat v\u00e2n\u0103torilor de elit\u0103, cu tehnologie avansat\u0103, construc\u021bie robust\u0103 \u0219i func\u021bii precum senzor termic HD Gen-2, sistem Vision+, telemetru laser integrat \u0219i sistem dual de baterii pentru performan\u021be maxime \u00een medii dificile.<\/p>\n<p>Dac\u0103 articolul nu este disponibil, v\u0103 rug\u0103m s\u0103 ne contacta\u021bi: shop@nbg.eu sau +359896147790<\/p>\n","protected":false},"featured_media":677008,"template":"","meta":{"_acf_changed":false},"product_brand":[14464],"product_cat":[12766],"product_tag":[],"class_list":{"0":"post-676970","1":"product","2":"type-product","3":"status-publish","4":"has-post-thumbnail","6":"product_brand-nocpix","7":"product_cat-termic","9":"first","10":"instock","11":"taxable","12":"shipping-taxable","13":"purchasable","14":"product-type-simple"},"acf":[],"_links":{"self":[{"href":"https:\/\/nbg.eu\/ro\/wp-json\/wp\/v2\/product\/676970","targetHints":{"allow":["GET"]}}],"collection":[{"href":"https:\/\/nbg.eu\/ro\/wp-json\/wp\/v2\/product"}],"about":[{"href":"https:\/\/nbg.eu\/ro\/wp-json\/wp\/v2\/types\/product"}],"wp:featuredmedia":[{"embeddable":true,"href":"https:\/\/nbg.eu\/ro\/wp-json\/wp\/v2\/media\/677008"}],"wp:attachment":[{"href":"https:\/\/nbg.eu\/ro\/wp-json\/wp\/v2\/media?parent=676970"}],"wp:term":[{"taxonomy":"product_brand","embeddable":true,"href":"https:\/\/nbg.eu\/ro\/wp-json\/wp\/v2\/product_brand?post=676970"},{"taxonomy":"product_cat","embeddable":true,"href":"https:\/\/nbg.eu\/ro\/wp-json\/wp\/v2\/product_cat?post=676970"},{"taxonomy":"product_tag","embeddable":true,"href":"https:\/\/nbg.eu\/ro\/wp-json\/wp\/v2\/product_tag?post=676970"}],"curies":[{"name":"wp","href":"https:\/\/api.w.org\/{rel}","templated":true}]}}