{"id":677682,"date":"2025-11-17T17:25:33","date_gmt":"2025-11-17T14:25:33","guid":{"rendered":"https:\/\/nbg.eu\/product\/vedere-termica-nocpix-ace-h50r-12um-640x512-15mk-netd\/"},"modified":"2026-04-14T16:15:23","modified_gmt":"2026-04-14T13:15:23","slug":"vedere-termica-nocpix-ace-h50r-12um-640x512-15mk-netd","status":"publish","type":"product","link":"https:\/\/nbg.eu\/ro\/produs\/vedere-termica-nocpix-ace-h50r-12um-640x512-15mk-netd\/","title":{"rendered":"Nocpix Lunet\u0103 Termic\u0103 ACE H50R"},"content":{"rendered":"<h2>NocPix ACE H50R Luneta termic\u0103 pentru rifle<\/h2>\n<p>Luneta termic\u0103 pentru rifle NocPix ACE H50R combin\u0103 tehnologia avansat\u0103 cu rezisten\u021ba la uzur\u0103 pentru o experien\u021b\u0103 de v\u00e2n\u0103toare f\u0103r\u0103 egal. Aceasta prezint\u0103 un senzor termic de 640&#215;512 pixeli cu NETD \u226412mK pentru claritate excep\u021bional\u0103 a imaginii, o raz\u0103 de detec\u021bie de 3100 de metri \u0219i un LRF integrat pentru m\u0103sur\u0103tori precise p\u00e2n\u0103 la 1200 de metri. Sistemul inovator Vision+ ofer\u0103 m\u0103rire optic\u0103 pentru vederi de aproape clare, \u00een timp ce un sistem dual de baterii asigur\u0103 o utilizare de lung\u0103 durat\u0103. Fabricat\u0103 din aliaj de aluminiu de \u00eenalt\u0103 rezisten\u021b\u0103 \u0219i clasificat\u0103 IP67, aceast\u0103 luneta este conceput\u0103 s\u0103 exceleze \u00een orice mediu outdoor \u0219i s\u0103 se adapteze oric\u0103rei situa\u021bii.<\/p>\n<p>Luneta termic\u0103 pentru rifle Nocpix ACE H50 este un instrument de v\u00e2rf, conceput pentru a redefini experien\u021ba de v\u00e2n\u0103toare, fie c\u0103 naviga\u021bi prin noaptea \u00eentunecat\u0103 sau urm\u0103ri\u021bi prada prin teren dificil. Ca parte a seriei flagship ACE de la Nocpix, aceast\u0103 optic\u0103 termic\u0103 se remarc\u0103 prin calitatea superioar\u0103 a imaginii \u0219i precizie, datorit\u0103 senzorului termic de \u00eenalt\u0103 rezolu\u021bie dezvoltat \u00een regie proprie \u0219i sistemelor avansate Reality+ \u0219i Vision+.<\/p>\n<p>\u00cen inima Nocpix ACE H50R se afl\u0103 senzorul s\u0103u termic HD de genera\u021bia a 2-a, care se laud\u0103 cu o rezolu\u021bie de 640&#215;512 pixeli \u0219i o rat\u0103 de cadre de 60Hz, oferind performan\u021be extrem de stabile. Cu un NETD de \u226412mK, aceast\u0103 lunet\u0103 detecteaz\u0103 chiar \u0219i cele mai mici diferen\u021be de temperatur\u0103, oferind imagini termice detaliate \u0219i fluide, ideale pentru urm\u0103rirea \u021bintelor \u00een mi\u0219care \u00een timp real. Algoritmul avansat de imagine Reality+ \u00eembun\u0103t\u0103\u021be\u0219te \u0219i mai mult aceast\u0103 caracteristic\u0103, elimin\u00e2nd zgomotul temperaturii ambientale, oferind contrast \u0219i claritate superioare chiar \u0219i \u00een condi\u021bii dificile de v\u00e2n\u0103toare.<\/p>\n<p>ACE H50R este echipat cu o lentil\u0103 de 50mm\/F0.9 care permite cu 20% mai mult\u0103 lumin\u0103 s\u0103 ajung\u0103 la senzor, cre\u00e2nd imagini mai str\u0103lucitoare \u0219i mai clare. Acest lucru este esen\u021bial pentru v\u00e2n\u0103torii care caut\u0103 precizie, deoarece \u00eembun\u0103t\u0103\u021birea transmisiei luminii ofer\u0103 o vizibilitate sporit\u0103 \u00een medii slab iluminate. \u00cen plus, raza de detec\u021bie de 3100 de metri separ\u0103 ACE de restul, facilit\u00e2nd identificarea \u0219i urm\u0103rirea \u021bintelor \u00eendep\u0103rtate mai u\u0219or \u0219i mai eficient ca niciodat\u0103.<\/p>\n<p>Sistemul integrat Vision+ \u00eembun\u0103t\u0103\u021be\u0219te experien\u021ba vizual\u0103 cu un ecran AMOLED circular de 1.03 inch cu o rezolu\u021bie de 2560&#215;2560. Sistemul s\u0103u optic de m\u0103rire, conceput pentru a evita \u00eenv\u00e2rto\u0219area \u0219i distorsiunea asociate \u00een mod obi\u0219nuit cu m\u0103ririle electronice tradi\u021bionale, asigur\u0103 c\u0103 v\u00e2n\u0103torii se bucur\u0103 de vederi de aproape clare \u0219i de \u00eenalt\u0103 rezolu\u021bie f\u0103r\u0103 a pierde detalii. Acest lucru ofer\u0103 o experien\u021b\u0103 de vizionare imersiv\u0103 \u0219i confortabil\u0103, fie c\u0103 v\u0103 \u021bine\u021bi ochii pe prad\u0103 de la distan\u021b\u0103, fie c\u0103 v\u0103 apropia\u021bi pentru o \u021bint\u0103 de precizie.<\/p>\n<p>Construit pentru utilizare prelungit\u0103 pe teren, ACE prezint\u0103 un sistem dual de baterii cu o baterie \u00eencorporat\u0103 de 4000mAh \u0219i o baterie suplimentar\u0103 deta\u0219abil\u0103 de 18650, permi\u021b\u00e2nd o func\u021bionare ne\u00eentrerupt\u0103 \u00een timpul sesiunilor lungi de v\u00e2n\u0103toare. Design-ul durabil, realizat din aliaj de aluminiu de \u00eenalt\u0103 rezisten\u021b\u0103, asigur\u0103 c\u0103 ACE poate rezista la medii outdoor dure \u0219i la utilizare intensiv\u0103, trec\u00e2nd testele riguroase de rezisten\u021b\u0103 la impact. Cu o clasificare IP67 la impermeabilitate, luneta r\u0103m\u00e2ne fiabil\u0103 \u00een condi\u021bii meteorologice nefavorabile, oferind v\u00e2n\u0103torilor lini\u0219te indiferent de mediu.<\/p>\n<p>Proiectat \u021bin\u00e2nd cont de nevoile v\u00e2n\u0103torilor, Nocpix ACE H50R include caracteristici esen\u021biale precum \u00eenregistrarea video activat\u0103 de recul \u0219i un design f\u0103r\u0103 obturator pentru o operare simpl\u0103 pe teren. Cu ad\u0103ugiri prietenoase cu utilizatorul, precum un ajustator de focalizare, un capac de \u00eenc\u0103rcare \u0219i posibilitatea de a reda videoclipuri direct prin func\u021bia Galerie, aceast\u0103 lunet\u0103 combin\u0103 performan\u021be ridicate cu comoditate pentru o experien\u021b\u0103 de v\u00e2n\u0103toare optim\u0103.<\/p>\n","protected":false},"excerpt":{"rendered":"<p>Luneta termic\u0103 Nocpix ACE H50R are un senzor termic de 640&#215;512 cu NETD \u226412mK, detec\u021bie de 3100m, LRF integrat \u0219i sistemul Vision+ pentru o experien\u021b\u0103 de v\u00e2n\u0103toare f\u0103r\u0103 egal.<br \/>\nDac\u0103 articolul nu este disponibil, v\u0103 rug\u0103m s\u0103 ne contacta\u021bi: shop@nbg.eu sau +359896147790<\/p>\n","protected":false},"featured_media":677891,"template":"","meta":{"_acf_changed":false},"product_brand":[14464],"product_cat":[12766],"product_tag":[],"class_list":{"0":"post-677682","1":"product","2":"type-product","3":"status-publish","4":"has-post-thumbnail","6":"product_brand-nocpix","7":"product_cat-termic","9":"first","10":"outofstock","11":"taxable","12":"shipping-taxable","13":"purchasable","14":"product-type-simple"},"acf":[],"_links":{"self":[{"href":"https:\/\/nbg.eu\/ro\/wp-json\/wp\/v2\/product\/677682","targetHints":{"allow":["GET"]}}],"collection":[{"href":"https:\/\/nbg.eu\/ro\/wp-json\/wp\/v2\/product"}],"about":[{"href":"https:\/\/nbg.eu\/ro\/wp-json\/wp\/v2\/types\/product"}],"wp:featuredmedia":[{"embeddable":true,"href":"https:\/\/nbg.eu\/ro\/wp-json\/wp\/v2\/media\/677891"}],"wp:attachment":[{"href":"https:\/\/nbg.eu\/ro\/wp-json\/wp\/v2\/media?parent=677682"}],"wp:term":[{"taxonomy":"product_brand","embeddable":true,"href":"https:\/\/nbg.eu\/ro\/wp-json\/wp\/v2\/product_brand?post=677682"},{"taxonomy":"product_cat","embeddable":true,"href":"https:\/\/nbg.eu\/ro\/wp-json\/wp\/v2\/product_cat?post=677682"},{"taxonomy":"product_tag","embeddable":true,"href":"https:\/\/nbg.eu\/ro\/wp-json\/wp\/v2\/product_tag?post=677682"}],"curies":[{"name":"wp","href":"https:\/\/api.w.org\/{rel}","templated":true}]}}