{"id":678101,"date":"2025-11-17T17:25:36","date_gmt":"2025-11-17T14:25:36","guid":{"rendered":"https:\/\/nbg.eu\/product\/noctuid-luminos-l35\/"},"modified":"2026-01-21T11:39:11","modified_gmt":"2026-01-21T08:39:11","slug":"noctuid-luminos-l35","status":"publish","type":"product","link":"https:\/\/nbg.eu\/ro\/produs\/noctuid-luminos-l35\/","title":{"rendered":"Noctuid Luminos L35"},"content":{"rendered":"<h2>Performan\u021b\u0103 maxim\u0103 cu greutate minim\u0103 &#8211; Nocpix LUMI L35: \u00censo\u021bitorul dvs. indispensabil \u00een domeniul dvs.<\/h2>\n<p>Seria de monocular termic LUMI este proiectat\u0103 at\u00e2t pentru utilizare de zi, c\u00e2t \u0219i de noapte \u0219i v\u0103 ofer\u0103 o calitate excep\u021bional\u0103 a imaginii chiar \u0219i \u00een condi\u021bii meteorologice dificile precum cea\u021b\u0103, smog sau ploaie. Chiar dac\u0103 obstacole precum ramuri, iarb\u0103 \u00eenalt\u0103 sau vegeta\u021bie dens\u0103 v\u0103 \u00eempiedic\u0103 s\u0103 vede\u021bi, datorit\u0103 acestei tehnologii pute\u021bi vedea \u00eentotdeauna clar ceea ce se afl\u0103 \u00een fa\u021b\u0103. De asemenea, sunt at\u00e2t de compacte \u0219i u\u0219oare \u00eenc\u00e2t le pute\u021bi purta u\u0219or oriunde.<\/p>\n<p>Camerele termice LUMI sunt perfecte pentru o varietate de aplica\u021bii, cum ar fi v\u00e2n\u0103toarea, supravegherea, securitatea, orientarea pe teren sau opera\u021biunile de c\u0103utare \u0219i salvare.<\/p>\n<h2>Performan\u021b\u0103 de imagine f\u0103r\u0103 egal pentru imagini cu margini foarte ascu\u021bite<\/h2>\n<p>Seria LUMI stabile\u0219te noi standarde \u00een ceea ce prive\u0219te calitatea imaginii. Echipat\u0103 cu cei mai avansa\u021bi algoritmi de imagine \u0219i un senzor termic puternic cu NETD &lt; 18 mK, camera furnizeaz\u0103 imagini foarte ascu\u021bite \u0219i realiste. Afi\u0219ajul AMOLED cu o rezolu\u021bie de 1024 x 768 pixeli asigur\u0103 o afi\u0219are excep\u021bional\u0103 a imaginii, \u00een timp ce modul Ultra Clear optimizeaz\u0103 \u00een continuare claritatea imaginii, \u00een special \u00een condi\u021bii meteorologice dificile.<\/p>\n<h2>Experien\u021b\u0103 de vizualizare personalizat\u0103 &#8211; Personaliza\u021bi-v\u0103 dispozitivul perfect<\/h2>\n<p>Datorit\u0103 senzorului de dimensiuni medii de 384 x 288 px \u0219i a unei variet\u0103\u021bi de op\u021biuni de setare, pute\u021bi adapta dispozitivul exact la nevoile dvs. Alege\u021bi dintre 5 moduri de culoare \u0219i optimiza\u021bi-v\u0103 vizualizarea cu 10 niveluri de luminozitate, claritate \u0219i contrast &#8211; astfel \u00eenc\u00e2t niciun detaliu s\u0103 nu treac\u0103 neobservat.<\/p>\n<h2>Experien\u021b\u0103 u\u0219oar\u0103 de partajare<\/h2>\n<p>Captarea momentelor speciale este esen\u021bial\u0103 pentru v\u00e2n\u0103torul modern. Cu Nocpix LUMI L35, pute\u021bi nu numai s\u0103 v\u0103 partaja\u021bi \u00eenregistr\u0103rile \u00een mod convenabil prin intermediul aplica\u021biei, ci \u0219i s\u0103 le reda\u021bi direct pe dispozitiv &#8211; perfect pentru a v\u0103 \u00eemp\u0103rt\u0103\u0219i instantaneu experien\u021bele cu ceilal\u021bi.<\/p>\n<h2>Poate fi utilizat \u00een mod flexibil datorit\u0103 sistemului de baterie deta\u0219abil<\/h2>\n<p>Seria LUMI este echipat\u0103 cu baterii standard 18650, oferindu-v\u0103 flexibilitate maxim\u0103. Indiferent unde merge\u021bi, cu \u00eenc\u0103rc\u0103torul de baterie inclus ve\u021bi fi gata din nou \u00een scurt timp &#8211; \u0219i pute\u021bi s\u0103 v\u0103 continua\u021bi misiunea.<\/p>\n","protected":false},"excerpt":{"rendered":"<p>Performan\u021b\u0103 maxim\u0103 cu greutate minim\u0103 \u2013 Nocpix LUMI L35: \u00eenso\u021bitorul t\u0103u indispensabil \u00een teren. Senzor 384 cu 18 mK, ecran AMOLED cu 1024 \u00d7 768 pixeli, baterie deta\u0219abil\u0103 18650, interval de detectare de aproximativ 1800 de metri, m\u0103rire de baz\u0103 mare pentru v\u00e2n\u0103toare \u00een teren, design compact.<br \/>\nDac\u0103 produsul nu este disponibil, v\u0103 rug\u0103m s\u0103 ne contacta\u021bi: shop@nbg.eu sau +359896147790<\/p>\n","protected":false},"featured_media":678164,"template":"","meta":{"_acf_changed":false},"product_brand":[14464],"product_cat":[12766,369],"product_tag":[],"class_list":{"0":"post-678101","1":"product","2":"type-product","3":"status-publish","4":"has-post-thumbnail","6":"product_brand-nocpix","7":"product_cat-termic","8":"product_cat-uncategorized","10":"first","11":"instock","12":"taxable","13":"shipping-taxable","14":"purchasable","15":"product-type-simple"},"acf":[],"_links":{"self":[{"href":"https:\/\/nbg.eu\/ro\/wp-json\/wp\/v2\/product\/678101","targetHints":{"allow":["GET"]}}],"collection":[{"href":"https:\/\/nbg.eu\/ro\/wp-json\/wp\/v2\/product"}],"about":[{"href":"https:\/\/nbg.eu\/ro\/wp-json\/wp\/v2\/types\/product"}],"wp:featuredmedia":[{"embeddable":true,"href":"https:\/\/nbg.eu\/ro\/wp-json\/wp\/v2\/media\/678164"}],"wp:attachment":[{"href":"https:\/\/nbg.eu\/ro\/wp-json\/wp\/v2\/media?parent=678101"}],"wp:term":[{"taxonomy":"product_brand","embeddable":true,"href":"https:\/\/nbg.eu\/ro\/wp-json\/wp\/v2\/product_brand?post=678101"},{"taxonomy":"product_cat","embeddable":true,"href":"https:\/\/nbg.eu\/ro\/wp-json\/wp\/v2\/product_cat?post=678101"},{"taxonomy":"product_tag","embeddable":true,"href":"https:\/\/nbg.eu\/ro\/wp-json\/wp\/v2\/product_tag?post=678101"}],"curies":[{"name":"wp","href":"https:\/\/api.w.org\/{rel}","templated":true}]}}