{"id":678359,"date":"2025-11-18T18:19:28","date_gmt":"2025-11-18T15:19:28","guid":{"rendered":"https:\/\/nbg.eu\/product\/nocpix-quest-l35r-384x288-netd-15mk\/"},"modified":"2026-04-14T16:15:17","modified_gmt":"2026-04-14T13:15:17","slug":"nocpix-quest-l35r-384x288-netd-15mk","status":"publish","type":"product","link":"https:\/\/nbg.eu\/ro\/produs\/nocpix-quest-l35r-384x288-netd-15mk\/","title":{"rendered":"Nocpix Binoclu Termic Quest L35R"},"content":{"rendered":"<h2>Nocpix Quest L35R 384&#215;288 NETD \u226415mK: Dezl\u0103n\u021bui\u021bi-v\u0103 viziunea termic\u0103<\/h2>\n<p>QUEST este u\u0219or \u0219i portabil, oferind o raz\u0103 de detectare de p\u00e2n\u0103 la 2600 m \u0219i un LRF \u00eencorporat covert cu o raz\u0103 de 1000 m pentru o precizie \u0219i vizibilitate superioare. Designul s\u0103u tradi\u021bional de binoclu prezint\u0103 un \u00eenveli\u0219 complet din cauciuc \u0219i o clasificare IP67 pentru durabilitate \u0219i confort \u00een condi\u021bii aspre. Echipat cu un senzor de performan\u021b\u0103 ridicat\u0103 640&#215;512 (NETD \u226415mK, 60Hz), QUEST ofer\u0103 o claritate excep\u021bional\u0103 a imaginii, sensibilitate termic\u0103 superioar\u0103 \u0219i func\u021bionare f\u0103r\u0103 probleme \u00een medii dificile.<\/p>\n<h2>Calitate \u0219i claritate excep\u021bionale ale imaginii<\/h2>\n<p>Nocpix QUEST prezint\u0103 \u00eembun\u0103t\u0103\u021bire a imaginii R+ pentru o claritate \u0219i precizie superioare, combinat\u0103 cu un ecran AMOLED 1920&#215;1200 pentru o experien\u021b\u0103 de vizionare imersiv\u0103 \u0219i prietenoas\u0103 pentru ochi.<\/p>\n<h2>Senzor superior pentru excelen\u021b\u0103<\/h2>\n<p>Nocpix QUEST este echipat cu un senzor de \u00eenalt\u0103 performan\u021b\u0103 (640&#215;512@12\u00b5m) care ofer\u0103 o claritate excep\u021bional\u0103 a imaginii. Cu NETD \u226415mK \u0219i o frecven\u021b\u0103 cadrelor de 60Hz, acesta furnizeaz\u0103 o sensibilitate termic\u0103 superioar\u0103, oferind imagini clare \u0219i vizuale chiar \u0219i \u00een cele mai dificile medii.<\/p>\n<h2>Capacit\u0103\u021bi puternice de detectare<\/h2>\n<p>Nocpix QUEST are o raz\u0103 de detectare de p\u00e2n\u0103 la 2600 m \u0219i un LRF \u00eencorporat ascuns cu o raz\u0103 de p\u00e2n\u0103 la 1000 m, permi\u021b\u00e2ndu-v\u0103 s\u0103 vede\u021bi mai departe \u0219i mai precis ca niciodat\u0103. De asemenea, accept\u0103 calculele balistice, furniz\u00e2nd suport pentru date \u00een cadrul v\u00e2n\u0103torii cooperative.<\/p>\n<h2>Operare ergonomic\u0103 cu o singur\u0103 m\u00e2n\u0103<\/h2>\n<p>Nocpix QUEST ofer\u0103 o manevrare ergonomic\u0103, antiderapant\u0103 cu o dispunere simplificat\u0103 a 4 butoane \u0219i a roti\u021belor centrale de derulare pentru o operare u\u0219oar\u0103 cu o singur\u0103 m\u00e2n\u0103 \u0219i o prindere sigur\u0103 \u00een toate condi\u021biile.<\/p>\n<h2>U\u0219or \u0219i portabil<\/h2>\n<p>QUEST c\u00e2nt\u0103re\u0219te doar 700g \u0219i include o geant\u0103 de transport personalizat\u0103, oferind portabilitate u\u0219oar\u0103 \u0219i confort pentru activit\u0103\u021bi \u00een aer liber, cum ar fi v\u00e2n\u0103toarea \u0219i explorarea.<\/p>\n<h2>Performan\u021b\u0103 fiabil\u0103 a bateriei<\/h2>\n<p>Seria QUEST prezint\u0103 un design cu baterie dual\u0103 cu o baterie \u00eencorporat\u0103 \u0219i deta\u0219abil\u0103 18650, asigur\u00e2nd \u00eenlocuire f\u0103r\u0103 probleme \u0219i utilizare continu\u0103 \u00een timpul aventurii.<\/p>\n<h2>Design durabil \u0219i confortabil<\/h2>\n<p>QUEST prezint\u0103 un design tradi\u021bional de binoclu cu un \u00eenveli\u0219 din cauciuc sofisticat \u0219i o clasificare IP67 pentru rezisten\u021b\u0103 la ap\u0103 \u0219i praf, asigur\u00e2nd at\u00e2t durabilitate, c\u00e2t \u0219i confort general.<\/p>\n","protected":false},"excerpt":{"rendered":"<p>Nocpix QUEST L35R 384&#215;288 NETD &lt;15mK: Imager termic u\u0219or \u0219i portabil cu raz\u0103 de detec\u021bie de 2600m, LRF \u00eencorporat de 1000m \u0219i claritate excep\u021bional\u0103 a imaginii.<\/p>\n<p>Dac\u0103 produsul nu este disponibil, v\u0103 rug\u0103m s\u0103 ne contacta\u021bi: shop@nbg.eu sau +359896147790<\/p>\n","protected":false},"featured_media":678500,"template":"","meta":{"_acf_changed":false},"product_brand":[14464],"product_cat":[14693,12766,16096],"product_tag":[],"class_list":{"0":"post-678359","1":"product","2":"type-product","3":"status-publish","4":"has-post-thumbnail","6":"product_brand-nocpix","7":"product_cat-binoclu","8":"product_cat-termic","9":"product_cat-thermal-cameras-ro","11":"first","12":"instock","13":"taxable","14":"shipping-taxable","15":"purchasable","16":"product-type-simple"},"acf":[],"_links":{"self":[{"href":"https:\/\/nbg.eu\/ro\/wp-json\/wp\/v2\/product\/678359","targetHints":{"allow":["GET"]}}],"collection":[{"href":"https:\/\/nbg.eu\/ro\/wp-json\/wp\/v2\/product"}],"about":[{"href":"https:\/\/nbg.eu\/ro\/wp-json\/wp\/v2\/types\/product"}],"wp:featuredmedia":[{"embeddable":true,"href":"https:\/\/nbg.eu\/ro\/wp-json\/wp\/v2\/media\/678500"}],"wp:attachment":[{"href":"https:\/\/nbg.eu\/ro\/wp-json\/wp\/v2\/media?parent=678359"}],"wp:term":[{"taxonomy":"product_brand","embeddable":true,"href":"https:\/\/nbg.eu\/ro\/wp-json\/wp\/v2\/product_brand?post=678359"},{"taxonomy":"product_cat","embeddable":true,"href":"https:\/\/nbg.eu\/ro\/wp-json\/wp\/v2\/product_cat?post=678359"},{"taxonomy":"product_tag","embeddable":true,"href":"https:\/\/nbg.eu\/ro\/wp-json\/wp\/v2\/product_tag?post=678359"}],"curies":[{"name":"wp","href":"https:\/\/api.w.org\/{rel}","templated":true}]}}