{"id":679450,"date":"2025-11-18T18:19:37","date_gmt":"2025-11-18T15:19:37","guid":{"rendered":"https:\/\/nbg.eu\/product\/nocpix-quest-h50r-lrf-640x512-netd-15mk\/"},"modified":"2026-04-14T16:15:13","modified_gmt":"2026-04-14T13:15:13","slug":"nocpix-quest-h50r-lrf-640x512-netd-15mk","status":"publish","type":"product","link":"https:\/\/nbg.eu\/ro\/produs\/nocpix-quest-h50r-lrf-640x512-netd-15mk\/","title":{"rendered":"Nocpix Binoclu Termic Quest H50R LRF"},"content":{"rendered":"<h2>Nocpix Quest H50R LRF 640&#215;512 NETD \u226415mK<\/h2>\n<p>QUEST este u\u0219oar\u0103 \u0219i portabil\u0103, oferind o raz\u0103 de detec\u021bie de p\u00e2n\u0103 la 2600 m \u0219i un LRF \u00eencorporat \u0219i ascuns cu o raz\u0103 de 1000 m pentru o precizie \u0219i vizibilitate superioar\u0103. Design-ul s\u0103u clasic de binoclu are o hus\u0103 complet\u0103 din cauciuc \u0219i o clasificare IP67 pentru durabilitate \u0219i confort \u00een condi\u021bii dificile. Echipat cu un senzor de performan\u021b\u0103 ridicat\u0103 de 640&#215;512 (NETD \u226415mK, 60Hz), QUEST ofer\u0103 claritate excep\u021bional\u0103 a imaginii, sensibilitate termic\u0103 superioar\u0103 \u0219i func\u021bionare f\u0103r\u0103 probleme \u00een medii dificile.<\/p>\n<h2>Senzor termic<\/h2>\n<p>Nocpix QUEST dispune de \u00eembun\u0103t\u0103\u021bire a imaginii R+ pentru o claritate \u0219i precizie superioar\u0103, combinat\u0103 cu un afi\u0219aj AMOLED de 1920&#215;1200 pentru o experien\u021b\u0103 de vizualizare imersiv\u0103 \u0219i prietenoas\u0103 pentru ochi.<\/p>\n<h2>Senzorul superior asigur\u0103 excelen\u021ba<\/h2>\n<p>Nocpix QUEST este echipat cu un senzor de \u00eenalt\u0103 performan\u021b\u0103 (640&#215;512@12\u00b5m) care ofer\u0103 o claritate excep\u021bional\u0103 a imaginii. Cu NETD \u226415mK \u0219i o rat\u0103 de cadre de 60Hz, acesta ofer\u0103 o sensibilitate termic\u0103 superioar\u0103, furniz\u00e2nd imagini clare \u0219i vizuale chiar \u0219i \u00een cele mai dificile medii.<\/p>\n<h2>Capabilit\u0103\u021bi puternice de detectare<\/h2>\n<p>Nocpix QUEST are o raz\u0103 de detec\u021bie de p\u00e2n\u0103 la 2600 m \u0219i un LRF \u00eencorporat \u0219i ascuns cu o raz\u0103 de p\u00e2n\u0103 la 1000 m, permi\u021bindu-v\u0103 s\u0103 vede\u021bi mai departe \u0219i mai precis ca niciodat\u0103. De asemenea, accept\u0103 calculele balistice, oferind sprijin de date pentru v\u00e2n\u0103toarea cooperativ\u0103.<\/p>\n<h2>Operare cu o singur\u0103 m\u00e2n\u0103<\/h2>\n<p>Nocpix QUEST ofer\u0103 o manevrabilitate ergonomic\u0103, antiderapant\u0103, cu o configura\u021bie simplificat\u0103 de 4 butoane \u0219i roti\u021be de derulare amplasate central pentru o operare u\u0219oar\u0103 cu o singur\u0103 m\u00e2n\u0103 \u0219i o prindere sigur\u0103 \u00een toate condi\u021biile.<\/p>\n<h2>U\u0219or \u0219i portabil<\/h2>\n<p>QUEST c\u00e2nt\u0103re\u0219te doar 700 g \u0219i include o geant\u0103 de transport personalizat\u0103, oferind portabilitate \u0219i confort u\u0219oare pentru activit\u0103\u021bi \u00een aer liber, cum ar fi v\u00e2n\u0103toarea \u0219i explorarea.<\/p>\n<h2>Elimina\u021bi \u00eengrijorarea privind alimentarea<\/h2>\n<p>Seria QUEST are un design cu baterie dubl\u0103, cu o baterie \u00eencorporat\u0103 \u0219i \u00eenlocuibil\u0103 de 18650, asigur\u00e2nd \u00eenlocuirea f\u0103r\u0103 probleme \u0219i o utilizare continu\u0103 \u00een timpul aventurii.<\/p>\n<h2>Experien\u021ba clasic\u0103 a binocularului<\/h2>\n<p>QUEST are un design clasic de binoclu cu o \u00eembr\u0103c\u0103minte din cauciuc sofisticat\u0103 \u0219i o clasificare IP67 pentru rezisten\u021b\u0103 la ap\u0103 \u0219i praf, asigur\u00e2nd at\u00e2t durabilitatea, c\u00e2t \u0219i confortul general.<\/p>\n","protected":false},"excerpt":{"rendered":"<p>Nocpix Quest H50R LRF 640&#215;512 NETD &lt;15mK: Camer\u0103 termic\u0103 u\u0219oar\u0103 \u0219i portabil\u0103 cu raz\u0103 de detec\u021bie de 2600m, LRF de 1000m \u0219i senzor superior de 640&#215;512.<\/p>\n","protected":false},"featured_media":679568,"template":"","meta":{"_acf_changed":false},"product_brand":[14464],"product_cat":[14693,12766,16096],"product_tag":[],"class_list":{"0":"post-679450","1":"product","2":"type-product","3":"status-publish","4":"has-post-thumbnail","6":"product_brand-nocpix","7":"product_cat-binoclu","8":"product_cat-termic","9":"product_cat-thermal-cameras-ro","11":"first","12":"instock","13":"taxable","14":"shipping-taxable","15":"purchasable","16":"product-type-simple"},"acf":[],"_links":{"self":[{"href":"https:\/\/nbg.eu\/ro\/wp-json\/wp\/v2\/product\/679450","targetHints":{"allow":["GET"]}}],"collection":[{"href":"https:\/\/nbg.eu\/ro\/wp-json\/wp\/v2\/product"}],"about":[{"href":"https:\/\/nbg.eu\/ro\/wp-json\/wp\/v2\/types\/product"}],"wp:featuredmedia":[{"embeddable":true,"href":"https:\/\/nbg.eu\/ro\/wp-json\/wp\/v2\/media\/679568"}],"wp:attachment":[{"href":"https:\/\/nbg.eu\/ro\/wp-json\/wp\/v2\/media?parent=679450"}],"wp:term":[{"taxonomy":"product_brand","embeddable":true,"href":"https:\/\/nbg.eu\/ro\/wp-json\/wp\/v2\/product_brand?post=679450"},{"taxonomy":"product_cat","embeddable":true,"href":"https:\/\/nbg.eu\/ro\/wp-json\/wp\/v2\/product_cat?post=679450"},{"taxonomy":"product_tag","embeddable":true,"href":"https:\/\/nbg.eu\/ro\/wp-json\/wp\/v2\/product_tag?post=679450"}],"curies":[{"name":"wp","href":"https:\/\/api.w.org\/{rel}","templated":true}]}}