{"id":681058,"date":"2025-12-17T14:06:52","date_gmt":"2025-12-17T11:06:52","guid":{"rendered":"https:\/\/nbg.eu\/product\/manly-masculin-g10-negru-cpm-s90v\/"},"modified":"2026-01-21T11:41:29","modified_gmt":"2026-01-21T08:41:29","slug":"manly-masculin-g10-negru-cpm-s90v","status":"publish","type":"product","link":"https:\/\/nbg.eu\/ro\/produs\/manly-masculin-g10-negru-cpm-s90v\/","title":{"rendered":"Manly Masculin G10 NEGRU CPM S90V"},"content":{"rendered":"<h2>Manly PEAK G10 BLACK CPM S90V &#8211; Cu\u021bit pliant excep\u021bional de manevrat cu o singur\u0103 m\u00e2n\u0103<\/h2>\n<p>Experimenta\u021bi cu\u021bitul pliant Manly PEAK G10 BLACK CPM S90V excep\u021bional, un instrument unic \u0219i versatil, proiectat pentru o varietate de activit\u0103\u021bi. Dep\u0103rt\u00e2ndu-se de modelul Comrade, acest cu\u021bit se remarc\u0103 printr-un design impresionant, care \u00eel face un partener perfect pentru orice sarcin\u0103.<\/p>\n<p>Disponibil \u00een dou\u0103 versiuni distincte, PEAK ofer\u0103 comoditatea deschiderii cu o singur\u0103 m\u00e2n\u0103 sau cu dou\u0103 m\u00e2ini, adapt\u00e2ndu-se preferin\u021belor personale. Realizat cu precizie, lama este fabricat\u0103 din o\u021bel CPM S90V de \u00eenalt\u0103 performan\u021b\u0103, asigur\u00e2nd o reten\u021bie excep\u021bional\u0103 a muchiei \u0219i rezisten\u021b\u0103 la coroziune.<\/p>\n<p>M\u00e2nerul durabil din G10 asigur\u0103 o prindere sigur\u0103 \u0219i confortabil\u0103, f\u0103c\u00e2nd din PEAK o alegere fiabil\u0103 pentru uz cotidian sau aventuri \u00een aer liber. Cu mecanismul s\u0103u de deschidere prin gaura pentru deget \u0219i sistemul manual Backlock, acest cu\u021bit permite o operare u\u0219oar\u0103 cu o singur\u0103 m\u00e2n\u0103, permi\u021b\u00e2ndu-v\u0103 s\u0103 v\u0103 \u00eendeplini\u021bi sarcinile cu u\u0219urin\u021b\u0103.<\/p>\n<p>C\u00e2nt\u0103rind doar 115 grame, PEAK este un instrument u\u0219or, dar robust, care nu v\u0103 va \u00eempov\u0103ra. Fie c\u0103 sunte\u021bi un pasionat al outdoor-ului, un operator tactic sau pur \u0219i simplu c\u0103uta\u021bi un cu\u021bit pliant versatil \u0219i bine proiectat, Manly PEAK G10 BLACK CPM S90V este r\u0103spunsul.<\/p>\n","protected":false},"excerpt":{"rendered":"<p>Cu\u021bit de o m\u00e2n\u0103 PEAK CPM S90V negru, design fantastic pentru orice activitate.<\/p>\n","protected":false},"featured_media":681141,"template":"","meta":{"_acf_changed":false},"product_brand":[15084],"product_cat":[12780,15374,15353],"product_tag":[],"class_list":{"0":"post-681058","1":"product","2":"type-product","3":"status-publish","4":"has-post-thumbnail","6":"product_brand-manly-knives","7":"product_cat-edc","8":"product_cat-folding-knives-ro","9":"product_cat-knives-sl","11":"first","12":"outofstock","13":"taxable","14":"shipping-taxable","15":"purchasable","16":"product-type-simple"},"acf":[],"_links":{"self":[{"href":"https:\/\/nbg.eu\/ro\/wp-json\/wp\/v2\/product\/681058","targetHints":{"allow":["GET"]}}],"collection":[{"href":"https:\/\/nbg.eu\/ro\/wp-json\/wp\/v2\/product"}],"about":[{"href":"https:\/\/nbg.eu\/ro\/wp-json\/wp\/v2\/types\/product"}],"wp:featuredmedia":[{"embeddable":true,"href":"https:\/\/nbg.eu\/ro\/wp-json\/wp\/v2\/media\/681141"}],"wp:attachment":[{"href":"https:\/\/nbg.eu\/ro\/wp-json\/wp\/v2\/media?parent=681058"}],"wp:term":[{"taxonomy":"product_brand","embeddable":true,"href":"https:\/\/nbg.eu\/ro\/wp-json\/wp\/v2\/product_brand?post=681058"},{"taxonomy":"product_cat","embeddable":true,"href":"https:\/\/nbg.eu\/ro\/wp-json\/wp\/v2\/product_cat?post=681058"},{"taxonomy":"product_tag","embeddable":true,"href":"https:\/\/nbg.eu\/ro\/wp-json\/wp\/v2\/product_tag?post=681058"}],"curies":[{"name":"wp","href":"https:\/\/api.w.org\/{rel}","templated":true}]}}