{"id":681160,"date":"2026-01-08T18:14:00","date_gmt":"2026-01-08T15:14:00","guid":{"rendered":"https:\/\/nbg.eu\/product\/manly-peak-black-14c28n\/"},"modified":"2026-01-21T11:41:26","modified_gmt":"2026-01-21T08:41:26","slug":"manly-peak-black-14c28n","status":"publish","type":"product","link":"https:\/\/nbg.eu\/ro\/produs\/manly-peak-black-14c28n\/","title":{"rendered":"Manly PEAK BLACK 14C28N"},"content":{"rendered":"<h2>Cu\u021bitul de buzunar PEAK BLACK 14C28N \u2013 Veritabilul cu\u021bit de uz cotidian<\/h2>\n<p>Continu\u00e2nd tradi\u021bia Manly de a furniza cu\u021bite de buzunar de \u00eenalt\u0103 calitate la pre\u021buri rezonabile, PEAK &#8211; 14C28N Black (One Hand) este epitomul versatilit\u0103\u021bii \u0219i al practicit\u0103\u021bii. Realizat cu precizie, acest cu\u021bit pliant prezint\u0103 o lam\u0103 din o\u021bel suedez 14C28N \u0219i un m\u00e2ner din G10, asigur\u00e2nd un instrument de t\u0103iere durabil \u0219i fiabil pentru activit\u0103\u021bi zilnice.<\/p>\n<p>Proiectat pentru utilizare ambidextr\u0103, clema reversibil\u0103 permite o acces u\u0219or pentru m\u00e2na st\u00e2ng\u0103 sau dreapt\u0103, f\u0103c\u00e2ndu-l un companion perfect, indiferent dac\u0103 e\u0219ti dreptaci sau st\u00e2ngaci. Mecanismul de blocare din spate asigur\u0103 o blocare sigur\u0103 \u0219i fiabil\u0103, asigur\u00e2nd c\u0103 lama r\u0103m\u00e2ne \u00een pozi\u021bie \u00een timpul utiliz\u0103rii.<\/p>\n<p>Cu o lungime total\u0103 de 22 cm \u0219i o lungime a lamei de 9,4 cm, PEAK &#8211; 14C28N Black (One Hand) ofer\u0103 o dimensiune confortabil\u0103 \u0219i u\u0219or de manevrat\u0103, perfect\u0103 pentru o gam\u0103 larg\u0103 de aplica\u021bii, de la aventuri \u00een aer liber la activit\u0103\u021bi utilitare cotidiene. Cu o greutate de 115g, acest cu\u021bit realizeaz\u0103 un echilibru perfect \u00eentre greutate \u0219i portabilitate, f\u0103c\u00e2ndu-l o alegere fiabil\u0103 \u0219i versatil\u0103 pentru transportul zilnic.<\/p>\n<p>Prezent\u00e2nd o lam\u0103 14C28N cu finisaj satinat \u0219i un m\u00e2ner negru elegant din G10, PEAK &#8211; 14C28N Black (One Hand) nu numai c\u0103 performeaz\u0103 excep\u021bional, dar se bucur\u0103 \u0219i de o estetic\u0103 modern\u0103 \u0219i elegant\u0103, care se va potrivi oric\u0103rui stil personal. Fie c\u0103 e\u0219ti un pasionat de activit\u0103\u021bi \u00een aer liber, un me\u0219ter sau pur \u0219i simplu cineva care apreciaz\u0103 un instrument bine realizat, Manly PEAK &#8211; 14C28N Black (One Hand) este o ad\u0103ugare perfect\u0103 la colec\u021bia ta de articole de uz cotidian.<\/p>\n","protected":false},"excerpt":{"rendered":"<p>Cu\u021bit de buzunar la un pre\u021b rezonabil, cu o\u021bel suedez 14C28N, clip reversibil \u0219i blocare spate.<\/p>\n","protected":false},"featured_media":685062,"template":"","meta":{"_acf_changed":false},"product_brand":[15084],"product_cat":[12780],"product_tag":[],"class_list":{"0":"post-681160","1":"product","2":"type-product","3":"status-publish","4":"has-post-thumbnail","6":"product_brand-manly-knives","7":"product_cat-edc","9":"first","10":"instock","11":"taxable","12":"shipping-taxable","13":"purchasable","14":"product-type-simple"},"acf":[],"_links":{"self":[{"href":"https:\/\/nbg.eu\/ro\/wp-json\/wp\/v2\/product\/681160","targetHints":{"allow":["GET"]}}],"collection":[{"href":"https:\/\/nbg.eu\/ro\/wp-json\/wp\/v2\/product"}],"about":[{"href":"https:\/\/nbg.eu\/ro\/wp-json\/wp\/v2\/types\/product"}],"wp:featuredmedia":[{"embeddable":true,"href":"https:\/\/nbg.eu\/ro\/wp-json\/wp\/v2\/media\/685062"}],"wp:attachment":[{"href":"https:\/\/nbg.eu\/ro\/wp-json\/wp\/v2\/media?parent=681160"}],"wp:term":[{"taxonomy":"product_brand","embeddable":true,"href":"https:\/\/nbg.eu\/ro\/wp-json\/wp\/v2\/product_brand?post=681160"},{"taxonomy":"product_cat","embeddable":true,"href":"https:\/\/nbg.eu\/ro\/wp-json\/wp\/v2\/product_cat?post=681160"},{"taxonomy":"product_tag","embeddable":true,"href":"https:\/\/nbg.eu\/ro\/wp-json\/wp\/v2\/product_tag?post=681160"}],"curies":[{"name":"wp","href":"https:\/\/api.w.org\/{rel}","templated":true}]}}