{"id":681310,"date":"2025-12-17T14:50:21","date_gmt":"2025-12-17T11:50:21","guid":{"rendered":"https:\/\/nbg.eu\/product\/manly-patriot-m-verde-rwl-34\/"},"modified":"2026-01-21T11:39:48","modified_gmt":"2026-01-21T08:39:48","slug":"manly-patriot-m-verde-rwl-34","status":"publish","type":"product","link":"https:\/\/nbg.eu\/ro\/produs\/manly-patriot-m-verde-rwl-34\/","title":{"rendered":"Manly  PATRIOT M.VERDE RWL-34"},"content":{"rendered":"<h2>Cu\u021bitul cu lam\u0103 fix\u0103 Manly PATRIOT M.GREEN RWL-34 &#8211; Instrument versatil pentru uz zilnic<\/h2>\n<p>Cu PATRIOT &#8211; RWL-34 \u00een culoarea verde militar, Manly prezint\u0103 o versiune cu lam\u0103 fix\u0103 a cu\u021bitului pliabil Comrade. Av\u00e2nd aproximativ acelea\u0219i dimensiuni, PATRIOT este alegerea perfect\u0103 pentru uz cotidian, v\u00e2n\u0103toare \u0219i camping. Prezent\u00e2nd o lam\u0103 cu finisaj satinat realizat\u0103 din o\u021bel premium RWL-34, acest cu\u021bit combin\u0103 durabilitatea \u0219i performan\u021ba de t\u0103iere. Realizat fie cu m\u00e2nere din G10, fie din lemn de nuc, PATRIOT ofer\u0103 o prindere confortabil\u0103 \u0219i sigur\u0103, asigur\u00e2nd o manevrare \u00eencrez\u0103toare \u00een diverse situa\u021bii.<\/p>\n<p>M\u0103sur\u00e2nd 21 cm \u00een lungime total\u0103 \u0219i av\u00e2nd o lam\u0103 de 9,1 cm, PATRIOT este un instrument compact \u0219i versatil. Lama sa de 4 mm grosime ofer\u0103 o rezisten\u021b\u0103 \u0219i rigiditate adecvate, \u00een timp ce greutatea total\u0103 de 126 g asigur\u0103 o senza\u021bie de echilibru. Protejat de o teac\u0103 Kydex durabil\u0103, PATRIOT este un partener de \u00eencredere at\u00e2t pentru pasiona\u021bii de activit\u0103\u021bi \u00een aer liber, c\u00e2t \u0219i pentru utilizatorii de instrumente de uz zilnic.<\/p>\n","protected":false},"excerpt":{"rendered":"<p>Cu\u021bit militar cu lam\u0103 din o\u021bel RWL-34 \u0219i m\u00e2ner din G10, culoare verde.<\/p>\n","protected":false},"featured_media":681514,"template":"","meta":{"_acf_changed":false},"product_brand":[15084],"product_cat":[2876],"product_tag":[],"class_list":{"0":"post-681310","1":"product","2":"type-product","3":"status-publish","4":"has-post-thumbnail","6":"product_brand-manly-knives","7":"product_cat-rahohvatki","9":"first","10":"instock","11":"taxable","12":"shipping-taxable","13":"purchasable","14":"product-type-simple"},"acf":[],"_links":{"self":[{"href":"https:\/\/nbg.eu\/ro\/wp-json\/wp\/v2\/product\/681310","targetHints":{"allow":["GET"]}}],"collection":[{"href":"https:\/\/nbg.eu\/ro\/wp-json\/wp\/v2\/product"}],"about":[{"href":"https:\/\/nbg.eu\/ro\/wp-json\/wp\/v2\/types\/product"}],"wp:featuredmedia":[{"embeddable":true,"href":"https:\/\/nbg.eu\/ro\/wp-json\/wp\/v2\/media\/681514"}],"wp:attachment":[{"href":"https:\/\/nbg.eu\/ro\/wp-json\/wp\/v2\/media?parent=681310"}],"wp:term":[{"taxonomy":"product_brand","embeddable":true,"href":"https:\/\/nbg.eu\/ro\/wp-json\/wp\/v2\/product_brand?post=681310"},{"taxonomy":"product_cat","embeddable":true,"href":"https:\/\/nbg.eu\/ro\/wp-json\/wp\/v2\/product_cat?post=681310"},{"taxonomy":"product_tag","embeddable":true,"href":"https:\/\/nbg.eu\/ro\/wp-json\/wp\/v2\/product_tag?post=681310"}],"curies":[{"name":"wp","href":"https:\/\/api.w.org\/{rel}","templated":true}]}}