{"id":681525,"date":"2025-12-17T15:41:02","date_gmt":"2025-12-17T12:41:02","guid":{"rendered":"https:\/\/nbg.eu\/product\/manly-patriot-d2-negru\/"},"modified":"2026-01-21T11:39:36","modified_gmt":"2026-01-21T08:39:36","slug":"manly-patriot-d2-negru","status":"publish","type":"product","link":"https:\/\/nbg.eu\/ro\/produs\/manly-patriot-d2-negru\/","title":{"rendered":"Manly PATRIOT D2 NEGRU"},"content":{"rendered":"<h2>Cu\u021bitul fix PATRIOT D2 BLACK Manly: Comoditate de zi cu zi \u0219i versatilitate pentru utilizare \u00een aer liber<\/h2>\n<p>V\u0103 prezent\u0103m cu\u021bitul fix PATRIOT D2 BLACK Manly, care \u00eembin\u0103 designul de succes al cu\u021bitului pliabil Comrade cu o func\u021bionalitate de zi cu zi \u00eembun\u0103t\u0103\u021bit\u0103. Realizat cu dimensiuni aproape identice, PATRIOT este alegerea ideal\u0103 pentru o gam\u0103 larg\u0103 de sarcini, de la utilizarea de zi cu zi la v\u00e2n\u0103toare \u0219i camping.<\/p>\n<p>Cu lama finisat\u0103 satinat din o\u021bel 1.2379 (D2), PATRIOT ofer\u0103 performan\u021b\u0103 \u0219i durabilitate excep\u021bionale. Construc\u021bia cu lam\u0103 \u00eentreag\u0103 (full-tang) asigur\u0103 o rezisten\u021b\u0103 \u0219i stabilitate de \u00eencredere, transform\u00e2nd acest cu\u021bit \u00eentr-un partener de \u00eencredere \u00een orice situa\u021bie.<\/p>\n<p>Disponibil cu m\u00e2nere din G10 sau lemn de nuc, PATRIOT ofer\u0103 o prindere confortabil\u0103 \u0219i sigur\u0103, sporind versatilitatea \u0219i u\u0219urin\u021ba de utilizare. Teaca din Kydex ofer\u0103 un mod sigur \u0219i convenabil de a transporta cu\u021bitul, asigur\u00e2nd accesul u\u0219or atunci c\u00e2nd este necesar.<\/p>\n<p>Cu o lungime total\u0103 de 21 cm \u0219i o lungime a lamei de 9,1 cm, PATRIOT este un cu\u021bit fix compact \u0219i manevrabil, excel\u00e2nd \u00eentr-o varietate de aplica\u021bii. Grosimea de 4 mm a lamei \u0219i greutatea de 126 g asigur\u0103 o senza\u021bie solid\u0103 \u0219i echilibrat\u0103, f\u0103c\u00e2nd din acesta un instrument de \u00eencredere pentru orice pasionat de activit\u0103\u021bi \u00een aer liber sau utilizator de zi cu zi.<\/p>\n<p>Fie c\u0103 v\u0103 aventura\u021bi \u00een activit\u0103\u021bi outdoor, campa\u021bi, v\u00e2na\u021bi sau pur \u0219i simplu ave\u021bi nevoie de un cu\u021bit de zi cu zi de \u00eencredere, Manly PATRIOT D2 BLACK este alegerea perfect\u0103. Combin\u00e2nd func\u021bionalitatea, durabilitatea \u0219i un design modern \u0219i elegant, acest cu\u021bit fix este o achizi\u021bie obligatorie pentru cei care caut\u0103 un instrument de t\u0103iere versatil \u0219i de \u00eencredere.<\/p>\n","protected":false},"excerpt":{"rendered":"<p>Cu\u021bit fix de zi cu zi MANLY PATRIOT D2 BLACK: lungime total\u0103 de 21 cm, lam\u0103 din o\u021bel D2 de 9,1 cm, 126 g, m\u00e2ner din G10.<\/p>\n","protected":false},"featured_media":681738,"template":"","meta":{"_acf_changed":false},"product_brand":[15084],"product_cat":[2876],"product_tag":[],"class_list":{"0":"post-681525","1":"product","2":"type-product","3":"status-publish","4":"has-post-thumbnail","6":"product_brand-manly-knives","7":"product_cat-rahohvatki","9":"first","10":"instock","11":"taxable","12":"shipping-taxable","13":"purchasable","14":"product-type-simple"},"acf":[],"_links":{"self":[{"href":"https:\/\/nbg.eu\/ro\/wp-json\/wp\/v2\/product\/681525","targetHints":{"allow":["GET"]}}],"collection":[{"href":"https:\/\/nbg.eu\/ro\/wp-json\/wp\/v2\/product"}],"about":[{"href":"https:\/\/nbg.eu\/ro\/wp-json\/wp\/v2\/types\/product"}],"wp:featuredmedia":[{"embeddable":true,"href":"https:\/\/nbg.eu\/ro\/wp-json\/wp\/v2\/media\/681738"}],"wp:attachment":[{"href":"https:\/\/nbg.eu\/ro\/wp-json\/wp\/v2\/media?parent=681525"}],"wp:term":[{"taxonomy":"product_brand","embeddable":true,"href":"https:\/\/nbg.eu\/ro\/wp-json\/wp\/v2\/product_brand?post=681525"},{"taxonomy":"product_cat","embeddable":true,"href":"https:\/\/nbg.eu\/ro\/wp-json\/wp\/v2\/product_cat?post=681525"},{"taxonomy":"product_tag","embeddable":true,"href":"https:\/\/nbg.eu\/ro\/wp-json\/wp\/v2\/product_tag?post=681525"}],"curies":[{"name":"wp","href":"https:\/\/api.w.org\/{rel}","templated":true}]}}