{"id":681774,"date":"2025-12-17T15:55:16","date_gmt":"2025-12-17T12:55:16","guid":{"rendered":"https:\/\/nbg.eu\/product\/orasul-manly-portocaliu-cpm-s90v\/"},"modified":"2026-01-21T12:29:09","modified_gmt":"2026-01-21T09:29:09","slug":"orasul-manly-portocaliu-cpm-s90v","status":"publish","type":"product","link":"https:\/\/nbg.eu\/ro\/produs\/orasul-manly-portocaliu-cpm-s90v\/","title":{"rendered":"Ora\u0219ul Manly Portocaliu CPM S90V"},"content":{"rendered":"<h2>Manly City CPM S90V- Cu\u021bit pliabil pentru uz cotidian<\/h2>\n<p>Dup\u0103 cum sugereaz\u0103 \u0219i numele s\u0103u, Manly City CPM S90V este un cu\u021bit urban exceptional pentru uz cotidian. Acesta vine cu filosofia Manly de a oferi utilizatorilor materiale premium cu grij\u0103 selectate la un pre\u021b rezonabil. Lama plat-deplin\u0103 este realizat\u0103 din o\u021bel de \u00eenalt\u0103 performan\u021b\u0103 CPM S90V, cu o duritate Rockwell de 60-62 HRC, asigur\u00e2nd o re\u021binere excep\u021bional\u0103 a muchiei \u0219i rezisten\u021b\u0103 la coroziune.<\/p>\n<p>Proiectat pentru utilizare ambidextr\u0103, acest model prezint\u0103 o ag\u0103\u021b\u0103toare de buzunar reversibil\u0103 \u0219i o pozi\u021bie dubl\u0103 a pinului, f\u0103c\u00e2ndu-l potrivit at\u00e2t pentru utilizatorii st\u00e2ngaci, c\u00e2t \u0219i pentru cei dreptaci. M\u00e2nerul G10 asigur\u0103 o prindere sigur\u0103 \u0219i confortabil\u0103, \u00een timp ce mecanismul de deschidere cu o singur\u0103 m\u00e2n\u0103 \u0219i de blocare asigur\u0103 o func\u021bionare fiabil\u0103.<\/p>\n<p>Cu o lungime total\u0103 de 17,7 cm \u0219i o lungime a lamei de 7,0 cm, Manly City CPM S90V este un cu\u021bit pentru uz cotidian versatil, care combin\u0103 materiale premium, performan\u021b\u0103 excep\u021bional\u0103 \u0219i caracteristici u\u0219or de utilizat. C\u00e2nt\u0103rind doar 95 g, este un \u00eenso\u021bitor u\u0219or \u0219i u\u0219or de transportat pentru o varietate de sarcini cotidiene.<\/p>\n","protected":false},"excerpt":{"rendered":"<p>Cu\u021bit EDC (Everyday Carry) pentru uz cotidian. Lam\u0103 din o\u021bel CPM S90V, m\u00e2ner din G10, cleme reversibile, adecvat pentru utilizare \u00een m\u00e2na st\u00e2ng\u0103\/dreapt\u0103.<\/p>\n","protected":false},"featured_media":681838,"template":"","meta":{"_acf_changed":false},"product_brand":[15084],"product_cat":[12780],"product_tag":[],"class_list":{"0":"post-681774","1":"product","2":"type-product","3":"status-publish","4":"has-post-thumbnail","6":"product_brand-manly-knives","7":"product_cat-edc","9":"first","10":"instock","11":"taxable","12":"shipping-taxable","13":"purchasable","14":"product-type-simple"},"acf":[],"_links":{"self":[{"href":"https:\/\/nbg.eu\/ro\/wp-json\/wp\/v2\/product\/681774","targetHints":{"allow":["GET"]}}],"collection":[{"href":"https:\/\/nbg.eu\/ro\/wp-json\/wp\/v2\/product"}],"about":[{"href":"https:\/\/nbg.eu\/ro\/wp-json\/wp\/v2\/types\/product"}],"wp:featuredmedia":[{"embeddable":true,"href":"https:\/\/nbg.eu\/ro\/wp-json\/wp\/v2\/media\/681838"}],"wp:attachment":[{"href":"https:\/\/nbg.eu\/ro\/wp-json\/wp\/v2\/media?parent=681774"}],"wp:term":[{"taxonomy":"product_brand","embeddable":true,"href":"https:\/\/nbg.eu\/ro\/wp-json\/wp\/v2\/product_brand?post=681774"},{"taxonomy":"product_cat","embeddable":true,"href":"https:\/\/nbg.eu\/ro\/wp-json\/wp\/v2\/product_cat?post=681774"},{"taxonomy":"product_tag","embeddable":true,"href":"https:\/\/nbg.eu\/ro\/wp-json\/wp\/v2\/product_tag?post=681774"}],"curies":[{"name":"wp","href":"https:\/\/api.w.org\/{rel}","templated":true}]}}