{"id":682133,"date":"2026-01-08T18:13:52","date_gmt":"2026-01-08T15:13:52","guid":{"rendered":"https:\/\/nbg.eu\/product\/orasul-militar-masculin-14c28n\/"},"modified":"2026-01-21T11:41:31","modified_gmt":"2026-01-21T08:41:31","slug":"orasul-militar-masculin-14c28n","status":"publish","type":"product","link":"https:\/\/nbg.eu\/ro\/produs\/orasul-militar-masculin-14c28n\/","title":{"rendered":"Ora\u0219ul Militar Masculin 14C28N"},"content":{"rendered":"<h2>Cu\u021bitul Militar Manly City 14C28N: Cu\u021bitul Excep\u021bional de Zi cu Zi<\/h2>\n<p>Cu\u021bitul Militar Manly City 14C28N este un cu\u021bit de ora\u0219 excep\u021bional de zi cu zi care \u00eencorporeaz\u0103 filozofia noastr\u0103 de a oferi materiale primare atent selectate la un pre\u021b rezonabil. Cu o lam\u0103 plat\u0103 complet\u0103 din o\u021bel Sandvik 14C28N, acest model este conceput pentru versatilitate \u0219i comoditate.<\/p>\n<p>Prezent\u00e2nd o clem\u0103 reversibil\u0103 \u0219i o pozi\u021bie cu dou\u0103 pini, Cu\u021bitul Militar Manly City 14C28N este potrivit at\u00e2t pentru utilizatorii st\u00e2ngaci, c\u00e2t \u0219i pentru cei dreptaci, asigur\u00e2nd o prindere confortabil\u0103 \u0219i personalizabil\u0103. Materialul m\u00e2nerului G10 ofer\u0103 o prindere sigur\u0103 \u0219i durabil\u0103, \u00een timp ce mecanismul de deschidere cu o singur\u0103 m\u00e2n\u0103 \u0219i de blocare asigur\u0103 o func\u021bionare lin\u0103 \u0219i fiabil\u0103.<\/p>\n<p>Specifica\u021bii tehnice:<\/p>\n<ul>\n<li>Model: CITY 14C28N Military Green Flat Handle<\/li>\n<li>Tip: Cu\u021bit pliant<\/li>\n<li>Lungime total\u0103: 17,7 cm<\/li>\n<li>Lungime lam\u0103: 7,0 cm<\/li>\n<li>Lungime pliat\u0103: 10,5 cm<\/li>\n<li>Grosime lam\u0103: 2,7 mm<\/li>\n<li>Greutate: 95 g<\/li>\n<li>Material lam\u0103: 14C28N<\/li>\n<li>Material m\u00e2ner: G10<\/li>\n<li>Deschidere: Buton pe lam\u0103<\/li>\n<li>Deschidere: cu o singur\u0103 m\u00e2n\u0103<\/li>\n<li>Tip blocare: Blocare pe spate<\/li>\n<\/ul>\n","protected":false},"excerpt":{"rendered":"<p>Cutitul de oras military Manly City 14C28N este un cutit exceptional pentru uz zilnic, fabricat din otel Sandvik 14C28N si maner din G10, potrivit pentru utilizare cu mana stanga sau dreapta.<\/p>\n","protected":false},"featured_media":682323,"template":"","meta":{"_acf_changed":false},"product_brand":[15084],"product_cat":[12780],"product_tag":[],"class_list":{"0":"post-682133","1":"product","2":"type-product","3":"status-publish","4":"has-post-thumbnail","6":"product_brand-manly-knives","7":"product_cat-edc","9":"first","10":"instock","11":"taxable","12":"shipping-taxable","13":"purchasable","14":"product-type-simple"},"acf":[],"_links":{"self":[{"href":"https:\/\/nbg.eu\/ro\/wp-json\/wp\/v2\/product\/682133","targetHints":{"allow":["GET"]}}],"collection":[{"href":"https:\/\/nbg.eu\/ro\/wp-json\/wp\/v2\/product"}],"about":[{"href":"https:\/\/nbg.eu\/ro\/wp-json\/wp\/v2\/types\/product"}],"wp:featuredmedia":[{"embeddable":true,"href":"https:\/\/nbg.eu\/ro\/wp-json\/wp\/v2\/media\/682323"}],"wp:attachment":[{"href":"https:\/\/nbg.eu\/ro\/wp-json\/wp\/v2\/media?parent=682133"}],"wp:term":[{"taxonomy":"product_brand","embeddable":true,"href":"https:\/\/nbg.eu\/ro\/wp-json\/wp\/v2\/product_brand?post=682133"},{"taxonomy":"product_cat","embeddable":true,"href":"https:\/\/nbg.eu\/ro\/wp-json\/wp\/v2\/product_cat?post=682133"},{"taxonomy":"product_tag","embeddable":true,"href":"https:\/\/nbg.eu\/ro\/wp-json\/wp\/v2\/product_tag?post=682133"}],"curies":[{"name":"wp","href":"https:\/\/api.w.org\/{rel}","templated":true}]}}