{"id":682354,"date":"2026-01-09T22:09:00","date_gmt":"2026-01-09T19:09:00","guid":{"rendered":"https:\/\/nbg.eu\/product\/orasul-manly-g10-negru-s90v\/"},"modified":"2026-01-21T12:28:46","modified_gmt":"2026-01-21T09:28:46","slug":"orasul-manly-g10-negru-s90v","status":"publish","type":"product","link":"https:\/\/nbg.eu\/ro\/produs\/orasul-manly-g10-negru-s90v\/","title":{"rendered":"Ora\u0219ul Manly G10 Negru S90V"},"content":{"rendered":"<h2>Manly City G10 Black S90V: Cu\u021bit de purtat \u00een fiecare zi excep\u021bional<\/h2>\n<p>A\u0219a cum sugereaz\u0103 numele s\u0103u, Manly City G10 Black S90V este un cu\u021bit excep\u021bional de purtat \u00een ora\u0219 \u00een fiecare zi. Realizat cu filosofia noastr\u0103 de a oferi utilizatorilor materiale premium atent selectate la un pre\u021b rezonabil, acest cu\u021bit pliabil se m\u00e2ndre\u0219te cu o lam\u0103 cu retezare plan\u0103 f\u0103cut\u0103 din o\u021bel CPM S90V cu o duritate Rockwell de 60-62 HRC. Clema sa reversibil\u0103 de buzunar \u0219i pozi\u021bia dubl\u0103 a pinului \u00eel fac perfect potrivit at\u00e2t pentru utilizatorii cu m\u00e2na st\u00e2ng\u0103, c\u00e2t \u0219i pentru cei cu m\u00e2na dreapt\u0103.<\/p>\n<p>M\u0103sur\u00e2nd 17,7 cm \u00een total, cu o lam\u0103 de 7,0 cm \u0219i o lungime pliant\u0103 de 10,5 cm, acest cu\u021bit are o lam\u0103 de 2,7 mm grosime \u0219i c\u00e2nt\u0103re\u0219te doar 95 g. M\u00e2nerul este realizat din material G10 3D durabil, iar cu\u021bitul poate fi deschis cu un \u0219tift pentru deget folosind o singur\u0103 m\u00e2n\u0103. Un mecanism de blocare puternic asigur\u0103 o implementare sigur\u0103 \u0219i fiabil\u0103 a lamei.<\/p>\n<p>Disponibil \u00eentr-o culoare neagr\u0103 elegant\u0103, Manly City G10 Black S90V este un \u00eenso\u021bitor perfect de purtat \u00een fiecare zi, \u00eembin\u00e2nd performan\u021b\u0103 premium \u0219i calitate a construc\u021biei la un pre\u021b accesibil.<\/p>\n","protected":false},"excerpt":{"rendered":"<p>Cu\u021bit extraordinar de ora\u0219 pentru uz cotidian cu lam\u0103 din CPM S90V, m\u00e2ner din G10 3D \u0219i clem\u0103 reversibil\u0103.<\/p>\n","protected":false},"featured_media":682549,"template":"","meta":{"_acf_changed":false},"product_brand":[15084],"product_cat":[12780,15374,15353],"product_tag":[],"class_list":{"0":"post-682354","1":"product","2":"type-product","3":"status-publish","4":"has-post-thumbnail","6":"product_brand-manly-knives","7":"product_cat-edc","8":"product_cat-folding-knives-ro","9":"product_cat-knives-sl","11":"first","12":"outofstock","13":"taxable","14":"shipping-taxable","15":"purchasable","16":"product-type-simple"},"acf":[],"_links":{"self":[{"href":"https:\/\/nbg.eu\/ro\/wp-json\/wp\/v2\/product\/682354","targetHints":{"allow":["GET"]}}],"collection":[{"href":"https:\/\/nbg.eu\/ro\/wp-json\/wp\/v2\/product"}],"about":[{"href":"https:\/\/nbg.eu\/ro\/wp-json\/wp\/v2\/types\/product"}],"wp:featuredmedia":[{"embeddable":true,"href":"https:\/\/nbg.eu\/ro\/wp-json\/wp\/v2\/media\/682549"}],"wp:attachment":[{"href":"https:\/\/nbg.eu\/ro\/wp-json\/wp\/v2\/media?parent=682354"}],"wp:term":[{"taxonomy":"product_brand","embeddable":true,"href":"https:\/\/nbg.eu\/ro\/wp-json\/wp\/v2\/product_brand?post=682354"},{"taxonomy":"product_cat","embeddable":true,"href":"https:\/\/nbg.eu\/ro\/wp-json\/wp\/v2\/product_cat?post=682354"},{"taxonomy":"product_tag","embeddable":true,"href":"https:\/\/nbg.eu\/ro\/wp-json\/wp\/v2\/product_tag?post=682354"}],"curies":[{"name":"wp","href":"https:\/\/api.w.org\/{rel}","templated":true}]}}