{"id":682585,"date":"2026-01-09T22:08:59","date_gmt":"2026-01-09T19:08:59","guid":{"rendered":"https:\/\/nbg.eu\/product\/orasul-manastur-negru-14c28n\/"},"modified":"2026-01-21T12:29:38","modified_gmt":"2026-01-21T09:29:38","slug":"orasul-manastur-negru-14c28n","status":"publish","type":"product","link":"https:\/\/nbg.eu\/ro\/produs\/orasul-manastur-negru-14c28n\/","title":{"rendered":"Ora\u0219ul M\u0103n\u0103\u0219tur, negru 14C28N"},"content":{"rendered":"<h2>Manly City Black 14C28N: Un cu\u021bit de ora\u0219 excep\u021bional de zi cu zi<\/h2>\n<p>Manly City Black 14C28N este un cu\u021bit de ora\u0219 excep\u021bional de zi cu zi care \u00eenglobeaz\u0103 filozofia noastr\u0103 de a oferi utilizatorilor materiale primare atent selectate la un pre\u021b rezonabil. Cu o lam\u0103 plat\u0103 \u00eentreag\u0103 din o\u021bel Sandvik 14C28N durabil, acest cu\u021bit pliabil este proiectat s\u0103 fie un \u00eenso\u021bitor de \u00eencredere pentru sarcini de zi cu zi.<\/p>\n<p>Cu o lungime total\u0103 de 17,7 cm \u0219i o lungime a lamei de 7,0 cm, Manly City Black 14C28N este un instrument compact \u0219i versatil. Atunci c\u00e2nd este pliat, m\u0103soar\u0103 10,5 cm, f\u0103c\u00e2ndu-l u\u0219or de transportat \u0219i depozitat. Grosimea lamei de 2,7 mm \u0219i greutatea total\u0103 de 95 g asigur\u0103 o manevrare echilibrat\u0103 \u0219i confortabil\u0103.<\/p>\n<p>Una dintre caracteristicile remarcabile ale acestui cu\u021bit este clema sa reversibil\u0103, care \u00eel face potrivit at\u00e2t pentru utilizatorii st\u00e2ngaci, c\u00e2t \u0219i pentru cei dreptaci. Materialul m\u00e2nerului este din G10 durabil, oferind o prindere sigur\u0103 \u0219i antiderapant\u0103, chiar \u0219i \u00een condi\u021bii umede sau dificile.<\/p>\n<p>Echipat cu un mecanism de deschidere cu dou\u0103 m\u00e2ini \u0219i un mecanism de blocare fiabil, Manly City Black 14C28N ofer\u0103 o func\u021bionare sigur\u0103 \u0219i securizat\u0103, asigur\u00e2nd c\u0103 sarcinile de t\u0103iere sunt efectuate cu \u00eencredere \u0219i precizie. Schema de culori negre sleek adaug\u0103 o apari\u021bie modern\u0103 \u0219i sofisticat\u0103, f\u0103c\u00e2ndu-l o alegere stilist\u0103 pentru transportul de zi cu zi.<\/p>\n","protected":false},"excerpt":{"rendered":"<p>Cu\u021bitul de ora\u0219 Manly City Negru 14C28N este un cu\u021bit de zi cu zi excep\u021bional, av\u00e2nd o lam\u0103 din o\u021bel Sandvik 14C28N cu t\u0103ietur\u0103 plan\u0103 \u0219i un cle\u0219te reversibil pentru utilizare st\u00e2ngaci sau dreptaci.<\/p>\n","protected":false},"featured_media":682696,"template":"","meta":{"_acf_changed":false},"product_brand":[15084],"product_cat":[12780,15374,15353],"product_tag":[],"class_list":{"0":"post-682585","1":"product","2":"type-product","3":"status-publish","4":"has-post-thumbnail","6":"product_brand-manly-knives","7":"product_cat-edc","8":"product_cat-folding-knives-ro","9":"product_cat-knives-sl","11":"first","12":"instock","13":"taxable","14":"shipping-taxable","15":"purchasable","16":"product-type-simple"},"acf":[],"_links":{"self":[{"href":"https:\/\/nbg.eu\/ro\/wp-json\/wp\/v2\/product\/682585","targetHints":{"allow":["GET"]}}],"collection":[{"href":"https:\/\/nbg.eu\/ro\/wp-json\/wp\/v2\/product"}],"about":[{"href":"https:\/\/nbg.eu\/ro\/wp-json\/wp\/v2\/types\/product"}],"wp:featuredmedia":[{"embeddable":true,"href":"https:\/\/nbg.eu\/ro\/wp-json\/wp\/v2\/media\/682696"}],"wp:attachment":[{"href":"https:\/\/nbg.eu\/ro\/wp-json\/wp\/v2\/media?parent=682585"}],"wp:term":[{"taxonomy":"product_brand","embeddable":true,"href":"https:\/\/nbg.eu\/ro\/wp-json\/wp\/v2\/product_brand?post=682585"},{"taxonomy":"product_cat","embeddable":true,"href":"https:\/\/nbg.eu\/ro\/wp-json\/wp\/v2\/product_cat?post=682585"},{"taxonomy":"product_tag","embeddable":true,"href":"https:\/\/nbg.eu\/ro\/wp-json\/wp\/v2\/product_tag?post=682585"}],"curies":[{"name":"wp","href":"https:\/\/api.w.org\/{rel}","templated":true}]}}