{"id":683283,"date":"2025-12-17T17:30:35","date_gmt":"2025-12-17T14:30:35","guid":{"rendered":"https:\/\/nbg.eu\/product\/manly-blaze-black-g10-rwl-34\/"},"modified":"2026-01-21T11:41:30","modified_gmt":"2026-01-21T08:41:30","slug":"manly-blaze-black-g10-rwl-34","status":"publish","type":"product","link":"https:\/\/nbg.eu\/ro\/produs\/manly-blaze-black-g10-rwl-34\/","title":{"rendered":"Manly Blaze Black G10 RWL-34"},"content":{"rendered":"<h2>Manly Blaze Black G10 RWL-34 &#8211; Cu\u021bitul de camping definitiv<\/h2>\n<p>Blaze RWL-34 Black este cu\u021bitul de camping ideal. Cu o lam\u0103 fix\u0103 \u0219i o construc\u021bie cu talp\u0103 complet\u0103 + o\u021bel praf superior RWL-34, durabilitatea acestui cu\u021bit este garantat\u0103. M\u00e2nerul este realizat din G10 negru texturat\u0103, rezistent la coroziune. Cu\u021bitul poate fi scos din teac\u0103 (realizat\u0103 din kydex) u\u0219or cu o singur\u0103 mi\u0219care a m\u00e2inii, iar montura pentru curea poate fi dispus\u0103 orizontal sau vertical.<\/p>\n<p>Dac\u0103 ai nevoie de un cu\u021bit de \u00eencredere \u00een mun\u021bi, camping sau pescuit, Blaze este pentru tine.<\/p>\n<h2>Specifica\u021bii tehnice<\/h2>\n<p>Nume: Blaze \u2013 RWL-34 Black<br \/>\nTip: Lam\u0103 fix\u0103<br \/>\nLungime total\u0103: 24,5 cm<br \/>\nLungime lam\u0103: 11,9 cm<br \/>\nGrosime lam\u0103: 4 mm<br \/>\nDuritate muchie t\u0103i\u0219ului: 62 hrc<br \/>\nGreutate: 210g<br \/>\nMaterial lam\u0103: RWL-34<br \/>\nMaterial m\u00e2ner: G10<br \/>\nMaterial teac\u0103: Kydex<\/p>\n","protected":false},"excerpt":{"rendered":"<p>Cu\u021bitul Bushcraft Blaze RWL-34 Negru: lama fix\u0103, toc complet \u0219i o\u021bel pulbere RWL-34.<\/p>\n","protected":false},"featured_media":683331,"template":"","meta":{"_acf_changed":false},"product_brand":[15084],"product_cat":[2876],"product_tag":[],"class_list":{"0":"post-683283","1":"product","2":"type-product","3":"status-publish","4":"has-post-thumbnail","6":"product_brand-manly-knives","7":"product_cat-rahohvatki","9":"first","10":"instock","11":"taxable","12":"shipping-taxable","13":"purchasable","14":"product-type-simple"},"acf":[],"_links":{"self":[{"href":"https:\/\/nbg.eu\/ro\/wp-json\/wp\/v2\/product\/683283","targetHints":{"allow":["GET"]}}],"collection":[{"href":"https:\/\/nbg.eu\/ro\/wp-json\/wp\/v2\/product"}],"about":[{"href":"https:\/\/nbg.eu\/ro\/wp-json\/wp\/v2\/types\/product"}],"wp:featuredmedia":[{"embeddable":true,"href":"https:\/\/nbg.eu\/ro\/wp-json\/wp\/v2\/media\/683331"}],"wp:attachment":[{"href":"https:\/\/nbg.eu\/ro\/wp-json\/wp\/v2\/media?parent=683283"}],"wp:term":[{"taxonomy":"product_brand","embeddable":true,"href":"https:\/\/nbg.eu\/ro\/wp-json\/wp\/v2\/product_brand?post=683283"},{"taxonomy":"product_cat","embeddable":true,"href":"https:\/\/nbg.eu\/ro\/wp-json\/wp\/v2\/product_cat?post=683283"},{"taxonomy":"product_tag","embeddable":true,"href":"https:\/\/nbg.eu\/ro\/wp-json\/wp\/v2\/product_tag?post=683283"}],"curies":[{"name":"wp","href":"https:\/\/api.w.org\/{rel}","templated":true}]}}