{"id":683359,"date":"2025-12-17T17:40:13","date_gmt":"2025-12-17T14:40:13","guid":{"rendered":"https:\/\/nbg.eu\/product\/manly-blaze-negru-g10-d2\/"},"modified":"2026-01-21T11:39:01","modified_gmt":"2026-01-21T08:39:01","slug":"manly-blaze-negru-g10-d2","status":"publish","type":"product","link":"https:\/\/nbg.eu\/ro\/produs\/manly-blaze-negru-g10-d2\/","title":{"rendered":"Manly Blaze Negru G10 D2"},"content":{"rendered":"<h2>Blaze D2 Black: Cu\u021bitul de Bushcraft de \u00eencredere pentru aventurile \u00een aer liber<\/h2>\n<p>Blaze D2 Black este cu\u021bitul de Bushcraft perfect, conceput pentru utilizare \u00een medii dificile. Cu lama fix\u0103 \u0219i construc\u021bia cu bar\u0103 de o\u021bel \u00eentreag\u0103, acest cu\u021bit ofer\u0103 stabilitate \u0219i durabilitate neegalate, asigur\u00e2nd c\u0103 poate rezista la cele mai dificile sarcini. M\u00e2nerul texturizat negru G10 este rezistent la coroziune, oferind o prindere sigur\u0103 chiar \u0219i \u00een condi\u021bii umede.<\/p>\n<p>Blaze poate fi scos u\u0219or din teaca sa din Kydex cu o singur\u0103 m\u00e2n\u0103, permi\u021b\u00e2nd un acces rapid atunci c\u00e2nd ai nevoie de el. Suportul de curea versatil poate fi pozi\u021bionat orizontal sau vertical, f\u0103c\u00e2ndu-l convenabil de purtat \u00een aventurile tale.<\/p>\n<p>Fie c\u0103 te confrun\u021bi cu provoc\u0103ri \u00een s\u0103lb\u0103ticie, camping sau pescuit, Blaze D2 Black este partenerul de \u00eencredere pe care te po\u021bi baza. Fabricat cu precizie, acest cu\u021bit are o duritate a muchiei t\u0103ietoare de 61HRC, asigur\u00e2nd c\u0103 poate gestiona o gam\u0103 larg\u0103 de sarcini cu u\u0219urin\u021b\u0103. Cu materialul lamei 1.2379 (D2) \u0219i construc\u021bia sa robust\u0103, Blaze D2 Black este construit s\u0103 dureze, f\u0103c\u00e2ndu-l un instrument esen\u021bial pentru orice pasionat de outdoor.<\/p>\n","protected":false},"excerpt":{"rendered":"<p>Cu\u021bit Blaze D2 Black &#8211; cu\u021bitul perfect pentru supravie\u021buire \u00een natur\u0103. M\u00e2ner din G10 texturizat, lam\u0103 din o\u021bel D2, teac\u0103 din Kydex.<\/p>\n","protected":false},"featured_media":683411,"template":"","meta":{"_acf_changed":false},"product_brand":[15084],"product_cat":[2876],"product_tag":[],"class_list":{"0":"post-683359","1":"product","2":"type-product","3":"status-publish","4":"has-post-thumbnail","6":"product_brand-manly-knives","7":"product_cat-rahohvatki","9":"first","10":"instock","11":"taxable","12":"shipping-taxable","13":"purchasable","14":"product-type-simple"},"acf":[],"_links":{"self":[{"href":"https:\/\/nbg.eu\/ro\/wp-json\/wp\/v2\/product\/683359","targetHints":{"allow":["GET"]}}],"collection":[{"href":"https:\/\/nbg.eu\/ro\/wp-json\/wp\/v2\/product"}],"about":[{"href":"https:\/\/nbg.eu\/ro\/wp-json\/wp\/v2\/types\/product"}],"wp:featuredmedia":[{"embeddable":true,"href":"https:\/\/nbg.eu\/ro\/wp-json\/wp\/v2\/media\/683411"}],"wp:attachment":[{"href":"https:\/\/nbg.eu\/ro\/wp-json\/wp\/v2\/media?parent=683359"}],"wp:term":[{"taxonomy":"product_brand","embeddable":true,"href":"https:\/\/nbg.eu\/ro\/wp-json\/wp\/v2\/product_brand?post=683359"},{"taxonomy":"product_cat","embeddable":true,"href":"https:\/\/nbg.eu\/ro\/wp-json\/wp\/v2\/product_cat?post=683359"},{"taxonomy":"product_tag","embeddable":true,"href":"https:\/\/nbg.eu\/ro\/wp-json\/wp\/v2\/product_tag?post=683359"}],"curies":[{"name":"wp","href":"https:\/\/api.w.org\/{rel}","templated":true}]}}