{"id":683444,"date":"2025-12-17T18:06:26","date_gmt":"2025-12-17T15:06:26","guid":{"rendered":"https:\/\/nbg.eu\/product\/nocpix-m6t25s-camera-auto-termica-cu-detectie-inteligenta-pentru-obiecte-fierbinti\/"},"modified":"2026-01-21T11:45:00","modified_gmt":"2026-01-21T08:45:00","slug":"nocpix-m6t25s-camera-auto-termica-cu-detectie-inteligenta-pentru-obiecte-fierbinti","status":"publish","type":"product","link":"https:\/\/nbg.eu\/ro\/produs\/nocpix-m6t25s-camera-auto-termica-cu-detectie-inteligenta-pentru-obiecte-fierbinti\/","title":{"rendered":"Nocpix M6T25S Camer\u0103 auto termic\u0103 cu detec\u021bie inteligent\u0103 pentru obiecte fierbin\u021bi"},"content":{"rendered":"<h2>Camera Termic\u0103 Auto Nocpix M6T25S cu Detectare Inteligent\u0103 pentru Obiecte Fierbin\u021bi<\/h2>\n<p>Prezent\u0103m seria MT Nocpix, scanerul de cupol\u0103 inovator de la Nocpix, conceput \u00een mod special pentru v\u00e2n\u0103toare. Este alegerea ideal\u0103 nu numai pentru condus \u00een timpul v\u00e2n\u0103torii, ci \u0219i adaptabil la diferite metode \u0219i obiceiuri de v\u00e2n\u0103toare. Echipat cu modele AI de ultim\u0103 genera\u021bie \u0219i putere de calcul de \u00eenalt\u0103 performan\u021b\u0103, MT asigur\u0103 performan\u021b\u0103 stabil\u0103 chiar \u0219i \u00een timpul conducerii \u0219i ofer\u0103 detectare, blocare \u0219i urm\u0103rire precis\u0103 a pr\u0103zii, oferind imagini de \u00eenalt\u0103 calitate \u0219i o experien\u021b\u0103 de v\u00e2n\u0103toare excep\u021bional\u0103.<\/p>\n<h2>Performan\u021b\u0103 Inteligent\u0103 AI<\/h2>\n<p>Alimentat de modelul de \u00eenv\u0103\u021bare automat\u0103 YOLO V5 \u0219i 2T de putere de calcul, acest sistem este conceput pentru a \u00eembun\u0103t\u0103\u021bi experien\u021ba dvs. de v\u00e2n\u0103toare. Modelul de \u00eenv\u0103\u021bare automat\u0103, antrenat pe un set de date imens, permite recunoa\u0219terea \u0219i urm\u0103rirea automat\u0103 rapid\u0103 a pr\u0103zii, cu chenare de delimitare precise pentru marcarea \u021bintei. Acest lucru faciliteaz\u0103 \u0219i fluidizeaz\u0103 \u00eentregul proces de v\u00e2n\u0103toare &#8211; identificare, vizare \u0219i urm\u0103rire, reduc\u00e2nd efortul necesar pentru a le realiza individual.<\/p>\n<h2>Vizualizare Panoramic\u0103 360\u00b0 F\u0103r\u0103 Perii, Interval de \u00cenclinare 90\u00b0<\/h2>\n<p>MT ofer\u0103 o vizualizare panoramic\u0103 larg\u0103 de 360\u00b0 cu un interval de \u00eenclinare de 90\u00b0, asigur\u00e2nd acoperire complet\u0103 \u0219i f\u0103r\u0103 zone oarbe. Acest lucru garanteaz\u0103 urm\u0103rirea f\u0103r\u0103 \u00eentrerupere a pr\u0103zii dvs.<\/p>\n<h2>Stabilizare Final\u0103<\/h2>\n<p>Stabilizarea pe 2 axe permite MT s\u0103 ofere o imagine stabil\u0103, calibrarea automat\u0103 corecteaz\u0103 deplasarea obiectivului cauzat\u0103 de denivel\u0103rile drumului sau al\u021bi factori externi de mediu, p\u0103str\u00e2nd o direc\u021bie constant\u0103.<\/p>\n<h2>Experien\u021b\u0103 Extrem de Silen\u021bioas\u0103 pentru Utilizator<\/h2>\n<p>M6T25S folose\u0219te un motor f\u0103r\u0103 perii pentru rota\u021bia orizontal\u0103 de 360 de grade \u0219i un design cu echilibrare dinamic\u0103, ceea ce \u00eenseamn\u0103 c\u0103 func\u021bioneaz\u0103 la un nivel redus de decibeli \u00een timpul rota\u021biei \u0219i \u00eenclin\u0103rii, asigur\u00e2nd ca experien\u021ba dvs. de v\u00e2n\u0103toare s\u0103 r\u0103m\u00e2n\u0103 ne\u00eentrerupt\u0103 \u0219i pl\u0103cut\u0103.<\/p>\n<h2>Mai Multe Metode de Conectare \u0219i Afi\u0219are Terminal\u0103<\/h2>\n<p>Pentru a se adapta la diferite obiceiuri \u0219i scenarii de utilizare, sunt acceptate dou\u0103 metode de conectare: prin cablu \u0219i WiFi. Conectarea prin cablu ofer\u0103 o transmisie a imaginii relativ mai stabil\u0103, \u00een timp ce WiFi ofer\u0103 o experien\u021b\u0103 mai convenabil\u0103 \u0219i f\u0103r\u0103 fir. Transmisia \u00een timp real a imaginii este disponibil\u0103 pe orice dispozitiv cu aplica\u021bia Nocpix instalat\u0103, inclusiv, dar f\u0103r\u0103 a se limita la, iPad, telefoane mobile etc.<\/p>\n","protected":false},"excerpt":{"rendered":"<p>Camer\u0103 auto termic\u0103 Nocpix M6T25S cu detectare inteligent\u0103 pentru obiecte fierbin\u021bi. C\u0103utare inteligent\u0103, raz\u0103 eficient\u0103 de 2300m, telecomand\u0103, 2 baterii re\u00eenc\u0103rcabile pentru p\u00e2n\u0103 la 7 ore de func\u021bionare.<\/p>\n<p>Dac\u0103 articolul nu este disponibil, v\u0103 rug\u0103m s\u0103 ne contacta\u021bi: shop@nbg.eu sau +359896147790<\/p>\n","protected":false},"featured_media":683608,"template":"","meta":{"_acf_changed":false},"product_brand":[14464],"product_cat":[12766],"product_tag":[],"class_list":{"0":"post-683444","1":"product","2":"type-product","3":"status-publish","4":"has-post-thumbnail","6":"product_brand-nocpix","7":"product_cat-termic","9":"first","10":"instock","11":"taxable","12":"shipping-taxable","13":"purchasable","14":"product-type-simple"},"acf":[],"_links":{"self":[{"href":"https:\/\/nbg.eu\/ro\/wp-json\/wp\/v2\/product\/683444","targetHints":{"allow":["GET"]}}],"collection":[{"href":"https:\/\/nbg.eu\/ro\/wp-json\/wp\/v2\/product"}],"about":[{"href":"https:\/\/nbg.eu\/ro\/wp-json\/wp\/v2\/types\/product"}],"wp:featuredmedia":[{"embeddable":true,"href":"https:\/\/nbg.eu\/ro\/wp-json\/wp\/v2\/media\/683608"}],"wp:attachment":[{"href":"https:\/\/nbg.eu\/ro\/wp-json\/wp\/v2\/media?parent=683444"}],"wp:term":[{"taxonomy":"product_brand","embeddable":true,"href":"https:\/\/nbg.eu\/ro\/wp-json\/wp\/v2\/product_brand?post=683444"},{"taxonomy":"product_cat","embeddable":true,"href":"https:\/\/nbg.eu\/ro\/wp-json\/wp\/v2\/product_cat?post=683444"},{"taxonomy":"product_tag","embeddable":true,"href":"https:\/\/nbg.eu\/ro\/wp-json\/wp\/v2\/product_tag?post=683444"}],"curies":[{"name":"wp","href":"https:\/\/api.w.org\/{rel}","templated":true}]}}