{"id":683632,"date":"2026-01-08T18:14:29","date_gmt":"2026-01-08T15:14:29","guid":{"rendered":"https:\/\/nbg.eu\/product\/camera-termica-nocpix-vista-h50-50mm-12um-640x512-15mk-netd\/"},"modified":"2026-04-14T16:14:25","modified_gmt":"2026-04-14T13:14:25","slug":"camera-termica-nocpix-vista-h50-50mm-12um-640x512-15mk-netd","status":"publish","type":"product","link":"https:\/\/nbg.eu\/ro\/produs\/camera-termica-nocpix-vista-h50-50mm-12um-640x512-15mk-netd\/","title":{"rendered":"Nocpix Camer\u0103 Termic\u0103 VISTA H50"},"content":{"rendered":"<h2>Nocpix VISTA H50 &#8211; Camer\u0103 termic\u0103 de ultim\u0103 genera\u021bie pentru utilizare \u00een timpul zilei \u0219i nop\u021bii<\/h2>\n<p>Nocpix VISTA H50 este o camer\u0103 termic\u0103 de ultim\u0103 genera\u021bie, conceput\u0103 pentru utilizare \u00een timpul zilei \u0219i nop\u021bii. Aceasta ofer\u0103 o calitate excep\u021bional\u0103 a imaginii chiar \u0219i \u00een condi\u021bii meteorologice dificile, cum ar fi cea\u021b\u0103, smog \u0219i ploaie, \u0219i poate detecta \u021binte prin obstacole precum ramuri, iarb\u0103 \u00eenalt\u0103 \u0219i vegeta\u021bie deas\u0103 care, \u00een mod normal, obstrueaz\u0103 vizibilitatea.<\/p>\n<p>VISTA H50 este extrem de versatil\u0103 \u0219i potrivit\u0103 pentru o gam\u0103 larg\u0103 de aplica\u021bii, inclusiv v\u00e2n\u0103toare, securitate, supraveghere, navigare prin teren \u0219i opera\u021biuni de c\u0103utare \u0219i salvare. Tehnologia sa termic\u0103 avansat\u0103 asigur\u0103 o performan\u021b\u0103 fiabil\u0103, oferind imagini clare \u0219i m\u0103sur\u0103tori precise \u00een medii provocatoare.<\/p>\n<h2>Specifica\u021bii cheie:<\/h2>\n<p>Rezolu\u021bie: 640 x 512<br \/>\nDimensiune pixel: 12<br \/>\nNETD, mK: \u226415<br \/>\nRat\u0103 de cadre: 50<br \/>\nObiectiv: 50mm F0.9<br \/>\nC\u00e2mp vizual: 8.8 x 7.0<br \/>\nC\u00e2mp vizual (liniar): 15 x 12<br \/>\nM\u0103rire: 4~40<br \/>\nRaz\u0103 de detectare: 2600<br \/>\nDistan\u021b\u0103 de la ochi: 25<br \/>\nDiametru pupil\u0103 de ie\u0219ire: 8<br \/>\nDioptrie: -4 ~ +6<br \/>\nTip display: AMOLED<br \/>\nRezolu\u021bie display: 2560 x 2560<br \/>\nBaterie: Baterie litiu-ion \u00eenlocuibil\u0103 IBP-7 \/ 4400mAh<br \/>\nDurat\u0103 maxim\u0103 de func\u021bionare: 5.5<br \/>\nWi-Fi\/Aplica\u021bie: DA<br \/>\nMicrofon: DA<br \/>\nCapacitate memorie: 64GB<br \/>\nClasificare IP: IP67<br \/>\nTemperatur\u0103 maxim\u0103 de func\u021bionare: -20 ~ +50<br \/>\nGreutate (uncii): 22.93<br \/>\nGreutate (g): 650<br \/>\nDimensiuni (in): 7.64 x 2.76 x 3.23<br \/>\nDimensiuni (mm): 194 x 70 x 82<\/p>\n","protected":false},"excerpt":{"rendered":"<p>Camera termic\u0103 Nocpix VISTA H50 640&#215;512 12um cu NETD \u226415mK, obiectiv 50mm F0.9 \u0219i ecran AMOLED 2560&#215;2560.<br \/>\nDac\u0103 produsul nu este disponibil, v\u0103 rug\u0103m s\u0103 ne contacta\u021bi: shop@nbg.eu sau +359896147790<\/p>\n","protected":false},"featured_media":683664,"template":"","meta":{"_acf_changed":false},"product_brand":[14464],"product_cat":[12766,16096],"product_tag":[],"class_list":{"0":"post-683632","1":"product","2":"type-product","3":"status-publish","4":"has-post-thumbnail","6":"product_brand-nocpix","7":"product_cat-termic","8":"product_cat-thermal-cameras-ro","10":"first","11":"instock","12":"taxable","13":"shipping-taxable","14":"purchasable","15":"product-type-simple"},"acf":[],"_links":{"self":[{"href":"https:\/\/nbg.eu\/ro\/wp-json\/wp\/v2\/product\/683632","targetHints":{"allow":["GET"]}}],"collection":[{"href":"https:\/\/nbg.eu\/ro\/wp-json\/wp\/v2\/product"}],"about":[{"href":"https:\/\/nbg.eu\/ro\/wp-json\/wp\/v2\/types\/product"}],"wp:featuredmedia":[{"embeddable":true,"href":"https:\/\/nbg.eu\/ro\/wp-json\/wp\/v2\/media\/683664"}],"wp:attachment":[{"href":"https:\/\/nbg.eu\/ro\/wp-json\/wp\/v2\/media?parent=683632"}],"wp:term":[{"taxonomy":"product_brand","embeddable":true,"href":"https:\/\/nbg.eu\/ro\/wp-json\/wp\/v2\/product_brand?post=683632"},{"taxonomy":"product_cat","embeddable":true,"href":"https:\/\/nbg.eu\/ro\/wp-json\/wp\/v2\/product_cat?post=683632"},{"taxonomy":"product_tag","embeddable":true,"href":"https:\/\/nbg.eu\/ro\/wp-json\/wp\/v2\/product_tag?post=683632"}],"curies":[{"name":"wp","href":"https:\/\/api.w.org\/{rel}","templated":true}]}}