{"id":683749,"date":"2026-01-08T18:13:33","date_gmt":"2026-01-08T15:13:33","guid":{"rendered":"https:\/\/nbg.eu\/product\/camera-termica-nocpix-vista-h35-fara-telemetru-35mm-12um-640x512-15mk-net\/"},"modified":"2026-04-14T16:14:42","modified_gmt":"2026-04-14T13:14:42","slug":"camera-termica-nocpix-vista-h35-fara-telemetru-35mm-12um-640x512-15mk-net","status":"publish","type":"product","link":"https:\/\/nbg.eu\/ro\/produs\/camera-termica-nocpix-vista-h35-fara-telemetru-35mm-12um-640x512-15mk-net\/","title":{"rendered":"Nocpix Camer\u0103 Termic\u0103 VISTA H35"},"content":{"rendered":"<h2>Nocpix VISTA H35 Monocular Termal &#8211; 35mm 12um 640&#215;512 \u226415mK NET<\/h2>\n<p>Nocpix VISTA H35 este un monocular termal multifunc\u021bional, proiectat pentru utilizare fiabil\u0103 at\u00e2t ziua, c\u00e2t \u0219i noaptea. Acest dispozitiv avansat ofer\u0103 o performan\u021b\u0103 excep\u021bional\u0103 a imaginii termice, furniz\u00e2nd imagini clare \u0219i detaliate chiar \u0219i \u00een condi\u021bii meteorologice dificile, cum ar fi cea\u021ba, smogul \u0219i ploaia. Acesta poate detecta \u021binte prin obstacole, cum ar fi crengi, iarb\u0103 \u00eenalt\u0103 \u0219i vegeta\u021bie dens\u0103, asigur\u00e2nd o func\u021bionare eficient\u0103 \u00een medii \u00een care opticile tradi\u021bionale sunt inadecvate.<\/p>\n<p>Ideal pentru o gam\u0103 variat\u0103 de aplica\u021bii, VISTA H35 este perfect pentru v\u00e2n\u0103toare, supraveghere, securitate, naviga\u021bie \u00een teren \u0219i misiuni de c\u0103utare \u0219i salvare. Cu tehnologia sa de ultim\u0103 genera\u021bie \u0219i construc\u021bia sa robust\u0103, VISTA H35 asigur\u0103 o detec\u021bie \u0219i o m\u0103surare precise \u00een cele mai dificile condi\u021bii.<\/p>\n<h2>Caracteristici<\/h2>\n<p>-Detector de 640\u00d7512 12\u03bcm<br \/>\nNETD\u226415mK<br \/>\n-Rat\u0103 de cadre ridicat\u0103 de 60Hz<br \/>\n-Obiectiv F0.9<br \/>\n-Afi\u0219aj AMOLED circular de 2560\u00d72560<br \/>\n-Baterie re\u00eenc\u0103rcabil\u0103 cu schimbare rapid\u0103 IBP-7<br \/>\n-Zoom digital u\u0219or: 1\u00d7~8\u00d7<br \/>\n-Mod ultra curat<br \/>\n-Protec\u021bie a ochilor cu luminozitate sc\u0103zut\u0103, palet\u0103 de culori \u0219i tent\u0103 cald\u0103<br \/>\n-Stabilizare electronic\u0103 a imaginii<\/p>\n","protected":false},"excerpt":{"rendered":"<p>Camer\u0103 termic\u0103 Nocpix VISTA H35 f\u0103r\u0103 telemetru &#8211; 35mm 12um 640&#215;512 &lt;15mk NET<\/p>\n","protected":false},"featured_media":683899,"template":"","meta":{"_acf_changed":false},"product_brand":[14464],"product_cat":[12766,16096],"product_tag":[],"class_list":{"0":"post-683749","1":"product","2":"type-product","3":"status-publish","4":"has-post-thumbnail","6":"product_brand-nocpix","7":"product_cat-termic","8":"product_cat-thermal-cameras-ro","10":"first","11":"instock","12":"taxable","13":"shipping-taxable","14":"purchasable","15":"product-type-simple"},"acf":[],"_links":{"self":[{"href":"https:\/\/nbg.eu\/ro\/wp-json\/wp\/v2\/product\/683749","targetHints":{"allow":["GET"]}}],"collection":[{"href":"https:\/\/nbg.eu\/ro\/wp-json\/wp\/v2\/product"}],"about":[{"href":"https:\/\/nbg.eu\/ro\/wp-json\/wp\/v2\/types\/product"}],"wp:featuredmedia":[{"embeddable":true,"href":"https:\/\/nbg.eu\/ro\/wp-json\/wp\/v2\/media\/683899"}],"wp:attachment":[{"href":"https:\/\/nbg.eu\/ro\/wp-json\/wp\/v2\/media?parent=683749"}],"wp:term":[{"taxonomy":"product_brand","embeddable":true,"href":"https:\/\/nbg.eu\/ro\/wp-json\/wp\/v2\/product_brand?post=683749"},{"taxonomy":"product_cat","embeddable":true,"href":"https:\/\/nbg.eu\/ro\/wp-json\/wp\/v2\/product_cat?post=683749"},{"taxonomy":"product_tag","embeddable":true,"href":"https:\/\/nbg.eu\/ro\/wp-json\/wp\/v2\/product_tag?post=683749"}],"curies":[{"name":"wp","href":"https:\/\/api.w.org\/{rel}","templated":true}]}}