{"id":683921,"date":"2026-01-08T18:14:25","date_gmt":"2026-01-08T15:14:25","guid":{"rendered":"https:\/\/nbg.eu\/product\/camera-termica-nocpix-rico-2-h50r\/"},"modified":"2026-04-14T16:14:29","modified_gmt":"2026-04-14T13:14:29","slug":"camera-termica-nocpix-rico-2-h50r","status":"publish","type":"product","link":"https:\/\/nbg.eu\/ro\/produs\/camera-termica-nocpix-rico-2-h50r\/","title":{"rendered":"Nocpix Camer\u0103 Termic\u0103 Rico 2 H50R"},"content":{"rendered":"<h2>Nocpix Rico 2 H50R: Expertul \u00een tragere la distan\u021b\u0103 lung\u0103<\/h2>\n<p>Seria de lunete termice Nocpix RICO 2 H50R este proiectat\u0103 pentru v\u00e2n\u0103tori care solicit\u0103 cel mai bun nivel de claritate, raz\u0103 de ac\u021biune \u0219i confort. Proiectat\u0103 cu un senzor termic de top din industrie \u0219i o rat\u0103 ridicat\u0103 de cadre, ofer\u0103 o calitate a imaginii ultra-superioar\u0103, care face identificarea \u0219i urm\u0103rirea \u021bintei o briza. Distan\u021ba focal\u0103 lung\u0103 \u0219i LRF-ul integrat asigur\u0103 c\u0103 pute\u021bi m\u0103sura cu precizie \u021bintele \u00eendep\u0103rtate, \u00een timp ce designul optic avansat ofer\u0103 o experien\u021b\u0103 imersiv\u0103 de vizionare f\u0103r\u0103 distorsiuni. Prezent\u00e2nd o p\u00e2rghie de zoom f\u0103r\u0103 trepte \u0219i o excelent\u0103 degajare ocular\u0103, seria Nocpix RICO 2 H50R permite v\u00e2n\u0103torilor s\u0103 ajusteze \u00een mod effortless m\u0103rirea \u0219i s\u0103 se simt\u0103 confortabili \u00een timpul v\u00e2n\u0103torilor extinse. Prin tehnologiile sale inovatoare \u0219i design-ul centrat pe utilizator, seria Nocpix RICO 2 H50R v\u0103 permite \u00eentr-adev\u0103r s\u0103 v\u00e2na\u021bi dincolo de limitele a ceea ce este posibil.<\/p>\n<h2>Caracteristici cheie:<\/h2>\n<p>Beneficia\u021bi de senzorul premium de genera\u021bia a doua de 12\u03bcm@60Hz, cu NETD \u226420mK, pentru imagini cu o claritate \u0219i contrast remarcabile, \u0219i o \u00eembun\u0103t\u0103\u021bit\u0103 identificare a \u021bintelor.<\/p>\n<p>Nocpix RICO 2 H50R este echipat cu lentile obiectiv mai mari (50 mm\/F1.0, 42 mm\/F1.0), oferind o mai bun\u0103 capacitate de captare a luminii pentru o claritate excep\u021bional\u0103 a imaginii \u0219i o raz\u0103 de detec\u021bie extins\u0103.<\/p>\n<p>Seria RICO 2 v\u0103 permite s\u0103 v\u0103 ajusta\u021bi m\u0103rirea \u00een mod effortless cu o p\u00e2rghie de zoom f\u0103r\u0103 trepte \u00een stil LPVO, oferind ajust\u0103ri rapide \u0219i f\u0103r\u0103 efort pentru a v\u0103 angaja \u021bintele de la orice distan\u021b\u0103 cu precizie.<\/p>\n<p>Seria RICO 2 se laud\u0103 cu o raz\u0103 de detec\u021bie de p\u00e2n\u0103 la 2600 m, oferindu-v\u0103 un avantaj semnificativ \u00een v\u00e2n\u0103toarea la distan\u021b\u0103 lung\u0103 \u0219i \u00een targetarea precis\u0103.<\/p>\n<p>Nocpix RICO 2 H50R este echipat cu un LRF integrat, oferind detec\u021bie laser la distan\u021be de p\u00e2n\u0103 la 1200m cu alinierea axa optic\u0103 real\u0103, asigur\u00e2nd m\u0103sur\u0103tori precise ale distan\u021bei, p\u0103str\u00e2nd \u00een acela\u0219i timp un design elegant \u0219i lejer.<\/p>\n<p>Optimiza\u021bi plasarea gloan\u021belor cu calcule balistice automate, utiliz\u00e2nd LRF-ul integrat pentru a atinge cu u\u0219urin\u021b\u0103 lovituri precise la distan\u021be lungi.<\/p>\n<p>Afi\u0219aj OLED 1.03&#8243; 2560\u00d72560 (H50R), ocular f\u0103r\u0103 distorsiuni, degajare ocular\u0103 de 70 mm \u0219i pupil\u0103 de ie\u0219ire de 23 mm ofer\u0103 o vizionare cristalin\u0103 \u0219i confortabil\u0103 pentru sesiuni extinse.<\/p>\n<p>Modelul H50R este echipat cu o distan\u021b\u0103 f\u0103r\u0103 precedent de 70 mm, care ofer\u0103 un confort maxim pentru utilizare pe termen lung f\u0103r\u0103 oboseal\u0103 ocular\u0103 \u0219i asigur\u0103 siguran\u021ba ochilor.<\/p>\n","protected":false},"excerpt":{"rendered":"<p>Camer\u0103 termic\u0103 Nocpix Rico 2 H50R. Expert \u00een fotografiere la distan\u021b\u0103 lung\u0103. Senzor 640&#215;512, 60Hz, LRF integrat, zoom continuu.<br \/>\nDac\u0103 articolul nu este disponibil, v\u0103 rug\u0103m s\u0103 ne contacta\u021bi: shop@nbg.eu sau +359896147790<\/p>\n","protected":false},"featured_media":684901,"template":"","meta":{"_acf_changed":false},"product_brand":[14464],"product_cat":[12766,16096],"product_tag":[],"class_list":{"0":"post-683921","1":"product","2":"type-product","3":"status-publish","4":"has-post-thumbnail","6":"product_brand-nocpix","7":"product_cat-termic","8":"product_cat-thermal-cameras-ro","10":"first","11":"instock","12":"taxable","13":"shipping-taxable","14":"purchasable","15":"product-type-simple"},"acf":[],"_links":{"self":[{"href":"https:\/\/nbg.eu\/ro\/wp-json\/wp\/v2\/product\/683921","targetHints":{"allow":["GET"]}}],"collection":[{"href":"https:\/\/nbg.eu\/ro\/wp-json\/wp\/v2\/product"}],"about":[{"href":"https:\/\/nbg.eu\/ro\/wp-json\/wp\/v2\/types\/product"}],"wp:featuredmedia":[{"embeddable":true,"href":"https:\/\/nbg.eu\/ro\/wp-json\/wp\/v2\/media\/684901"}],"wp:attachment":[{"href":"https:\/\/nbg.eu\/ro\/wp-json\/wp\/v2\/media?parent=683921"}],"wp:term":[{"taxonomy":"product_brand","embeddable":true,"href":"https:\/\/nbg.eu\/ro\/wp-json\/wp\/v2\/product_brand?post=683921"},{"taxonomy":"product_cat","embeddable":true,"href":"https:\/\/nbg.eu\/ro\/wp-json\/wp\/v2\/product_cat?post=683921"},{"taxonomy":"product_tag","embeddable":true,"href":"https:\/\/nbg.eu\/ro\/wp-json\/wp\/v2\/product_tag?post=683921"}],"curies":[{"name":"wp","href":"https:\/\/api.w.org\/{rel}","templated":true}]}}