{"id":684934,"date":"2026-01-08T18:13:14","date_gmt":"2026-01-08T15:13:14","guid":{"rendered":"https:\/\/nbg.eu\/product\/camera-termica-nocpix-ace-h50-12um-640x512-15mk-netd\/"},"modified":"2026-04-14T16:14:56","modified_gmt":"2026-04-14T13:14:56","slug":"camera-termica-nocpix-ace-h50-12um-640x512-15mk-netd","status":"publish","type":"product","link":"https:\/\/nbg.eu\/ro\/produs\/camera-termica-nocpix-ace-h50-12um-640x512-15mk-netd\/","title":{"rendered":"Nocpix Camer\u0103 Termic\u0103 ACE H50"},"content":{"rendered":"<h2>Nocpix ACE H50 Telescop termic: Performan\u021b\u0103 de v\u00e2n\u0103toare f\u0103r\u0103 egal<\/h2>\n<p>Telescopul termic Nocpix ACE H50 combin\u0103 tehnologia avansat\u0103 cu durabilitatea robust\u0103 pentru o experien\u021b\u0103 de v\u00e2n\u0103toare f\u0103r\u0103 egal. Acesta are un senzor termic de 640&#215;512 pixeli cu o sensibilitate termic\u0103 (NETD) de \u226412mK pentru o claritate excep\u021bional\u0103 a imaginii, cu o raz\u0103 de detectare de 3100 de metri. Sistemul inovator Vision+ ofer\u0103 m\u0103rire ocular\u0103 pentru close-up-uri clare, \u00een timp ce un sistem dual de baterii asigur\u0103 o utilizare de lung\u0103 durat\u0103. Fabricat din aliaj de aluminiu de \u00eenalt\u0103 rezisten\u021b\u0103 \u0219i clasificat IP67, acest telescop este conceput s\u0103 exceleze \u00een orice mediu exterior \u0219i s\u0103 se adapteze oric\u0103rei situa\u021bii.<\/p>\n<p>Telescopul termic Nocpix ACE H50 este un instrument de v\u00e2rf conceput pentru a redefini experien\u021ba de v\u00e2n\u0103toare, fie c\u0103 naviga\u021bi \u00een \u00eentunericul nop\u021bii sau urm\u0103ri\u021bi prada prin teren dificil. Ca parte a seriei de v\u00e2rf ACE a NocPix, aceast\u0103 vedere optic\u0103 termic\u0103 se remarc\u0103 prin calitatea \u0219i precizia imaginii superioare, datorit\u0103 senzorului termic de \u00eenalt\u0103 rezolu\u021bie dezvoltat intern \u0219i sistemelor avansate Reality+ \u0219i Vision+.<\/p>\n<p>\u00cen centrul ACE H50 al Nocpix se afl\u0103 senzorul s\u0103u termic HD Gen-2, care se m\u00e2ndre?te cu o rezolu\u021bie de 640&#215;512 \u0219i o rat\u0103 de cadre de 60 Hz, oferind performan\u021be extrem de stabile. Cu un NETD de \u226412mK, acest telescop detecteaz\u0103 chiar \u0219i cele mai mici diferen\u021be de temperatur\u0103, oferind imagini termice detaliate \u0219i fluide, ideale pentru urm\u0103rirea \u021bintelor \u00een mi\u0219care \u00een timp real. Algoritmul avansat de procesare a imaginilor Reality+ \u00eembun\u0103t\u0103\u021be\u0219te \u00een continuare acest lucru prin eliminarea zgomotului de temperatur\u0103 ambiental\u0103, oferind contrast \u0219i claritate superioare, chiar \u0219i \u00een condi\u021bii de v\u00e2n\u0103toare dificile.<\/p>\n<p>ACE H50 este echipat cu o lentil\u0103 de 50mm\/F0.9 care permite 20% mai mult\u0103 lumin\u0103 s\u0103 ajung\u0103 la senzor, cre\u00e2nd imagini mai luminoase \u0219i mai clare. Acest lucru este esen\u021bial pentru v\u00e2n\u0103torii care se concentreaz\u0103 pe precizie, deoarece \u00eembun\u0103t\u0103\u021birea transmisiei luminii ofer\u0103 o vizibilitate \u00eembun\u0103t\u0103\u021bit\u0103 \u00een medii cu luminozitate sc\u0103zut\u0103. \u00cen plus, raza de detectare de 3100 de metri a ACE \u00eel distinge, f\u0103c\u00e2nd identificarea \u0219i urm\u0103rirea \u021bintelor \u00eendep\u0103rtate mai u\u0219oar\u0103 \u0219i mai eficient\u0103 ca niciodat\u0103.<\/p>\n<p>Sistemul Vision+ \u00eencorporat \u00eembun\u0103t\u0103\u021be\u0219te experien\u021ba vizual\u0103 cu un afi\u0219aj AMOLED circular de 1,03 inch cu o rezolu\u021bie de 2560&#215;2560. Sistemul s\u0103u de zoom optic, conceput pentru a evita estomparea \u0219i distorsiunea asociate \u00een mod tradi\u021bional cu zoomul electronic, asigur\u0103 c\u0103 v\u00e2n\u0103torii se bucur\u0103 de vizualiz\u0103ri la distan\u021b\u0103 clare \u0219i de \u00eenalt\u0103 rezolu\u021bie, f\u0103r\u0103 a pierde detalii. Acest lucru ofer\u0103 o experien\u021b\u0103 de vizualizare imersiv\u0103 \u0219i confortabil\u0103, fie c\u0103 urm\u0103re\u0219ti prada de la distan\u021b\u0103, fie c\u0103 te concentrezi pentru un shot de precizie.<\/p>\n<p>Construit pentru utilizare extins\u0103 pe teren, ACE are un sistem dual de baterii cu o baterie \u00eencorporat\u0103 de 4000mAh \u0219i o baterie suplimentar\u0103 deta\u0219abil\u0103 de 18650, permi\u021b\u00e2nd o func\u021bionare ne\u00eentrerupt\u0103 \u00een timpul sesiunilor de v\u00e2n\u0103toare de lung\u0103 durat\u0103. Designul durabil, din aliaj de aluminiu de \u00eenalt\u0103 rezisten\u021b\u0103, asigur\u0103 c\u0103 ACE poate rezista la mediile exterioare dure \u0219i la utilizarea intensiv\u0103, trec\u00e2nd teste riguroase de rezisten\u021b\u0103 la impact. Cu o clasificare de impermeabilitate IP67, telescopul r\u0103m\u00e2ne fiabil \u00een condi\u021bii meteorologice nefavorabile, oferind v\u00e2n\u0103torilor lini\u0219te indiferent de mediu.<\/p>\n<p>Conceput cu v\u00e2n\u0103torii \u00een minte, NocPix ACE H50 include func\u021bii esen\u021biale, cum ar fi \u00eenregistrarea video activat\u0103 de recul \u0219i un design f\u0103r\u0103 obturator pentru o utilizare f\u0103r\u0103 probleme pe teren. Cu ad\u0103ugiri prietenoase pentru utilizator, cum ar fi un dispozitiv de ajustare a focaliz\u0103rii, o hus\u0103 de \u00eenc\u0103rcare \u0219i posibilitatea de a reda videoclipuri direct prin caracteristica Galerie, acest telescop combin\u0103 performan\u021be ridicate cu comoditate pentru o experien\u021b\u0103 de v\u00e2n\u0103toare optim\u0103.<\/p>\n","protected":false},"excerpt":{"rendered":"<p>Luneta termic\u0103 NocPix ACE H50 ofer\u0103 o rezolu\u021bie de 640&#215;512, \u226415mK NETD, o raz\u0103 de detec\u021bie de 3100m \u0219i un sistem dual de baterii pentru o experien\u021b\u0103 de v\u00e2n\u0103toare excep\u021bional\u0103.<br \/>\nDac\u0103 articolul nu este disponibil, v\u0103 rug\u0103m s\u0103 ne contacta\u021bi: shop@nbg.eu sau +359896147790<\/p>\n","protected":false},"featured_media":685000,"template":"","meta":{"_acf_changed":false},"product_brand":[14464],"product_cat":[12766,16096],"product_tag":[],"class_list":{"0":"post-684934","1":"product","2":"type-product","3":"status-publish","4":"has-post-thumbnail","6":"product_brand-nocpix","7":"product_cat-termic","8":"product_cat-thermal-cameras-ro","10":"first","11":"instock","12":"taxable","13":"shipping-taxable","14":"purchasable","15":"product-type-simple"},"acf":[],"_links":{"self":[{"href":"https:\/\/nbg.eu\/ro\/wp-json\/wp\/v2\/product\/684934","targetHints":{"allow":["GET"]}}],"collection":[{"href":"https:\/\/nbg.eu\/ro\/wp-json\/wp\/v2\/product"}],"about":[{"href":"https:\/\/nbg.eu\/ro\/wp-json\/wp\/v2\/types\/product"}],"wp:featuredmedia":[{"embeddable":true,"href":"https:\/\/nbg.eu\/ro\/wp-json\/wp\/v2\/media\/685000"}],"wp:attachment":[{"href":"https:\/\/nbg.eu\/ro\/wp-json\/wp\/v2\/media?parent=684934"}],"wp:term":[{"taxonomy":"product_brand","embeddable":true,"href":"https:\/\/nbg.eu\/ro\/wp-json\/wp\/v2\/product_brand?post=684934"},{"taxonomy":"product_cat","embeddable":true,"href":"https:\/\/nbg.eu\/ro\/wp-json\/wp\/v2\/product_cat?post=684934"},{"taxonomy":"product_tag","embeddable":true,"href":"https:\/\/nbg.eu\/ro\/wp-json\/wp\/v2\/product_tag?post=684934"}],"curies":[{"name":"wp","href":"https:\/\/api.w.org\/{rel}","templated":true}]}}