{"id":685088,"date":"2026-01-08T18:13:21","date_gmt":"2026-01-08T15:13:21","guid":{"rendered":"https:\/\/nbg.eu\/product\/thermal-monocular-nocpix-lumi-p13\/"},"modified":"2026-04-14T16:14:49","modified_gmt":"2026-04-14T13:14:49","slug":"thermal-monocular-nocpix-lumi-p13","status":"publish","type":"product","link":"https:\/\/nbg.eu\/ro\/produs\/thermal-monocular-nocpix-lumi-p13\/","title":{"rendered":"Nocpix Monocular Termic LUMI P13"},"content":{"rendered":"<h2>Performan\u021b\u0103 maxim\u0103 cu greutate minim\u0103 &#8211; Nocpix LUMI P13: P\u0103stra\u021bi \u00eentotdeauna o privire asupra \u00eemprejurimilor<\/h2>\n<p>Seria de monocular termic LUMI este proiectat\u0103 at\u00e2t pentru utilizare pe timp de zi, c\u00e2t \u0219i pe timp de noapte \u0219i v\u0103 ofer\u0103 o calitate excep\u021bional\u0103 a imaginii chiar \u0219i \u00een condi\u021bii meteorologice dificile, cum ar fi cea\u021b\u0103, smog sau ploaie. Chiar dac\u0103 obstacole precum ramuri, iarb\u0103 \u00eenalt\u0103 sau vegeta\u021bie dens\u0103 v\u0103 \u00eempiedic\u0103 s\u0103 vede\u021bi, datorit\u0103 acestei tehnologii pute\u021bi vedea \u00eentotdeauna clar ce ave\u021bi \u00een fa\u021b\u0103. Sunt, de asemenea, at\u00e2t de compacte \u0219i u\u0219oare, \u00eenc\u00e2t le pute\u021bi purta u\u0219or oriunde.<\/p>\n<p>Camerele termice LUMI sunt perfecte pentru o varietate de aplica\u021bii, cum ar fi v\u00e2n\u0103toarea, supravegherea, securitatea, orientarea terenului sau opera\u021biunile de c\u0103utare \u0219i salvare.<\/p>\n<h2>Performan\u021b\u0103 de imagistic\u0103 f\u0103r\u0103 egal pentru imagini extrem de clare<\/h2>\n<p>Seria LUMI stabile\u0219te noi standarde \u00een ceea ce prive\u0219te calitatea imaginii. Echipat\u0103 cu cele mai avansate algoritmi de procesare a imaginilor \u0219i cu un senzor termic puternic cu NETD &lt; 20 mK, camera ofer\u0103 imagini extrem de clare \u0219i realiste. Afi\u0219ajul AMOLED cu o rezolu\u021bie de 1440 x 1080 pixeli asigur\u0103 o afi\u0219are excep\u021bional\u0103 a imaginii, \u00een timp ce modul Ultra Clear optimizeaz\u0103 \u0219i mai mult claritatea imaginii, \u00een special \u00een condi\u021bii meteorologice dificile.<\/p>\n<h2>Experien\u021b\u0103 de vizualizare personalizat\u0103 &#8211; Personaliza\u021bi-v\u0103 dispozitivul perfect<\/h2>\n<p>Datorit\u0103 senzorului de 256 x 192 px \u0219i a unei variet\u0103\u021bi de op\u021biuni de reglare, pute\u021bi adapta dispozitivul exact \u00een func\u021bie de nevoile dvs. Alege\u021bi din 5 moduri de culoare \u0219i optimiza\u021bi-v\u0103 vizualizarea cu 10 niveluri de luminozitate, claritate \u0219i contrast &#8211; astfel \u00eenc\u00e2t niciun detaliu s\u0103 nu treac\u0103 neobservat.<\/p>\n<h2>Partajarea experien\u021belor este u\u0219oar\u0103 cu LUMI<\/h2>\n<p>Captarea momentelor speciale este esen\u021bial\u0103 pentru v\u00e2n\u0103torul modern. Cu Nocpix LUMI P13, pute\u021bi nu numai s\u0103 v\u0103 partaja\u021bi u\u0219or \u00eenregistr\u0103rile prin aplica\u021bie, ci \u0219i s\u0103 le reda\u021bi direct pe dispozitiv &#8211; perfect pentru a v\u0103 \u00eemp\u0103rt\u0103\u0219i imediat experien\u021bele cu al\u021bii.<\/p>\n<h2>Poate fi utilizat flexibil datorit\u0103 sistemului de baterie deta\u0219abil<\/h2>\n<p>Seria LUMI este echipat\u0103 cu baterii standard 18650, oferindu-v\u0103 flexibilitate maxim\u0103. Indiferent unde merge\u021bi, cu \u00eenc\u0103rc\u0103torul de baterie inclus ve\u021bi fi gata din nou \u00een scurt timp &#8211; \u0219i v\u0103 pute\u021bi continua misiunea.<\/p>\n","protected":false},"excerpt":{"rendered":"<p>Performan\u021b\u0103 maxim\u0103 cu greutate minim\u0103 &#8211; Nocpix LUMI P13: P\u0103stra\u021bi \u00eentotdeauna ochii pe \u021binta dvs.<\/p>\n","protected":false},"featured_media":685223,"template":"","meta":{"_acf_changed":false},"product_brand":[14464],"product_cat":[16095,12766],"product_tag":[],"class_list":{"0":"post-685088","1":"product","2":"type-product","3":"status-publish","4":"has-post-thumbnail","6":"product_brand-nocpix","7":"product_cat-monoculars-ro","8":"product_cat-termic","10":"first","11":"instock","12":"taxable","13":"shipping-taxable","14":"purchasable","15":"product-type-simple"},"acf":[],"_links":{"self":[{"href":"https:\/\/nbg.eu\/ro\/wp-json\/wp\/v2\/product\/685088","targetHints":{"allow":["GET"]}}],"collection":[{"href":"https:\/\/nbg.eu\/ro\/wp-json\/wp\/v2\/product"}],"about":[{"href":"https:\/\/nbg.eu\/ro\/wp-json\/wp\/v2\/types\/product"}],"wp:featuredmedia":[{"embeddable":true,"href":"https:\/\/nbg.eu\/ro\/wp-json\/wp\/v2\/media\/685223"}],"wp:attachment":[{"href":"https:\/\/nbg.eu\/ro\/wp-json\/wp\/v2\/media?parent=685088"}],"wp:term":[{"taxonomy":"product_brand","embeddable":true,"href":"https:\/\/nbg.eu\/ro\/wp-json\/wp\/v2\/product_brand?post=685088"},{"taxonomy":"product_cat","embeddable":true,"href":"https:\/\/nbg.eu\/ro\/wp-json\/wp\/v2\/product_cat?post=685088"},{"taxonomy":"product_tag","embeddable":true,"href":"https:\/\/nbg.eu\/ro\/wp-json\/wp\/v2\/product_tag?post=685088"}],"curies":[{"name":"wp","href":"https:\/\/api.w.org\/{rel}","templated":true}]}}