{"id":685242,"date":"2026-01-08T18:13:20","date_gmt":"2026-01-08T15:13:20","guid":{"rendered":"https:\/\/nbg.eu\/product\/termovizor-monocular-nocpix-lumi-l35r-cu-telemetru-laser\/"},"modified":"2026-04-14T16:14:52","modified_gmt":"2026-04-14T13:14:52","slug":"termovizor-monocular-nocpix-lumi-l35r-cu-telemetru-laser","status":"publish","type":"product","link":"https:\/\/nbg.eu\/ro\/produs\/termovizor-monocular-nocpix-lumi-l35r-cu-telemetru-laser\/","title":{"rendered":"Nocpix Monocular Termic LUMI L35R LRF"},"content":{"rendered":"<h2>Monocular termic Nocpix LUMI L35R cu telemetru laser<\/h2>\n<p>Nocpix LUMI L35R este un monocular termic puternic \u0219i compact cu un telemetru laser integrat. Av\u00e2nd cel mai avansat senzor din clasa sa cu un NETD de \u226418mK, aceast\u0103 camer\u0103 termic\u0103 ofer\u0103 imagini de \u00eenalt\u0103 rezolu\u021bie chiar \u0219i \u00een condi\u021bii meteorologice extreme. Designul u\u0219or \u0219i ergonomic \u00eel face u\u0219or de utilizat, iar sistemul de baterie deta\u0219abil\u0103 cu baterii standard 18650 ofer\u0103 o durat\u0103 extins\u0103 de func\u021bionare.<\/p>\n<p>Telemetrul laser integrat permite o determinare precis\u0103 a distan\u021bei \u021bintei, iar algoritmii avansa\u021bi de procesare a imaginilor R+ AI \u00eembun\u0103t\u0103\u021besc detaliile imaginii \u0219i valorific\u0103 la maximum poten\u021bialul senzorului. Monocularul este rezistent la ap\u0103, praf \u0219i proiectat pentru utilizare confortabil\u0103 \u00een exterior, cu caracteristici precum stabilizarea electronic\u0103 a imaginii, palete de culori pentru vederea ochiului \u0219i butoane ultra-silen\u021bioase.<\/p>\n<p>Cu o raz\u0103 de senzor de p\u00e2n\u0103 la 1800m, Nocpix LUMI L35R este o solu\u021bie versatil\u0103 de imagistic\u0103 termic\u0103 pentru v\u00e2n\u0103toare, securitate \u0219i activit\u0103\u021bi \u00een aer liber. Sus\u021binut de o garan\u021bie de produc\u0103tor complet\u0103 de 3 ani, acest monocular termic ofer\u0103 performan\u021be \u0219i fiabilitate excep\u021bionale.<\/p>\n","protected":false},"excerpt":{"rendered":"<p>Monocular termal Nocpix LUMI L35R cu telemetru laser: senzor de \u00eenalt\u0103 rezolu\u021bie \u226418 mK NETD, compact \u0219i u\u0219or, baterie deta\u0219abil\u0103.<\/p>\n","protected":false},"featured_media":685307,"template":"","meta":{"_acf_changed":false},"product_brand":[14464],"product_cat":[16095,12766],"product_tag":[],"class_list":{"0":"post-685242","1":"product","2":"type-product","3":"status-publish","4":"has-post-thumbnail","6":"product_brand-nocpix","7":"product_cat-monoculars-ro","8":"product_cat-termic","10":"first","11":"instock","12":"taxable","13":"shipping-taxable","14":"purchasable","15":"product-type-simple"},"acf":[],"_links":{"self":[{"href":"https:\/\/nbg.eu\/ro\/wp-json\/wp\/v2\/product\/685242","targetHints":{"allow":["GET"]}}],"collection":[{"href":"https:\/\/nbg.eu\/ro\/wp-json\/wp\/v2\/product"}],"about":[{"href":"https:\/\/nbg.eu\/ro\/wp-json\/wp\/v2\/types\/product"}],"wp:featuredmedia":[{"embeddable":true,"href":"https:\/\/nbg.eu\/ro\/wp-json\/wp\/v2\/media\/685307"}],"wp:attachment":[{"href":"https:\/\/nbg.eu\/ro\/wp-json\/wp\/v2\/media?parent=685242"}],"wp:term":[{"taxonomy":"product_brand","embeddable":true,"href":"https:\/\/nbg.eu\/ro\/wp-json\/wp\/v2\/product_brand?post=685242"},{"taxonomy":"product_cat","embeddable":true,"href":"https:\/\/nbg.eu\/ro\/wp-json\/wp\/v2\/product_cat?post=685242"},{"taxonomy":"product_tag","embeddable":true,"href":"https:\/\/nbg.eu\/ro\/wp-json\/wp\/v2\/product_tag?post=685242"}],"curies":[{"name":"wp","href":"https:\/\/api.w.org\/{rel}","templated":true}]}}