{"id":685330,"date":"2025-12-17T17:50:25","date_gmt":"2025-12-17T14:50:25","guid":{"rendered":"https:\/\/nbg.eu\/product\/monocular-termic-nocpix-lumi-l19\/"},"modified":"2026-01-21T11:59:28","modified_gmt":"2026-01-21T08:59:28","slug":"monocular-termic-nocpix-lumi-l19","status":"publish","type":"product","link":"https:\/\/nbg.eu\/ro\/produs\/monocular-termic-nocpix-lumi-l19\/","title":{"rendered":"Monocular termic Nocpix LUMI L19"},"content":{"rendered":"<h2>Performan\u021b\u0103 maxim\u0103 cu greutate minim\u0103 \u2013 Nocpix LUMI L19: Observatorul t\u0103u pentru p\u0103duri \u0219i c\u00e2mpuri<\/h2>\n<p>Seria de monocular termic LUMI este proiectat\u0103 at\u00e2t pentru utilizare de zi, c\u00e2t \u0219i de noapte \u0219i v\u0103 ofer\u0103 o calitate excep\u021bional\u0103 a imaginii chiar \u0219i \u00een condi\u021bii meteorologice dificile, cum ar fi cea\u021b\u0103, smog sau ploaie. Chiar dac\u0103 obstacole precum ramuri, iarb\u0103 \u00eenalt\u0103 sau vegeta\u021bie deas\u0103 \u00eengreuneaz\u0103 vederea, datorit\u0103 acestei tehnologii pute\u021bi vedea \u00eentotdeauna clar ce se afl\u0103 \u00een fa\u021ba dumneavoastr\u0103. De asemenea, sunt at\u00e2t de compacte \u0219i u\u0219oare \u00eenc\u00e2t le pute\u021bi purta cu u\u0219urin\u021b\u0103 oriunde.<\/p>\n<p>Camerele termice LUMI sunt perfecte pentru o varietate de aplica\u021bii, cum ar fi v\u00e2n\u0103toarea, supravegherea, securitatea, orientarea \u00een teren sau opera\u021biunile de c\u0103utare \u0219i salvare.<\/p>\n<h2>Performan\u021b\u0103 imagistic\u0103 f\u0103r\u0103 egal pentru imagini extrem de clare<\/h2>\n<p>Seria LUMI stabile\u0219te noi standarde \u00een ceea ce prive\u0219te calitatea imaginii. Echipat\u0103 cu cele mai avansate algoritmi de imagine \u0219i un senzor termic puternic cu NETD &lt; 18 mK, camera produce imagini extrem de clare \u0219i realiste. Ecranul AMOLED cu o rezolu\u021bie de 1024 x 768 pixeli asigur\u0103 o afi\u0219are excep\u021bional\u0103 a imaginii, \u00een timp ce modul Ultra Clear optimizeaz\u0103 \u00een continuare claritatea imaginii, \u00een special \u00een condi\u021bii meteorologice dificile.<\/p>\n<h2>Experien\u021b\u0103 de vizualizare personalizat\u0103 \u2013 Personaliza\u021bi-v\u0103 dispozitivul perfect<\/h2>\n<p>Datorit\u0103 senzorului de dimensiuni medii de 384 x 288 px \u0219i a unei game variate de op\u021biuni de setare, pute\u021bi adapta dispozitivul exact la nevoile dumneavoastr\u0103. Alege\u021bi \u00eentre 5 moduri de culoare \u0219i optimiza\u021bi-v\u0103 vizualizarea cu 10 niveluri de luminozitate, claritate \u0219i contrast &#8211; astfel \u00eenc\u00e2t niciun detaliu s\u0103 nu treac\u0103 neobservat.<\/p>\n<h2>Experien\u021b\u0103 u\u0219oar\u0103 de partajare<\/h2>\n<p>Captarea momentelor speciale este esen\u021bial\u0103 pentru v\u00e2n\u0103torul modern. Cu Nocpix LUMI, pute\u021bi nu numai s\u0103 v\u0103 partaja\u021bi u\u0219or \u00eenregistr\u0103rile prin aplica\u021bie, ci \u0219i s\u0103 le reda\u021bi direct pe dispozitiv &#8211; perfect pentru a v\u0103 \u00eemp\u0103rt\u0103\u0219i instantaneu experien\u021bele cu al\u021bii.<\/p>\n<h2>Poate fi utilizat flexibil datorit\u0103 sistemului de baterie deta\u0219abil<\/h2>\n<p>Seria LUMI este echipat\u0103 cu baterii standard 18650, oferindu-v\u0103 o flexibilitate maxim\u0103. Oriunde a\u021bi merge, cu \u00eenc\u0103rc\u0103torul de baterie inclus ve\u021bi fi gata din nou \u00een scurt timp &#8211; \u0219i v\u0103 pute\u021bi continua misiunea.<\/p>\n","protected":false},"excerpt":{"rendered":"<p>Performan\u021b\u0103 maxim\u0103 cu greutate minim\u0103 \u2013 Nocpix LUMI L19: Observatorul t\u0103u pentru p\u0103duri \u0219i mla\u0219tini<\/p>\n<p>Dac\u0103 articolul nu este disponibil, v\u0103 rug\u0103m s\u0103 ne contacta\u021bi: shop@nbg.eu sau +359896147790<\/p>\n<p>\n","protected":false},"featured_media":685597,"template":"","meta":{"_acf_changed":false},"product_brand":[14464],"product_cat":[12766],"product_tag":[],"class_list":{"0":"post-685330","1":"product","2":"type-product","3":"status-publish","4":"has-post-thumbnail","6":"product_brand-nocpix","7":"product_cat-termic","9":"first","10":"outofstock","11":"taxable","12":"shipping-taxable","13":"purchasable","14":"product-type-simple"},"acf":[],"_links":{"self":[{"href":"https:\/\/nbg.eu\/ro\/wp-json\/wp\/v2\/product\/685330","targetHints":{"allow":["GET"]}}],"collection":[{"href":"https:\/\/nbg.eu\/ro\/wp-json\/wp\/v2\/product"}],"about":[{"href":"https:\/\/nbg.eu\/ro\/wp-json\/wp\/v2\/types\/product"}],"wp:featuredmedia":[{"embeddable":true,"href":"https:\/\/nbg.eu\/ro\/wp-json\/wp\/v2\/media\/685597"}],"wp:attachment":[{"href":"https:\/\/nbg.eu\/ro\/wp-json\/wp\/v2\/media?parent=685330"}],"wp:term":[{"taxonomy":"product_brand","embeddable":true,"href":"https:\/\/nbg.eu\/ro\/wp-json\/wp\/v2\/product_brand?post=685330"},{"taxonomy":"product_cat","embeddable":true,"href":"https:\/\/nbg.eu\/ro\/wp-json\/wp\/v2\/product_cat?post=685330"},{"taxonomy":"product_tag","embeddable":true,"href":"https:\/\/nbg.eu\/ro\/wp-json\/wp\/v2\/product_tag?post=685330"}],"curies":[{"name":"wp","href":"https:\/\/api.w.org\/{rel}","templated":true}]}}