{"id":685622,"date":"2025-12-17T17:47:09","date_gmt":"2025-12-17T14:47:09","guid":{"rendered":"https:\/\/nbg.eu\/product\/monocular-termic-lumi-h35r-cu-telemetru-laser\/"},"modified":"2026-01-21T11:58:52","modified_gmt":"2026-01-21T08:58:52","slug":"monocular-termic-lumi-h35r-cu-telemetru-laser","status":"publish","type":"product","link":"https:\/\/nbg.eu\/ro\/produs\/monocular-termic-lumi-h35r-cu-telemetru-laser\/","title":{"rendered":"Monocular termic LUMI H35R cu telemetru laser"},"content":{"rendered":"<h2>Monocular termic cu interval de senzor p\u00e2n\u0103 la 1800m, extrem de compact \u0219i u\u0219or!<\/h2>\n<p>Telemetru laser integrat.<\/p>\n<p>Senzor de \u00eenalt\u0103 rezolu\u021bie \u0219i deosebit de puternic: \u2264 18 mK NETD.<\/p>\n<p>Sistem de baterie deta\u0219abil\u0103 cu baterii 18650<\/p>\n<p>\u00cenregistrare video, rezistent la ap\u0103 \u0219i deosebit de silen\u021bios \u00een func\u021bionare.<\/p>\n<p>Garan\u021bie complet\u0103 de produc\u0103tor de 3 ani!<\/p>\n<h2>Mai multe caracteristici:<\/h2>\n<p>-Telemetru laser integrat pentru determinarea precis\u0103 a distan\u021bei \u021bintei<\/p>\n<p>-Calitate imaginii ridicate: Chiar \u0219i \u00een condi\u021bii meteo extreme, calitatea imaginii r\u0103m\u00e2ne stabil\u0103.<\/p>\n<p>-Senzor proiectat special pentru v\u00e2n\u0103toare: Asigur\u0103 o func\u021bionare stabil\u0103 cu un NETD \u2264 18mK pentru o calitate superioar\u0103 a imaginii.<\/p>\n<p>-Obiectiv F0.9: Transmisie cu 20% mai mare de lumin\u0103 \u00een compara\u021bie cu obiectivul F1.0 pentru imagini mai str\u0103lucitoare \u0219i mai clare.<\/p>\n<p>-Optimizare a imaginii Reality+: Algoritmi avansa\u021bi \u00eembun\u0103t\u0103\u021besc calitatea imaginii \u0219i elimin\u0103 zgomotul imagine.<\/p>\n<p>-Stabilizare electronic\u0103 a imaginii: Pentru video-uri u\u0219oare \u0219i stabile.<\/p>\n<p>-Palete de culori pentru odihn\u0103 ochilor: Palete speciale ro\u0219ii \u0219i verzi reduc oboseala ochilor \u00een timpul utiliz\u0103rii prelungite.<\/p>\n<p>-Baterie 18650 deta\u0219abil\u0103: Cu polaritate invers\u0103 pentru \u00eenlocuire u\u0219oar\u0103, ideal\u0103 noaptea.<\/p>\n<p>-Butoane ultra-silen\u021bioase: Func\u021bionare silen\u021bioas\u0103 care nu deranjeaz\u0103 animalele s\u0103lbatice.<\/p>\n<p>-Design compact: Dispozitivul este mai mic dec\u00e2t un telefon mobil \u0219i u\u0219or de transportat.<\/p>\n<p>-Clas\u0103 de protec\u021bie IP67: Rezistent la praf \u0219i la ap\u0103 pentru utilizare \u00een medii extreme.<\/p>\n<p>-Design ergonomic: Dezvoltat special pentru utilizare \u00een exterior, confortabil \u0219i u\u0219or de utilizat.<\/p>\n<p>-U\u0219or: Dispozitivul c\u00e2nt\u0103re\u0219te mai pu\u021bin de 345g.<\/p>\n<p>-Pupil\u0103 de ie\u0219ire de 10 mm: Ofer\u0103 vizibilitate optim\u0103 \u0219i un unghi de vizualizare confortabil.<\/p>\n<p>-Fiabil noaptea: Datorit\u0103 func\u021bion\u0103rii silen\u021bioase \u0219i u\u0219oare, poate fi utilizat \u00een mod optim chiar \u0219i \u00een medii \u00eentunecate.<\/p>\n<p>-Baterie deta\u0219abil\u0103: Permite o durat\u0103 de func\u021bionare mai lung\u0103 prin \u00eenlocuirea bateriilor.<\/p>\n<p>-Deschidere mare: Cre\u0219te captarea luminii \u0219i str\u0103lucirea imaginii \u00een condi\u021bii de iluminare dificile.<\/p>\n<p>-Microfon \u00eencorporat: Permite \u00eenregistrarea audio.<\/p>\n<p>-Memorie de 32GB: Pentru fotografii, videoclipuri \u0219i \u00eenregistr\u0103ri audio.<\/p>\n<p>-U\u0219or de utilizat: Ideal pentru utilizatorii care prefer\u0103 un dispozitiv compact \u0219i u\u0219or.<\/p>\n<p>-Algoritmi de imagine AI R+: \u00cembun\u0103t\u0103\u021besc detaliile imaginii \u0219i utilizeaz\u0103 la maximum poten\u021bialul senzorului.<\/p>\n","protected":false},"excerpt":{"rendered":"<p>Cel mai avansat senzor din clasa sa (&lt;18mK NETD). Telemetru laser integrat. Deosebit de u\u0219or de utilizat: carcas\u0103 u\u0219oar\u0103 \u0219i compact\u0103. Sistem de baterii \u00eenlocuibile cu baterii standard 18650.<\/p>\n<p>Dac\u0103 produsul nu este disponibil, v\u0103 rug\u0103m s\u0103 ne contacta\u021bi: shop@nbg.eu sau +359896147790<\/p>\n","protected":false},"featured_media":685650,"template":"","meta":{"_acf_changed":false},"product_brand":[14464],"product_cat":[12766],"product_tag":[],"class_list":{"0":"post-685622","1":"product","2":"type-product","3":"status-publish","4":"has-post-thumbnail","6":"product_brand-nocpix","7":"product_cat-termic","9":"first","10":"instock","11":"taxable","12":"shipping-taxable","13":"purchasable","14":"product-type-simple"},"acf":[],"_links":{"self":[{"href":"https:\/\/nbg.eu\/ro\/wp-json\/wp\/v2\/product\/685622","targetHints":{"allow":["GET"]}}],"collection":[{"href":"https:\/\/nbg.eu\/ro\/wp-json\/wp\/v2\/product"}],"about":[{"href":"https:\/\/nbg.eu\/ro\/wp-json\/wp\/v2\/types\/product"}],"wp:featuredmedia":[{"embeddable":true,"href":"https:\/\/nbg.eu\/ro\/wp-json\/wp\/v2\/media\/685650"}],"wp:attachment":[{"href":"https:\/\/nbg.eu\/ro\/wp-json\/wp\/v2\/media?parent=685622"}],"wp:term":[{"taxonomy":"product_brand","embeddable":true,"href":"https:\/\/nbg.eu\/ro\/wp-json\/wp\/v2\/product_brand?post=685622"},{"taxonomy":"product_cat","embeddable":true,"href":"https:\/\/nbg.eu\/ro\/wp-json\/wp\/v2\/product_cat?post=685622"},{"taxonomy":"product_tag","embeddable":true,"href":"https:\/\/nbg.eu\/ro\/wp-json\/wp\/v2\/product_tag?post=685622"}],"curies":[{"name":"wp","href":"https:\/\/api.w.org\/{rel}","templated":true}]}}