{"id":685792,"date":"2025-12-18T16:23:59","date_gmt":"2025-12-18T13:23:59","guid":{"rendered":"https:\/\/nbg.eu\/product\/binoclu-termic-nocpix-quest-h35r-lrf-640x512-netd-15mk\/"},"modified":"2026-01-21T12:22:39","modified_gmt":"2026-01-21T09:22:39","slug":"binoclu-termic-nocpix-quest-h35r-lrf-640x512-netd-15mk","status":"publish","type":"product","link":"https:\/\/nbg.eu\/ro\/produs\/binoclu-termic-nocpix-quest-h35r-lrf-640x512-netd-15mk\/","title":{"rendered":"Binoclu termic Nocpix Quest H35R LRF 640&#215;512 NETD &lt;15mK"},"content":{"rendered":"<h2>Nocpix QUEST H35R LRF 640&#215;512 Thermal Binocular<\/h2>\n<p>QUEST este u\u0219or \u0219i portabil, oferind o raz\u0103 de detectare de p\u00e2n\u0103 la 2600m \u0219i un LRF \u00eencorporat cu o raz\u0103 de 1000m pentru o precizie \u0219i vizibilitate superioar\u0103. Designul s\u0103u clasic de binoclu prezint\u0103 o carcas\u0103 integral\u0103 din cauciuc \u0219i o clasificare IP67 pentru durabilitate \u0219i confort \u00een condi\u021bii dificile. Echipat cu un senzor de \u00eenalt\u0103 performan\u021b\u0103 de 640&#215;512 (NETD \u226415mK, 60Hz), QUEST ofer\u0103 claritate excep\u021bional\u0103 a imaginii, sensibilitate termic\u0103 superioar\u0103 \u0219i func\u021bionare f\u0103r\u0103 probleme \u00een medii provocatoare.<\/p>\n<h2>Experien\u021b\u0103 vizual\u0103 excelent\u0103<\/h2>\n<p>Nocpix QUEST prezint\u0103 o \u00eembun\u0103t\u0103\u021bire a imaginii R+ pentru o claritate \u0219i precizie superioar\u0103, combinat\u0103 cu un afi\u0219aj AMOLED de 1920&#215;1200 pentru o experien\u021b\u0103 de vizionare imersiv\u0103 \u0219i prietenoas\u0103 pentru ochi.<\/p>\n<h2>Senzor superior asigur\u0103 excelen\u021ba<\/h2>\n<p>Nocpix QUEST este echipat cu un senzor de \u00eenalt\u0103 performan\u021b\u0103 (640&#215;512@12\u00b5m) care ofer\u0103 o claritate excep\u021bional\u0103 a imaginii. Cu NETD \u226415mK \u0219i o rat\u0103 de cadre de 60Hz, acesta ofer\u0103 o sensibilitate termic\u0103 superioar\u0103, furniz\u00e2nd imagini clare \u0219i vizuale chiar \u0219i \u00een cele mai provocatoare medii.<\/p>\n<h2>Capabilit\u0103\u021bi puternice de detectare<\/h2>\n<p>Nocpix QUEST prezint\u0103 o raz\u0103 de detectare de p\u00e2n\u0103 la 2600 m \u0219i un LRF ascuns \u00eencorporat cu o raz\u0103 de p\u00e2n\u0103 la 1000 m, permi\u021bindu-v\u0103 s\u0103 vede\u021bi mai departe \u0219i mai precis ca niciodat\u0103. De asemenea, accept\u0103 calcula\u021bii balistice, furniz\u00e2nd sprijin de date pentru v\u00e2n\u0103toarea cooperativ\u0103.<\/p>\n<h2>Operare cu o singur\u0103 m\u00e2n\u0103<\/h2>\n<p>Nocpix QUEST ofer\u0103 o m\u00e2nuire ergonomic\u0103, antialunecare cu un layout simplu de 4 butoane \u0219i roti\u021be de derulare central amplasate pentru o operare u\u0219oar\u0103 cu o singur\u0103 m\u00e2n\u0103 \u0219i o prindere sigur\u0103 \u00een toate condi\u021biile.<\/p>\n<h2>U\u0219or \u0219i portabil<\/h2>\n<p>QUEST c\u00e2nt\u0103re\u0219te doar 700g \u0219i include o geant\u0103 de transport personalizat\u0103, oferind portabilitate \u0219i confort u\u0219oare pentru activit\u0103\u021bi \u00een aer liber, cum ar fi v\u00e2n\u0103toarea \u0219i explorarea.<\/p>\n<h2>Elimina\u021bi anxietatea legat\u0103 de alimentare<\/h2>\n<p>Seria QUEST prezint\u0103 un design cu dou\u0103 baterii cu o baterie \u00eencorporat\u0103 \u0219i \u00eenlocuibil\u0103 de 18650, asigur\u00e2nd \u00eenlocuirea f\u0103r\u0103 probleme \u0219i utilizare continu\u0103 \u00een timpul aventurii.<\/p>\n<h2>Cea mai bun\u0103 experien\u021b\u0103 de binoclu<\/h2>\n<p>QUEST prezint\u0103 un design clasic de binoclu cu un \u00eenveli\u0219 complet din cauciuc rafinat \u0219i o clasificare IP67 pentru rezisten\u021b\u0103 la ap\u0103 \u0219i praf, asigur\u00e2nd at\u00e2t durabilitate, c\u00e2t \u0219i confort general.<\/p>\n","protected":false},"excerpt":{"rendered":"<p>Binoclu termic u\u0219or \u0219i portabil cu raz\u0103 de detec\u021bie de 2600 m, LRF de 1000 m \u0219i claritate excep\u021bional\u0103 a imaginii.<\/p>\n","protected":false},"featured_media":686422,"template":"","meta":{"_acf_changed":false},"product_brand":[14464],"product_cat":[14693,12766],"product_tag":[],"class_list":{"0":"post-685792","1":"product","2":"type-product","3":"status-publish","4":"has-post-thumbnail","6":"product_brand-nocpix","7":"product_cat-binoclu","8":"product_cat-termic","10":"first","11":"instock","12":"taxable","13":"shipping-taxable","14":"purchasable","15":"product-type-simple"},"acf":[],"_links":{"self":[{"href":"https:\/\/nbg.eu\/ro\/wp-json\/wp\/v2\/product\/685792","targetHints":{"allow":["GET"]}}],"collection":[{"href":"https:\/\/nbg.eu\/ro\/wp-json\/wp\/v2\/product"}],"about":[{"href":"https:\/\/nbg.eu\/ro\/wp-json\/wp\/v2\/types\/product"}],"wp:featuredmedia":[{"embeddable":true,"href":"https:\/\/nbg.eu\/ro\/wp-json\/wp\/v2\/media\/686422"}],"wp:attachment":[{"href":"https:\/\/nbg.eu\/ro\/wp-json\/wp\/v2\/media?parent=685792"}],"wp:term":[{"taxonomy":"product_brand","embeddable":true,"href":"https:\/\/nbg.eu\/ro\/wp-json\/wp\/v2\/product_brand?post=685792"},{"taxonomy":"product_cat","embeddable":true,"href":"https:\/\/nbg.eu\/ro\/wp-json\/wp\/v2\/product_cat?post=685792"},{"taxonomy":"product_tag","embeddable":true,"href":"https:\/\/nbg.eu\/ro\/wp-json\/wp\/v2\/product_tag?post=685792"}],"curies":[{"name":"wp","href":"https:\/\/api.w.org\/{rel}","templated":true}]}}