{"id":686432,"date":"2026-01-08T18:14:39","date_gmt":"2026-01-08T15:14:39","guid":{"rendered":"https:\/\/nbg.eu\/product\/suporturi-termice-nocpix-mate-ultra-s60r\/"},"modified":"2026-04-14T16:14:22","modified_gmt":"2026-04-14T13:14:22","slug":"suporturi-termice-nocpix-mate-ultra-s60r","status":"publish","type":"product","link":"https:\/\/nbg.eu\/ro\/produs\/suporturi-termice-nocpix-mate-ultra-s60r\/","title":{"rendered":"Nocpix Adaptor Termic Mate Ultra S60R"},"content":{"rendered":"<h2>Transforma\u021bi-v\u0103 ziua \u00eentr-un dispozitiv termic modern de ochire cu singura montur\u0103 termic\u0103 Nocpix MATE Ultra S60R 1280&#215;1024 &#8211; cea mai bun\u0103 montur\u0103 termic\u0103 frontal\u0103 proiectat\u0103 pentru v\u00e2n\u0103tori profesioni\u0219ti, observatori de faun\u0103 \u0219i tr\u0103g\u0103tori care cer precizie.<\/h2>\n<p>Construit cu tehnologie de ultim\u0103 genera\u021bie de imagistic\u0103, Nocpix MATE Ultra S60R ofer\u0103 claritate f\u0103r\u0103 egal, detectare la distan\u021b\u0103 lung\u0103 \u0219i caracteristici de v\u00e2rf pentru performan\u021b\u0103 superioar\u0103 \u00een orice mediu.<\/p>\n<h2>Calitate excep\u021bional\u0103 a imaginii \u0219i raz\u0103 de detectare<\/h2>\n<p>\u00cen centrul Nocpix MATE Ultra S60R se afl\u0103 un senzor termic HD 1280\u00d71024 Gen-2 cu o distan\u021b\u0103 \u00eentre pixeli ultrafin\u0103 de 12 \u03bcm \u0219i o sensibilitate NETD \u226415mK, asigur\u00e2nd detectarea celor mai mici diferen\u021be termice. Lentila mare de 60 mm F1.0 capteaz\u0103 mai mult\u0103 energie termic\u0103 pentru imagini cristaline \u0219i raz\u0103 extins\u0103, oferind distan\u021be de detectare de p\u00e2n\u0103 la 3100 m. Fie c\u0103 urm\u0103ri\u021bi cerbi la r\u0103s\u0103rit sau scruta\u021bi c\u00e2mpuri largi noaptea, S60R se asigur\u0103 c\u0103 niciun detaliu nu r\u0103m\u00e2ne neobservat.<\/p>\n<h2>Procesare avansat\u0103 a imaginii cu Reality+ AI<\/h2>\n<p>Echipat cu algoritmi duali de procesare a imaginilor &#8211; un procesor de imagine puternic combinat cu tehnologia inteligent\u0103 Reality+ &#8211; MATE Ultra S60R se adapteaz\u0103 automat la m\u0103rirea ocularului. Acest lucru asigur\u0103 imagini clare, zoom precis \u0219i stabilitate constant\u0103 a imaginii, chiar \u0219i \u00een cea\u021b\u0103, burni\u021b\u0103 sau condi\u021bii dificile de lumin\u0103 sc\u0103zut\u0103.<\/p>\n<p>Magic Zoom (f\u0103r\u0103 LITE) &#8211; Ajustare automat\u0103 a imaginii \u0219i interfe\u021bei \u00een timp real pentru o tranzi\u021bie lin\u0103 la zoom.<\/p>\n<p>7 paleta diferite de culori &#8211; Alege\u021bi cea mai bun\u0103 vedere termic\u0103 pentru orice scenariu.<\/p>\n<p>Afi\u0219aj AMOLED 1920\u00d71080 &#8211; Imagini extrem de clare cu contrast intens.<\/p>\n<h2>Proiectat pentru precizie \u0219i v\u00e2n\u0103toare etic\u0103<\/h2>\n<p>Cu un telemetru laser \u00eencorporat (p\u00e2n\u0103 la 1200 m) \u0219i un calculator balistic integrat, S60R v\u0103 ajut\u0103 s\u0103 lua\u021bi decizii de tragere informate \u0219i etice. Modul Picture-in-Picture (PIP) \u00eembun\u0103t\u0103\u021be\u0219te precizia viz\u0103rii, iar video-ul activat de recul (RAV) asigur\u0103 captarea fiec\u0103rui moment critic.<\/p>\n<p>\u00cenregistra\u021bi fotografii, videoclipuri \u0219i audio cu 64 GB de memorie<\/p>\n<p>Conectivitate Wi-Fi \u0219i la distan\u021b\u0103 cu N-Link<\/p>\n<p>Tehnologie f\u0103r\u0103 obturator pentru o func\u021bionare lini\u0219tit\u0103 \u0219i fiabil\u0103<\/p>\n<h2>Robust, practic \u0219i fiabil<\/h2>\n<p>Proiectat pentru teren, MATE Ultra S60R este at\u00e2t robust, c\u00e2t \u0219i u\u0219or de utilizat. Prezint\u0103 un ocular mare de 60 mm cu o distorsiune &lt;1%, men\u021bin\u00e2nd un punct de impact stabil \u0219i o aliniere consecvent\u0103 p\u00e2n\u0103 la o m\u0103rire de 16x. Alimentat de baterii \u00eenlocuibile 18650 (4 incluse pentru ULTRA), ofer\u0103 fiabilitate pe termen lung pentru sesiuni outdoor extinse.<\/p>\n<h2>Specifica\u021bii cheie<\/h2>\n<p>&#8211; Senzor Sub 15mk 1280\u00d71024 60Hz Gen-2 (Ultra)<\/p>\n<p>&#8211; Obiectiv F1.0 &#8211; captur\u0103 superioar\u0103 de lumin\u0103<\/p>\n<p>&#8211; Raz\u0103 de detectare p\u00e2n\u0103 la 3100 m<\/p>\n<p>&#8211; LRF integrat 1200 m (f\u0103r\u0103 LITE)<\/p>\n<p>&#8211; Procesare a imaginii Reality+ cu inteligen\u021b\u0103 artificial\u0103<\/p>\n<p>&#8211; Asisten\u021b\u0103 de calcul a balisticii<\/p>\n<p>&#8211; \u00cenregistrare foto\/video\/audio, memorie 64 GB<\/p>\n<p>&#8211; Video activat de recul (RAV)<\/p>\n<p>&#8211; Afi\u0219aj AMOLED cu rezolu\u021bie 1920\u00d71080<\/p>\n<p>&#8211; 7 palete de culori<\/p>\n<p>&#8211; Compatibilitate Wi-Fi\/N-Link pentru control la distan\u021b\u0103<\/p>\n<p>&#8211; Baterii 18650 \u00eenlocuibile<\/p>\n<h2>De ce s\u0103 alege\u021bi Nocpix MATE Ultra S60R?<\/h2>\n<p>Dac\u0103 c\u0103uta\u021bi cea mai bun\u0103 montur\u0103 de imagistic\u0103 termic\u0103 pentru luneta dvs. de ochire, MATE Ultra S60R ofer\u0103 combina\u021bia perfect\u0103 de detectare la distan\u021b\u0103 lung\u0103, tehnologie de imagistic\u0103 AI de ultim\u0103 genera\u021bie \u0219i fiabilitate \u00een teren. Fie c\u0103 este utilizat pentru v\u00e2n\u0103toare, observarea faunei sau aplica\u021bii tactice, redefine\u0219te ceea ce poate realiza o montur\u0103 de imagistic\u0103 termic\u0103.<\/p>\n","protected":false},"excerpt":{"rendered":"<p>Transform\u0103-\u021bi luneta de zi \u00eentr-o luneta termic\u0103 modern\u0103 cu singura montura termic\u0103 Nocpix MATE Ultra S60R 1280&#215;1024 &#8211; cea mai bun\u0103 montura termic\u0103 frontal\u0103 conceput\u0103 pentru v\u00e2n\u0103tori profesioni\u0219ti, observatori ai vie\u021bii s\u0103lbatice \u0219i tr\u0103g\u0103tori care cer precizie.<\/p>\n<p>Dac\u0103 articolul nu este disponibil, v\u0103 rug\u0103m s\u0103 ne contacta\u021bi: shop@nbg.eu sau +359896147790<\/p>\n","protected":false},"featured_media":686532,"template":"","meta":{"_acf_changed":false},"product_brand":[14464],"product_cat":[12766,16096],"product_tag":[],"class_list":{"0":"post-686432","1":"product","2":"type-product","3":"status-publish","4":"has-post-thumbnail","6":"product_brand-nocpix","7":"product_cat-termic","8":"product_cat-thermal-cameras-ro","10":"first","11":"instock","12":"taxable","13":"shipping-taxable","14":"purchasable","15":"product-type-simple"},"acf":[],"_links":{"self":[{"href":"https:\/\/nbg.eu\/ro\/wp-json\/wp\/v2\/product\/686432","targetHints":{"allow":["GET"]}}],"collection":[{"href":"https:\/\/nbg.eu\/ro\/wp-json\/wp\/v2\/product"}],"about":[{"href":"https:\/\/nbg.eu\/ro\/wp-json\/wp\/v2\/types\/product"}],"wp:featuredmedia":[{"embeddable":true,"href":"https:\/\/nbg.eu\/ro\/wp-json\/wp\/v2\/media\/686532"}],"wp:attachment":[{"href":"https:\/\/nbg.eu\/ro\/wp-json\/wp\/v2\/media?parent=686432"}],"wp:term":[{"taxonomy":"product_brand","embeddable":true,"href":"https:\/\/nbg.eu\/ro\/wp-json\/wp\/v2\/product_brand?post=686432"},{"taxonomy":"product_cat","embeddable":true,"href":"https:\/\/nbg.eu\/ro\/wp-json\/wp\/v2\/product_cat?post=686432"},{"taxonomy":"product_tag","embeddable":true,"href":"https:\/\/nbg.eu\/ro\/wp-json\/wp\/v2\/product_tag?post=686432"}],"curies":[{"name":"wp","href":"https:\/\/api.w.org\/{rel}","templated":true}]}}